{"id":37550,"date":"2025-04-23T18:11:42","date_gmt":"2025-04-23T23:11:42","guid":{"rendered":"https:\/\/dge.qroo.gob.mx\/?page_id=37550"},"modified":"2025-08-11T12:15:37","modified_gmt":"2025-08-11T17:15:37","slug":"informe-de-solicitudes-de-informacion-2025","status":"publish","type":"page","link":"https:\/\/dge.qroo.gob.mx\/index.php\/informe-de-solicitudes-de-informacion-2025\/","title":{"rendered":"INFORME DE SOLICITUDES DE INFORMACI\u00d3N 2025"},"content":{"rendered":"\t\t<div data-elementor-type=\"wp-page\" data-elementor-id=\"37550\" class=\"elementor elementor-37550\">\n\t\t\t\t<div class=\"elementor-element elementor-element-6e6d419 e-flex e-con-boxed e-con e-parent\" data-id=\"6e6d419\" data-element_type=\"container\" data-e-type=\"container\">\n\t\t\t\t\t<div class=\"e-con-inner\">\n\t\t\t\t<div class=\"elementor-element elementor-element-c487dec elementor-widget elementor-widget-heading\" data-id=\"c487dec\" data-element_type=\"widget\" data-e-type=\"widget\" data-widget_type=\"heading.default\">\n\t\t\t\t<div class=\"elementor-widget-container\">\n\t\t\t\t\t<h2 class=\"elementor-heading-title elementor-size-default\">INFORME DE SOLICITUDES DE INFORMACI\u00d3N 2025<\/h2>\t\t\t\t<\/div>\n\t\t\t\t<\/div>\n\t\t\t\t\t<\/div>\n\t\t\t\t<\/div>\n\t\t<div class=\"elementor-element elementor-element-939a9d5 e-flex e-con-boxed e-con e-parent\" data-id=\"939a9d5\" data-element_type=\"container\" data-e-type=\"container\">\n\t\t\t\t\t<div class=\"e-con-inner\">\n\t\t\t\t<div class=\"elementor-element elementor-element-c391d70 elementor-widget elementor-widget-spacer\" data-id=\"c391d70\" data-element_type=\"widget\" data-e-type=\"widget\" data-widget_type=\"spacer.default\">\n\t\t\t\t<div class=\"elementor-widget-container\">\n\t\t\t\t\t\t\t<div class=\"elementor-spacer\">\n\t\t\t<div class=\"elementor-spacer-inner\"><\/div>\n\t\t<\/div>\n\t\t\t\t\t\t<\/div>\n\t\t\t\t<\/div>\n\t\t\t\t<div class=\"elementor-element elementor-element-1760d77 elementor-widget elementor-widget-text-editor\" data-id=\"1760d77\" data-element_type=\"widget\" data-e-type=\"widget\" data-widget_type=\"text-editor.default\">\n\t\t\t\t<div class=\"elementor-widget-container\">\n\t\t\t\t\t\t\t\t\t<h5><u>FRACCION XXIX EN LA PLATAFORMA NACIONAL DE TRANSPARENCIA (PNT)<\/u><\/h5>\t\t\t\t\t\t\t\t<\/div>\n\t\t\t\t<\/div>\n\t\t\t\t\t<\/div>\n\t\t\t\t<\/div>\n\t\t<div class=\"elementor-element elementor-element-4516eac e-flex e-con-boxed e-con e-parent\" data-id=\"4516eac\" data-element_type=\"container\" data-e-type=\"container\">\n\t\t\t\t\t<div class=\"e-con-inner\">\n\t\t\t\t<div class=\"elementor-element elementor-element-e04d3bc elementor-widget elementor-widget-text-editor\" data-id=\"e04d3bc\" data-element_type=\"widget\" data-e-type=\"widget\" data-widget_type=\"text-editor.default\">\n\t\t\t\t<div class=\"elementor-widget-container\">\n\t\t\t\t\t\t\t\t\t<p>Los sujetos obligados deber\u00e1n publicar una relaci\u00f3n de todos y cada uno de los informes que, de acuerdo con su naturaleza y la normatividad vigente que les resulte aplicable, se encuentren obligados a rendir ante cualquier otro sujeto obligado; asimismo, se deber\u00e1 vincular al documento del informe que corresponda.<\/p><p>La informaci\u00f3n publicada no deber\u00e1 estar relacionada con informes program\u00e1ticos presupuestales y financieros, tampoco deber\u00e1 relacionarse con la informaci\u00f3n sobre procedimientos de adjudicaci\u00f3n directa, invitaci\u00f3n restringida y licitaci\u00f3n de cualquier naturaleza.<\/p><p><strong><u>INFORMES 2025<\/u><\/strong><\/p><p><strong>INFORMES MENSUALES<\/strong><\/p><div><ul><li><strong>Enero<\/strong><\/li><\/ul><\/div><ol><li><a href=\"https:\/\/drive.google.com\/file\/d\/1W7gjDTdUys2FAexdO7CmOEECFqJgJq4f\/view?usp=sharing\" target=\"_blank\" rel=\"noopener noreferrer\">Informe de Solicitud de Informaci\u00f3n<\/a><a href=\"https:\/\/drive.google.com\/file\/d\/1fQCjmaJu7USGPwPEwrFtpVLWRvQ9sdp8\/view\" target=\"_blank\" rel=\"noopener noreferrer\">\u00a0<\/a><\/li><li><a href=\"https:\/\/drive.google.com\/file\/d\/1DZXuxsRm58rms-Ie0FHa51joOW-fv5F1\/view?usp=sharing\" target=\"_blank\" rel=\"noopener noreferrer\">Informe de Solicitudes de Derechos ARCO<\/a><\/li><\/ol><div><ul><li><strong>Febrero<\/strong><\/li><\/ul><\/div><ol><li><a href=\"https:\/\/drive.google.com\/file\/d\/1vcTr7nHMZZ2HeKogGHgPaRe3nn8EA2RG\/view?usp=sharing\" target=\"_blank\" rel=\"noopener noreferrer\">Informe de Solicitud de Informaci\u00f3n<\/a><a href=\"https:\/\/drive.google.com\/file\/d\/1d4JWBvcJtcGU_g7w9mCQit165Sc6hSPz\/view\" target=\"_blank\" rel=\"noopener noreferrer\">\u00a0<\/a><\/li><li><a href=\"https:\/\/drive.google.com\/file\/d\/1tcEm4i2MARy-NgiSLzpc8WJiE44jhBK0\/view?usp=sharing\" target=\"_blank\" rel=\"noopener noreferrer\">Informe de Solicitudes de Derechos ARCO<\/a><\/li><\/ol><div><ul><li><strong>Marzo<\/strong><\/li><\/ul><\/div><ol><li><a href=\"https:\/\/drive.google.com\/file\/d\/1gdbJPjO8SeDJAZ3m7bIwzzUdSPx4b2No\/view?usp=sharing\" target=\"_blank\" rel=\"noopener noreferrer\">Informe de Solicitud de Informaci\u00f3n<\/a><a href=\"https:\/\/drive.google.com\/file\/d\/1yROwjl4VzX5Xsw7uD2JDlbcihFx9qiVt\/view\" target=\"_blank\" rel=\"noopener noreferrer\">\u00a0<\/a><\/li><li><a href=\"https:\/\/drive.google.com\/file\/d\/1lkD-7gX0G_wwZhZq1-y2xSCbNiN8Mj4V\/view?usp=sharing\" target=\"_blank\" rel=\"noopener noreferrer\">Informe de Solicitudes de Derechos ARCO<\/a><\/li><\/ol><div><ul><li><strong>Abril<\/strong><\/li><\/ul><\/div><ol><li><a href=\"https:\/\/drive.google.com\/file\/d\/1J-b8Gmrv5c_N4MHpuaMh-BjTzJGmGdS3\/view?usp=drive_link\" target=\"_blank\" rel=\"noopener noreferrer\">Informe de Solicitud de Informaci\u00f3n<\/a><a href=\"https:\/\/drive.google.com\/file\/d\/1yROwjl4VzX5Xsw7uD2JDlbcihFx9qiVt\/view\" target=\"_blank\" rel=\"noopener noreferrer\">\u00a0<\/a><\/li><li><a href=\"https:\/\/drive.google.com\/file\/d\/1X3_7JkWqCAawwWJOxuK9z-gDZ8kDFP8H\/view?usp=drive_link\" target=\"_blank\" rel=\"noopener noreferrer\">Informe de Solicitudes de Derechos ARCO<\/a><\/li><\/ol><div><ul><li><strong>Mayo<\/strong><\/li><\/ul><\/div><ol><li><a href=\"https:\/\/drive.google.com\/file\/d\/1qYqUCElXmnBfXRPpkiV_lQ66UouVRVPV\/view?usp=drive_link\" target=\"_blank\" rel=\"noopener noreferrer\">Informe de Solicitud de Informaci\u00f3n<\/a><a href=\"https:\/\/drive.google.com\/file\/d\/1yROwjl4VzX5Xsw7uD2JDlbcihFx9qiVt\/view\" target=\"_blank\" rel=\"noopener noreferrer\">\u00a0<\/a><\/li><li><a href=\"https:\/\/drive.google.com\/file\/d\/1jqBQIBpvTnRLPhZJwllKEGIrL4RTIjuM\/view?usp=drive_link\" target=\"_blank\" rel=\"noopener noreferrer\">Informe de Solicitudes de Derechos ARCO<\/a><\/li><\/ol><div><ul><li><strong>Junio<\/strong><\/li><\/ul><\/div><ol><li><a href=\"https:\/\/drive.google.com\/file\/d\/1nO79Sy5kp9RIkFMz7VmANaEIMu2vHCgz\/view?usp=drive_link\" target=\"_blank\" rel=\"noopener noreferrer\">Informe de Solicitud de Informaci\u00f3n<\/a><a href=\"https:\/\/drive.google.com\/file\/d\/1yROwjl4VzX5Xsw7uD2JDlbcihFx9qiVt\/view\" target=\"_blank\" rel=\"noopener noreferrer\">\u00a0<\/a><\/li><li><a href=\"https:\/\/drive.google.com\/file\/d\/1dTx6QlzgIs_ZIXtC07WpeiQIlt536Vju\/view?usp=drive_link\" target=\"_blank\" rel=\"noopener noreferrer\">Informe de Solicitudes de Derechos ARCO<\/a><\/li><\/ol><div>\u00a0<\/div>\t\t\t\t\t\t\t\t<\/div>\n\t\t\t\t<\/div>\n\t\t\t\t\t<\/div>\n\t\t\t\t<\/div>\n\t\t\t\t<\/div>\n\t\t","protected":false},"excerpt":{"rendered":"<p>INFORME DE SOLICITUDES DE INFORMACI\u00d3N 2025 FRACCION XXIX EN LA PLATAFORMA NACIONAL DE TRANSPARENCIA (PNT) Los sujetos obligados deber\u00e1n publicar una relaci\u00f3n de todos y cada uno de los informes que, de acuerdo con su naturaleza y la normatividad vigente que les resulte aplicable, se encuentren obligados a rendir ante cualquier otro sujeto obligado; asimismo, &#8230; <a title=\"INFORME DE SOLICITUDES DE INFORMACI\u00d3N 2025\" class=\"read-more\" href=\"https:\/\/dge.qroo.gob.mx\/index.php\/informe-de-solicitudes-de-informacion-2025\/\" aria-label=\"Leer m\u00e1s sobre INFORME DE SOLICITUDES DE INFORMACI\u00d3N 2025\">Leer m\u00e1s<\/a><\/p>\n","protected":false},"author":4,"featured_media":0,"parent":0,"menu_order":0,"comment_status":"closed","ping_status":"closed","template":"","meta":{"footnotes":""},"class_list":["post-37550","page","type-page","status-publish"],"yoast_head":"<!-- This site is optimized with the Yoast SEO plugin v27.4 - https:\/\/yoast.com\/product\/yoast-seo-wordpress\/ -->\n<title>INFORME DE SOLICITUDES DE INFORMACI\u00d3N 2025 - Despacho de la Gubernatura de Quintana Roo<\/title>\n<meta name=\"robots\" content=\"index, follow, max-snippet:-1, max-image-preview:large, max-video-preview:-1\" \/>\n<link rel=\"canonical\" href=\"https:\/\/dge.qroo.gob.mx\/index.php\/informe-de-solicitudes-de-informacion-2025\/\" \/>\n<meta property=\"og:locale\" content=\"es_MX\" \/>\n<meta property=\"og:type\" content=\"article\" \/>\n<meta property=\"og:title\" content=\"INFORME DE SOLICITUDES DE INFORMACI\u00d3N 2025 - Despacho de la Gubernatura de Quintana Roo\" \/>\n<meta property=\"og:description\" content=\"INFORME DE SOLICITUDES DE INFORMACI\u00d3N 2025 FRACCION XXIX EN LA PLATAFORMA NACIONAL DE TRANSPARENCIA (PNT) Los sujetos obligados deber\u00e1n publicar una relaci\u00f3n de todos y cada uno de los informes que, de acuerdo con su naturaleza y la normatividad vigente que les resulte aplicable, se encuentren obligados a rendir ante cualquier otro sujeto obligado; asimismo, ... Leer m\u00e1s\" \/>\n<meta property=\"og:url\" content=\"https:\/\/dge.qroo.gob.mx\/index.php\/informe-de-solicitudes-de-informacion-2025\/\" \/>\n<meta property=\"og:site_name\" content=\"Despacho de la Gubernatura de Quintana Roo\" \/>\n<meta property=\"article:modified_time\" content=\"2025-08-11T17:15:37+00:00\" \/>\n<meta name=\"twitter:card\" content=\"summary_large_image\" \/>\n<meta name=\"twitter:label1\" content=\"Tiempo de lectura\" \/>\n\t<meta name=\"twitter:data1\" content=\"1 minuto\" \/>\n<script type=\"application\/ld+json\" class=\"yoast-schema-graph\">{\"@context\":\"https:\\\/\\\/schema.org\",\"@graph\":[{\"@type\":\"WebPage\",\"@id\":\"https:\\\/\\\/dge.qroo.gob.mx\\\/index.php\\\/informe-de-solicitudes-de-informacion-2025\\\/\",\"url\":\"https:\\\/\\\/dge.qroo.gob.mx\\\/index.php\\\/informe-de-solicitudes-de-informacion-2025\\\/\",\"name\":\"INFORME DE SOLICITUDES DE INFORMACI\u00d3N 2025 - Despacho de la Gubernatura de Quintana Roo\",\"isPartOf\":{\"@id\":\"https:\\\/\\\/dge.qroo.gob.mx\\\/#website\"},\"datePublished\":\"2025-04-23T23:11:42+00:00\",\"dateModified\":\"2025-08-11T17:15:37+00:00\",\"breadcrumb\":{\"@id\":\"https:\\\/\\\/dge.qroo.gob.mx\\\/index.php\\\/informe-de-solicitudes-de-informacion-2025\\\/#breadcrumb\"},\"inLanguage\":\"es\",\"potentialAction\":[{\"@type\":\"ReadAction\",\"target\":[\"https:\\\/\\\/dge.qroo.gob.mx\\\/index.php\\\/informe-de-solicitudes-de-informacion-2025\\\/\"]}]},{\"@type\":\"BreadcrumbList\",\"@id\":\"https:\\\/\\\/dge.qroo.gob.mx\\\/index.php\\\/informe-de-solicitudes-de-informacion-2025\\\/#breadcrumb\",\"itemListElement\":[{\"@type\":\"ListItem\",\"position\":1,\"name\":\"Inicio\",\"item\":\"https:\\\/\\\/dge.qroo.gob.mx\\\/\"},{\"@type\":\"ListItem\",\"position\":2,\"name\":\"INFORME DE SOLICITUDES DE INFORMACI\u00d3N 2025\"}]},{\"@type\":\"WebSite\",\"@id\":\"https:\\\/\\\/dge.qroo.gob.mx\\\/#website\",\"url\":\"https:\\\/\\\/dge.qroo.gob.mx\\\/\",\"name\":\"Despacho de la Gubernatura de Quintana Roo\",\"description\":\"\",\"publisher\":{\"@id\":\"https:\\\/\\\/dge.qroo.gob.mx\\\/#organization\"},\"potentialAction\":[{\"@type\":\"SearchAction\",\"target\":{\"@type\":\"EntryPoint\",\"urlTemplate\":\"https:\\\/\\\/dge.qroo.gob.mx\\\/?s={search_term_string}\"},\"query-input\":{\"@type\":\"PropertyValueSpecification\",\"valueRequired\":true,\"valueName\":\"search_term_string\"}}],\"inLanguage\":\"es\"},{\"@type\":\"Organization\",\"@id\":\"https:\\\/\\\/dge.qroo.gob.mx\\\/#organization\",\"name\":\"Despacho de la Gubernatura de Quintana Roo\",\"url\":\"https:\\\/\\\/dge.qroo.gob.mx\\\/\",\"logo\":{\"@type\":\"ImageObject\",\"inLanguage\":\"es\",\"@id\":\"https:\\\/\\\/dge.qroo.gob.mx\\\/#\\\/schema\\\/logo\\\/image\\\/\",\"url\":\"https:\\\/\\\/dge.qroo.gob.mx\\\/wp-content\\\/uploads\\\/2026\\\/01\\\/DGROO-DESPACHO-DE-LA-GUBERNATURA-scaled.jpg\",\"contentUrl\":\"https:\\\/\\\/dge.qroo.gob.mx\\\/wp-content\\\/uploads\\\/2026\\\/01\\\/DGROO-DESPACHO-DE-LA-GUBERNATURA-scaled.jpg\",\"width\":2560,\"height\":619,\"caption\":\"Despacho de la Gubernatura de Quintana Roo\"},\"image\":{\"@id\":\"https:\\\/\\\/dge.qroo.gob.mx\\\/#\\\/schema\\\/logo\\\/image\\\/\"}}]}<\/script>\n<!-- \/ Yoast SEO plugin. -->","yoast_head_json":{"title":"INFORME DE SOLICITUDES DE INFORMACI\u00d3N 2025 - Despacho de la Gubernatura de Quintana Roo","robots":{"index":"index","follow":"follow","max-snippet":"max-snippet:-1","max-image-preview":"max-image-preview:large","max-video-preview":"max-video-preview:-1"},"canonical":"https:\/\/dge.qroo.gob.mx\/index.php\/informe-de-solicitudes-de-informacion-2025\/","og_locale":"es_MX","og_type":"article","og_title":"INFORME DE SOLICITUDES DE INFORMACI\u00d3N 2025 - Despacho de la Gubernatura de Quintana Roo","og_description":"INFORME DE SOLICITUDES DE INFORMACI\u00d3N 2025 FRACCION XXIX EN LA PLATAFORMA NACIONAL DE TRANSPARENCIA (PNT) Los sujetos obligados deber\u00e1n publicar una relaci\u00f3n de todos y cada uno de los informes que, de acuerdo con su naturaleza y la normatividad vigente que les resulte aplicable, se encuentren obligados a rendir ante cualquier otro sujeto obligado; asimismo, ... Leer m\u00e1s","og_url":"https:\/\/dge.qroo.gob.mx\/index.php\/informe-de-solicitudes-de-informacion-2025\/","og_site_name":"Despacho de la Gubernatura de Quintana Roo","article_modified_time":"2025-08-11T17:15:37+00:00","twitter_card":"summary_large_image","twitter_misc":{"Tiempo de lectura":"1 minuto"},"schema":{"@context":"https:\/\/schema.org","@graph":[{"@type":"WebPage","@id":"https:\/\/dge.qroo.gob.mx\/index.php\/informe-de-solicitudes-de-informacion-2025\/","url":"https:\/\/dge.qroo.gob.mx\/index.php\/informe-de-solicitudes-de-informacion-2025\/","name":"INFORME DE SOLICITUDES DE INFORMACI\u00d3N 2025 - Despacho de la Gubernatura de Quintana Roo","isPartOf":{"@id":"https:\/\/dge.qroo.gob.mx\/#website"},"datePublished":"2025-04-23T23:11:42+00:00","dateModified":"2025-08-11T17:15:37+00:00","breadcrumb":{"@id":"https:\/\/dge.qroo.gob.mx\/index.php\/informe-de-solicitudes-de-informacion-2025\/#breadcrumb"},"inLanguage":"es","potentialAction":[{"@type":"ReadAction","target":["https:\/\/dge.qroo.gob.mx\/index.php\/informe-de-solicitudes-de-informacion-2025\/"]}]},{"@type":"BreadcrumbList","@id":"https:\/\/dge.qroo.gob.mx\/index.php\/informe-de-solicitudes-de-informacion-2025\/#breadcrumb","itemListElement":[{"@type":"ListItem","position":1,"name":"Inicio","item":"https:\/\/dge.qroo.gob.mx\/"},{"@type":"ListItem","position":2,"name":"INFORME DE SOLICITUDES DE INFORMACI\u00d3N 2025"}]},{"@type":"WebSite","@id":"https:\/\/dge.qroo.gob.mx\/#website","url":"https:\/\/dge.qroo.gob.mx\/","name":"Despacho de la Gubernatura de Quintana Roo","description":"","publisher":{"@id":"https:\/\/dge.qroo.gob.mx\/#organization"},"potentialAction":[{"@type":"SearchAction","target":{"@type":"EntryPoint","urlTemplate":"https:\/\/dge.qroo.gob.mx\/?s={search_term_string}"},"query-input":{"@type":"PropertyValueSpecification","valueRequired":true,"valueName":"search_term_string"}}],"inLanguage":"es"},{"@type":"Organization","@id":"https:\/\/dge.qroo.gob.mx\/#organization","name":"Despacho de la Gubernatura de Quintana Roo","url":"https:\/\/dge.qroo.gob.mx\/","logo":{"@type":"ImageObject","inLanguage":"es","@id":"https:\/\/dge.qroo.gob.mx\/#\/schema\/logo\/image\/","url":"https:\/\/dge.qroo.gob.mx\/wp-content\/uploads\/2026\/01\/DGROO-DESPACHO-DE-LA-GUBERNATURA-scaled.jpg","contentUrl":"https:\/\/dge.qroo.gob.mx\/wp-content\/uploads\/2026\/01\/DGROO-DESPACHO-DE-LA-GUBERNATURA-scaled.jpg","width":2560,"height":619,"caption":"Despacho de la Gubernatura de Quintana Roo"},"image":{"@id":"https:\/\/dge.qroo.gob.mx\/#\/schema\/logo\/image\/"}}]}},"_links":{"self":[{"href":"https:\/\/dge.qroo.gob.mx\/index.php\/wp-json\/wp\/v2\/pages\/37550","targetHints":{"allow":["GET"]}}],"collection":[{"href":"https:\/\/dge.qroo.gob.mx\/index.php\/wp-json\/wp\/v2\/pages"}],"about":[{"href":"https:\/\/dge.qroo.gob.mx\/index.php\/wp-json\/wp\/v2\/types\/page"}],"author":[{"embeddable":true,"href":"https:\/\/dge.qroo.gob.mx\/index.php\/wp-json\/wp\/v2\/users\/4"}],"replies":[{"embeddable":true,"href":"https:\/\/dge.qroo.gob.mx\/index.php\/wp-json\/wp\/v2\/comments?post=37550"}],"version-history":[{"count":13,"href":"https:\/\/dge.qroo.gob.mx\/index.php\/wp-json\/wp\/v2\/pages\/37550\/revisions"}],"predecessor-version":[{"id":37806,"href":"https:\/\/dge.qroo.gob.mx\/index.php\/wp-json\/wp\/v2\/pages\/37550\/revisions\/37806"}],"wp:attachment":[{"href":"https:\/\/dge.qroo.gob.mx\/index.php\/wp-json\/wp\/v2\/media?parent=37550"}],"curies":[{"name":"wp","href":"https:\/\/api.w.org\/{rel}","templated":true}]}}