{"id":36878,"date":"2024-12-13T14:10:17","date_gmt":"2024-12-13T19:10:17","guid":{"rendered":"https:\/\/dge.qroo.gob.mx\/?page_id=36878"},"modified":"2025-10-15T21:49:54","modified_gmt":"2025-10-16T02:49:54","slug":"adquisiciones","status":"publish","type":"page","link":"https:\/\/dge.qroo.gob.mx\/index.php\/adquisiciones\/","title":{"rendered":"Adquisiciones"},"content":{"rendered":"\t\t<div data-elementor-type=\"wp-page\" data-elementor-id=\"36878\" class=\"elementor elementor-36878\">\n\t\t\t\t<div class=\"elementor-element elementor-element-856329f e-flex e-con-boxed e-con e-parent\" data-id=\"856329f\" data-element_type=\"container\" data-e-type=\"container\">\n\t\t\t\t\t<div class=\"e-con-inner\">\n\t\t\t\t<div class=\"elementor-element elementor-element-b678a41 elementor-widget-divider--view-line elementor-widget elementor-widget-divider\" data-id=\"b678a41\" data-element_type=\"widget\" data-e-type=\"widget\" data-widget_type=\"divider.default\">\n\t\t\t\t<div class=\"elementor-widget-container\">\n\t\t\t\t\t\t\t<div class=\"elementor-divider\">\n\t\t\t<span class=\"elementor-divider-separator\">\n\t\t\t\t\t\t<\/span>\n\t\t<\/div>\n\t\t\t\t\t\t<\/div>\n\t\t\t\t<\/div>\n\t\t\t\t\t<\/div>\n\t\t\t\t<\/div>\n\t\t<div class=\"elementor-element elementor-element-37f07e2 e-flex e-con-boxed e-con e-parent\" data-id=\"37f07e2\" data-element_type=\"container\" data-e-type=\"container\">\n\t\t\t\t\t<div class=\"e-con-inner\">\n\t\t\t\t<div class=\"elementor-element elementor-element-51cff79 elementor-widget elementor-widget-text-editor\" data-id=\"51cff79\" data-element_type=\"widget\" data-e-type=\"widget\" data-widget_type=\"text-editor.default\">\n\t\t\t\t<div class=\"elementor-widget-container\">\n\t\t\t\t\t\t\t\t\t<h3 style=\"text-align: center;\">Adquisiciones<\/h3><ul><li>MANUAL PARA LA INTEGRACI\u00d3N Y FUNCIONAMIENTO DEL <strong>COMIT\u00c9 DE ADQUISICIONES, ARRENDAMIENTOS Y SERVICIOS DE LA UNIDADES DE ASESOR\u00cdA, APOYO T\u00c9CNICO, JUR\u00cdDICO Y DE COORDINACI\u00d3N ADSCRITAS AL DESPACHO DE LA GOBERNADORA. (<a href=\"https:\/\/dge.qroo.gob.mx\/wp-content\/uploads\/2025\/10\/Manual-del-CADQ.DGE-23.05.25-CON-NUM-PAG.pdf\" target=\"_blank\" rel=\"noopener\"><span style=\"text-decoration: underline;\">VER MANUAL<\/span><\/a>)<\/strong><\/li><\/ul><ul><li>ACTA DE INSTALACI\u00d3N DEL <strong>COMIT\u00c9 DE ADQUISICIONES, ARRENDAMIENTOS Y SERVICIOS DE LA UNIDADES DE ASESOR\u00cdA, APOYO T\u00c9CNICO, JUR\u00cdDICO Y DE COORDINACI\u00d3N ADSCRITAS AL DESPACHO DE LA GOBERNADORA <a href=\"https:\/\/dge.qroo.gob.mx\/wp-content\/uploads\/2024\/12\/ACTA-DE-INSTALACION-DEL-COMITE-DEL-DGE.pdf\" target=\"_blank\" rel=\"noopener\"><span style=\"text-decoration: underline;\">(VER ACTA)<\/span><\/a><\/strong><\/li><\/ul>\t\t\t\t\t\t\t\t<\/div>\n\t\t\t\t<\/div>\n\t\t\t\t<div class=\"elementor-element elementor-element-b215289 elementor-widget-divider--view-line elementor-widget elementor-widget-divider\" data-id=\"b215289\" data-element_type=\"widget\" data-e-type=\"widget\" data-widget_type=\"divider.default\">\n\t\t\t\t<div class=\"elementor-widget-container\">\n\t\t\t\t\t\t\t<div class=\"elementor-divider\">\n\t\t\t<span class=\"elementor-divider-separator\">\n\t\t\t\t\t\t<\/span>\n\t\t<\/div>\n\t\t\t\t\t\t<\/div>\n\t\t\t\t<\/div>\n\t\t\t\t<div class=\"elementor-element elementor-element-80fc48d elementor-widget elementor-widget-heading\" data-id=\"80fc48d\" data-element_type=\"widget\" data-e-type=\"widget\" data-widget_type=\"heading.default\">\n\t\t\t\t<div class=\"elementor-widget-container\">\n\t\t\t\t\t<h3 class=\"elementor-heading-title elementor-size-default\">Contratos<\/h3>\t\t\t\t<\/div>\n\t\t\t\t<\/div>\n\t\t<div class=\"elementor-element elementor-element-d9a14e8 e-con-full e-flex e-con e-child\" data-id=\"d9a14e8\" data-element_type=\"container\" data-e-type=\"container\">\n\t\t\t\t<div class=\"elementor-element elementor-element-ae3be68 elementor-widget elementor-widget-spacer\" data-id=\"ae3be68\" data-element_type=\"widget\" data-e-type=\"widget\" data-widget_type=\"spacer.default\">\n\t\t\t\t<div class=\"elementor-widget-container\">\n\t\t\t\t\t\t\t<div class=\"elementor-spacer\">\n\t\t\t<div class=\"elementor-spacer-inner\"><\/div>\n\t\t<\/div>\n\t\t\t\t\t\t<\/div>\n\t\t\t\t<\/div>\n\t\t\t\t<div class=\"elementor-element elementor-element-f684da4 e-n-tabs-mobile elementor-widget elementor-widget-n-tabs\" data-id=\"f684da4\" data-element_type=\"widget\" data-e-type=\"widget\" data-settings=\"{&quot;horizontal_scroll&quot;:&quot;disable&quot;}\" data-widget_type=\"nested-tabs.default\">\n\t\t\t\t<div class=\"elementor-widget-container\">\n\t\t\t\t\t\t\t<div class=\"e-n-tabs\" data-widget-number=\"258493860\" aria-label=\"Pesta\u00f1as. Abre elementos con Intro o Espacio, ci\u00e9rralos con Escape y navega con las fechas.\">\n\t\t\t<div class=\"e-n-tabs-heading\" role=\"tablist\">\n\t\t\t\t\t<button id=\"e-n-tab-title-2584938601\" data-tab-title-id=\"e-n-tab-title-2584938601\" class=\"e-n-tab-title\" aria-selected=\"true\" data-tab-index=\"1\" role=\"tab\" tabindex=\"0\" aria-controls=\"e-n-tab-content-2584938601\" style=\"--n-tabs-title-order: 1;\">\n\t\t\t\t\t\t<span class=\"e-n-tab-title-text\">\n\t\t\t\t2025\t\t\t<\/span>\n\t\t<\/button>\n\t\t\t\t<button id=\"e-n-tab-title-2584938602\" data-tab-title-id=\"e-n-tab-title-2584938602\" class=\"e-n-tab-title\" aria-selected=\"false\" data-tab-index=\"2\" role=\"tab\" tabindex=\"-1\" aria-controls=\"e-n-tab-content-2584938602\" style=\"--n-tabs-title-order: 2;\">\n\t\t\t\t\t\t<span class=\"e-n-tab-title-text\">\n\t\t\t\t2024\t\t\t<\/span>\n\t\t<\/button>\n\t\t\t\t\t<\/div>\n\t\t\t<div class=\"e-n-tabs-content\">\n\t\t\t\t<div id=\"e-n-tab-content-2584938601\" role=\"tabpanel\" aria-labelledby=\"e-n-tab-title-2584938601\" data-tab-index=\"1\" style=\"--n-tabs-title-order: 1;\" class=\"e-active elementor-element elementor-element-a48589a e-con-full e-flex e-con e-child\" data-id=\"a48589a\" data-element_type=\"container\" data-e-type=\"container\">\n\t\t<div class=\"elementor-element elementor-element-5741ed6 e-flex e-con-boxed e-con e-child\" data-id=\"5741ed6\" data-element_type=\"container\" data-e-type=\"container\">\n\t\t\t\t\t<div class=\"e-con-inner\">\n\t\t\t\t<div class=\"elementor-element elementor-element-cfbc074 elementor-widget elementor-widget-text-editor\" data-id=\"cfbc074\" data-element_type=\"widget\" data-e-type=\"widget\" data-widget_type=\"text-editor.default\">\n\t\t\t\t<div class=\"elementor-widget-container\">\n\t\t\t\t\t\t\t\t\t<table><tbody><tr><td width=\"236\"><p><strong>N\u00daMERO DE CONTRATO<\/strong><\/p><\/td><td width=\"353\"><p><strong>PROVEEDOR<\/strong><\/p><\/td><\/tr><tr><td width=\"236\"><p><a href=\"https:\/\/dge.qroo.gob.mx\/wp-content\/uploads\/2025\/10\/CONTRATO-MITRA-2025.pdf\" target=\"_blank\" rel=\"noopener\">DGE\/CAG\/CPSRM\/01\/2025<\/a><\/p><\/td><td width=\"353\"><p>GENERACI\u00d3N MITRA S.A DE C.V\u00a0<\/p><\/td><\/tr><tr><td width=\"236\"><p><a href=\"https:\/\/dge.qroo.gob.mx\/wp-content\/uploads\/2025\/10\/CONTRATO-ABOPEMA-2025.pdf\" target=\"_blank\" rel=\"noopener\">DGE\/CAG\/CPSRM\/02\/2025<\/a><\/p><\/td><td width=\"353\"><p>ABOPEMA DEL NORTE S.A DE C.V\u00a0<\/p><\/td><\/tr><tr><td width=\"236\"><p><a href=\"https:\/\/dge.qroo.gob.mx\/wp-content\/uploads\/2025\/10\/CONTRATO-VIRIDIANA-RAMIREZ-RAMOS-2025.pdf\" target=\"_blank\" rel=\"noopener\">DGE\/CAG\/CPSRM\/03\/2025<\/a><\/p><\/td><td width=\"353\"><p>VIRIDIANA RAMIREZ RAMOS\u00a0<\/p><\/td><\/tr><tr><td width=\"236\"><p><a href=\"https:\/\/dge.qroo.gob.mx\/wp-content\/uploads\/2025\/10\/CONTRATO-LUCERO-PALAFOX-2025.pdf\" target=\"_blank\" rel=\"noopener\">DGE\/CAG\/CPSRM\/04\/2025<\/a><\/p><\/td><td width=\"353\"><p>LUCERO GONZALEZ PALAFOX<\/p><\/td><\/tr><tr><td width=\"236\"><p><a href=\"https:\/\/dge.qroo.gob.mx\/wp-content\/uploads\/2025\/10\/CONTRATO-TESTADO-MOKIA-2025.pdf\" target=\"_blank\" rel=\"noopener\">DGE\/CAG\/CPSRM\/05\/2025<\/a><\/p><\/td><td width=\"353\"><p>MOKIA SOLUCIONES INTELIGENTES S.A DE C.V.<\/p><\/td><\/tr><\/tbody><\/table>\t\t\t\t\t\t\t\t<\/div>\n\t\t\t\t<\/div>\n\t\t\t\t\t<\/div>\n\t\t\t\t<\/div>\n\t\t\t\t<\/div>\n\t\t<div id=\"e-n-tab-content-2584938602\" role=\"tabpanel\" aria-labelledby=\"e-n-tab-title-2584938602\" data-tab-index=\"2\" style=\"--n-tabs-title-order: 2;\" class=\" elementor-element elementor-element-31018ac e-con-full e-flex e-con e-child\" data-id=\"31018ac\" data-element_type=\"container\" data-e-type=\"container\">\n\t\t\t\t<div class=\"elementor-element elementor-element-7d5acc6 elementor-widget elementor-widget-text-editor\" data-id=\"7d5acc6\" data-element_type=\"widget\" data-e-type=\"widget\" data-widget_type=\"text-editor.default\">\n\t\t\t\t<div class=\"elementor-widget-container\">\n\t\t\t\t\t\t\t\t\t<table><tbody><tr><td width=\"236\"><p><strong>N\u00daMERO DE CONTRATO<\/strong><\/p><\/td><td width=\"353\"><p><strong>PROVEEDOR<\/strong><\/p><\/td><\/tr><tr><td width=\"236\"><p><a href=\"https:\/\/dge.qroo.gob.mx\/wp-content\/uploads\/2025\/10\/CONTRATO-MITRA-2024.pdf\" target=\"_blank\" rel=\"noopener\">DGE\/CAG\/CPSRM\/DPS\/01\/2024<\/a><\/p><\/td><td width=\"353\"><p>GENERACI\u00d3N MITRA S.A DE C.V<\/p><\/td><\/tr><tr><td width=\"236\"><p><a href=\"https:\/\/dge.qroo.gob.mx\/wp-content\/uploads\/2025\/10\/CONTRATO-MOKIA-2024.pdf\" target=\"_blank\" rel=\"noopener\">DGE\/CAG\/CPSRM\/DPS\/02\/2024<\/a><\/p><\/td><td width=\"353\"><p>MOKIA SOLUCIONES INTELIGENTES S.A DE C.V\u00a0<\/p><\/td><\/tr><tr><td width=\"236\"><p><a href=\"https:\/\/dge.qroo.gob.mx\/wp-content\/uploads\/2025\/10\/CONTRATO-BADUTINGO-2024.pdf\" target=\"_blank\" rel=\"noopener\">DGE\/CAG\/CPSRM\/DPS\/03\/2024<\/a><\/p><\/td><td width=\"353\"><p>BADUTINGO DEL SUR S.A DE C.V<\/p><\/td><\/tr><tr><td width=\"236\">\u00a0<\/td><td width=\"353\">\u00a0<\/td><\/tr><tr><td width=\"236\">\u00a0<\/td><td width=\"353\">\u00a0<\/td><\/tr><\/tbody><\/table>\t\t\t\t\t\t\t\t<\/div>\n\t\t\t\t<\/div>\n\t\t\t\t<\/div>\n\t\t\t\t\t<\/div>\n\t\t<\/div>\n\t\t\t\t\t\t<\/div>\n\t\t\t\t<\/div>\n\t\t\t\t<\/div>\n\t\t\t\t\t<\/div>\n\t\t\t\t<\/div>\n\t\t\t\t<\/div>\n\t\t","protected":false},"excerpt":{"rendered":"<p>Adquisiciones MANUAL PARA LA INTEGRACI\u00d3N Y FUNCIONAMIENTO DEL COMIT\u00c9 DE ADQUISICIONES, ARRENDAMIENTOS Y SERVICIOS DE LA UNIDADES DE ASESOR\u00cdA, APOYO T\u00c9CNICO, JUR\u00cdDICO Y DE COORDINACI\u00d3N ADSCRITAS AL DESPACHO DE LA GOBERNADORA. (VER MANUAL) ACTA DE INSTALACI\u00d3N DEL COMIT\u00c9 DE ADQUISICIONES, ARRENDAMIENTOS Y SERVICIOS DE LA UNIDADES DE ASESOR\u00cdA, APOYO T\u00c9CNICO, JUR\u00cdDICO Y DE COORDINACI\u00d3N ADSCRITAS &#8230; <a title=\"Adquisiciones\" class=\"read-more\" href=\"https:\/\/dge.qroo.gob.mx\/index.php\/adquisiciones\/\" aria-label=\"Leer m\u00e1s sobre Adquisiciones\">Leer m\u00e1s<\/a><\/p>\n","protected":false},"author":4,"featured_media":0,"parent":0,"menu_order":0,"comment_status":"closed","ping_status":"closed","template":"","meta":{"footnotes":""},"class_list":["post-36878","page","type-page","status-publish"],"yoast_head":"<!-- This site is optimized with the Yoast SEO plugin v27.4 - https:\/\/yoast.com\/product\/yoast-seo-wordpress\/ -->\n<title>Adquisiciones - Despacho de la Gubernatura de Quintana Roo<\/title>\n<meta name=\"robots\" content=\"index, follow, max-snippet:-1, max-image-preview:large, max-video-preview:-1\" \/>\n<link rel=\"canonical\" href=\"https:\/\/dge.qroo.gob.mx\/index.php\/adquisiciones\/\" \/>\n<meta property=\"og:locale\" content=\"es_MX\" \/>\n<meta property=\"og:type\" content=\"article\" \/>\n<meta property=\"og:title\" content=\"Adquisiciones - Despacho de la Gubernatura de Quintana Roo\" \/>\n<meta property=\"og:description\" content=\"Adquisiciones MANUAL PARA LA INTEGRACI\u00d3N Y FUNCIONAMIENTO DEL COMIT\u00c9 DE ADQUISICIONES, ARRENDAMIENTOS Y SERVICIOS DE LA UNIDADES DE ASESOR\u00cdA, APOYO T\u00c9CNICO, JUR\u00cdDICO Y DE COORDINACI\u00d3N ADSCRITAS AL DESPACHO DE LA GOBERNADORA. (VER MANUAL) ACTA DE INSTALACI\u00d3N DEL COMIT\u00c9 DE ADQUISICIONES, ARRENDAMIENTOS Y SERVICIOS DE LA UNIDADES DE ASESOR\u00cdA, APOYO T\u00c9CNICO, JUR\u00cdDICO Y DE COORDINACI\u00d3N ADSCRITAS ... Leer m\u00e1s\" \/>\n<meta property=\"og:url\" content=\"https:\/\/dge.qroo.gob.mx\/index.php\/adquisiciones\/\" \/>\n<meta property=\"og:site_name\" content=\"Despacho de la Gubernatura de Quintana Roo\" \/>\n<meta property=\"article:modified_time\" content=\"2025-10-16T02:49:54+00:00\" \/>\n<meta name=\"twitter:card\" content=\"summary_large_image\" \/>\n<meta name=\"twitter:label1\" content=\"Tiempo de lectura\" \/>\n\t<meta name=\"twitter:data1\" content=\"1 minuto\" \/>\n<script type=\"application\/ld+json\" class=\"yoast-schema-graph\">{\"@context\":\"https:\\\/\\\/schema.org\",\"@graph\":[{\"@type\":\"WebPage\",\"@id\":\"https:\\\/\\\/dge.qroo.gob.mx\\\/index.php\\\/adquisiciones\\\/\",\"url\":\"https:\\\/\\\/dge.qroo.gob.mx\\\/index.php\\\/adquisiciones\\\/\",\"name\":\"Adquisiciones - Despacho de la Gubernatura de Quintana Roo\",\"isPartOf\":{\"@id\":\"https:\\\/\\\/dge.qroo.gob.mx\\\/#website\"},\"datePublished\":\"2024-12-13T19:10:17+00:00\",\"dateModified\":\"2025-10-16T02:49:54+00:00\",\"breadcrumb\":{\"@id\":\"https:\\\/\\\/dge.qroo.gob.mx\\\/index.php\\\/adquisiciones\\\/#breadcrumb\"},\"inLanguage\":\"es\",\"potentialAction\":[{\"@type\":\"ReadAction\",\"target\":[\"https:\\\/\\\/dge.qroo.gob.mx\\\/index.php\\\/adquisiciones\\\/\"]}]},{\"@type\":\"BreadcrumbList\",\"@id\":\"https:\\\/\\\/dge.qroo.gob.mx\\\/index.php\\\/adquisiciones\\\/#breadcrumb\",\"itemListElement\":[{\"@type\":\"ListItem\",\"position\":1,\"name\":\"Inicio\",\"item\":\"https:\\\/\\\/dge.qroo.gob.mx\\\/\"},{\"@type\":\"ListItem\",\"position\":2,\"name\":\"Adquisiciones\"}]},{\"@type\":\"WebSite\",\"@id\":\"https:\\\/\\\/dge.qroo.gob.mx\\\/#website\",\"url\":\"https:\\\/\\\/dge.qroo.gob.mx\\\/\",\"name\":\"Despacho de la Gubernatura de Quintana Roo\",\"description\":\"\",\"publisher\":{\"@id\":\"https:\\\/\\\/dge.qroo.gob.mx\\\/#organization\"},\"potentialAction\":[{\"@type\":\"SearchAction\",\"target\":{\"@type\":\"EntryPoint\",\"urlTemplate\":\"https:\\\/\\\/dge.qroo.gob.mx\\\/?s={search_term_string}\"},\"query-input\":{\"@type\":\"PropertyValueSpecification\",\"valueRequired\":true,\"valueName\":\"search_term_string\"}}],\"inLanguage\":\"es\"},{\"@type\":\"Organization\",\"@id\":\"https:\\\/\\\/dge.qroo.gob.mx\\\/#organization\",\"name\":\"Despacho de la Gubernatura de Quintana Roo\",\"url\":\"https:\\\/\\\/dge.qroo.gob.mx\\\/\",\"logo\":{\"@type\":\"ImageObject\",\"inLanguage\":\"es\",\"@id\":\"https:\\\/\\\/dge.qroo.gob.mx\\\/#\\\/schema\\\/logo\\\/image\\\/\",\"url\":\"https:\\\/\\\/dge.qroo.gob.mx\\\/wp-content\\\/uploads\\\/2026\\\/01\\\/DGROO-DESPACHO-DE-LA-GUBERNATURA-scaled.jpg\",\"contentUrl\":\"https:\\\/\\\/dge.qroo.gob.mx\\\/wp-content\\\/uploads\\\/2026\\\/01\\\/DGROO-DESPACHO-DE-LA-GUBERNATURA-scaled.jpg\",\"width\":2560,\"height\":619,\"caption\":\"Despacho de la Gubernatura de Quintana Roo\"},\"image\":{\"@id\":\"https:\\\/\\\/dge.qroo.gob.mx\\\/#\\\/schema\\\/logo\\\/image\\\/\"}}]}<\/script>\n<!-- \/ Yoast SEO plugin. -->","yoast_head_json":{"title":"Adquisiciones - Despacho de la Gubernatura de Quintana Roo","robots":{"index":"index","follow":"follow","max-snippet":"max-snippet:-1","max-image-preview":"max-image-preview:large","max-video-preview":"max-video-preview:-1"},"canonical":"https:\/\/dge.qroo.gob.mx\/index.php\/adquisiciones\/","og_locale":"es_MX","og_type":"article","og_title":"Adquisiciones - Despacho de la Gubernatura de Quintana Roo","og_description":"Adquisiciones MANUAL PARA LA INTEGRACI\u00d3N Y FUNCIONAMIENTO DEL COMIT\u00c9 DE ADQUISICIONES, ARRENDAMIENTOS Y SERVICIOS DE LA UNIDADES DE ASESOR\u00cdA, APOYO T\u00c9CNICO, JUR\u00cdDICO Y DE COORDINACI\u00d3N ADSCRITAS AL DESPACHO DE LA GOBERNADORA. (VER MANUAL) ACTA DE INSTALACI\u00d3N DEL COMIT\u00c9 DE ADQUISICIONES, ARRENDAMIENTOS Y SERVICIOS DE LA UNIDADES DE ASESOR\u00cdA, APOYO T\u00c9CNICO, JUR\u00cdDICO Y DE COORDINACI\u00d3N ADSCRITAS ... Leer m\u00e1s","og_url":"https:\/\/dge.qroo.gob.mx\/index.php\/adquisiciones\/","og_site_name":"Despacho de la Gubernatura de Quintana Roo","article_modified_time":"2025-10-16T02:49:54+00:00","twitter_card":"summary_large_image","twitter_misc":{"Tiempo de lectura":"1 minuto"},"schema":{"@context":"https:\/\/schema.org","@graph":[{"@type":"WebPage","@id":"https:\/\/dge.qroo.gob.mx\/index.php\/adquisiciones\/","url":"https:\/\/dge.qroo.gob.mx\/index.php\/adquisiciones\/","name":"Adquisiciones - Despacho de la Gubernatura de Quintana Roo","isPartOf":{"@id":"https:\/\/dge.qroo.gob.mx\/#website"},"datePublished":"2024-12-13T19:10:17+00:00","dateModified":"2025-10-16T02:49:54+00:00","breadcrumb":{"@id":"https:\/\/dge.qroo.gob.mx\/index.php\/adquisiciones\/#breadcrumb"},"inLanguage":"es","potentialAction":[{"@type":"ReadAction","target":["https:\/\/dge.qroo.gob.mx\/index.php\/adquisiciones\/"]}]},{"@type":"BreadcrumbList","@id":"https:\/\/dge.qroo.gob.mx\/index.php\/adquisiciones\/#breadcrumb","itemListElement":[{"@type":"ListItem","position":1,"name":"Inicio","item":"https:\/\/dge.qroo.gob.mx\/"},{"@type":"ListItem","position":2,"name":"Adquisiciones"}]},{"@type":"WebSite","@id":"https:\/\/dge.qroo.gob.mx\/#website","url":"https:\/\/dge.qroo.gob.mx\/","name":"Despacho de la Gubernatura de Quintana Roo","description":"","publisher":{"@id":"https:\/\/dge.qroo.gob.mx\/#organization"},"potentialAction":[{"@type":"SearchAction","target":{"@type":"EntryPoint","urlTemplate":"https:\/\/dge.qroo.gob.mx\/?s={search_term_string}"},"query-input":{"@type":"PropertyValueSpecification","valueRequired":true,"valueName":"search_term_string"}}],"inLanguage":"es"},{"@type":"Organization","@id":"https:\/\/dge.qroo.gob.mx\/#organization","name":"Despacho de la Gubernatura de Quintana Roo","url":"https:\/\/dge.qroo.gob.mx\/","logo":{"@type":"ImageObject","inLanguage":"es","@id":"https:\/\/dge.qroo.gob.mx\/#\/schema\/logo\/image\/","url":"https:\/\/dge.qroo.gob.mx\/wp-content\/uploads\/2026\/01\/DGROO-DESPACHO-DE-LA-GUBERNATURA-scaled.jpg","contentUrl":"https:\/\/dge.qroo.gob.mx\/wp-content\/uploads\/2026\/01\/DGROO-DESPACHO-DE-LA-GUBERNATURA-scaled.jpg","width":2560,"height":619,"caption":"Despacho de la Gubernatura de Quintana Roo"},"image":{"@id":"https:\/\/dge.qroo.gob.mx\/#\/schema\/logo\/image\/"}}]}},"_links":{"self":[{"href":"https:\/\/dge.qroo.gob.mx\/index.php\/wp-json\/wp\/v2\/pages\/36878","targetHints":{"allow":["GET"]}}],"collection":[{"href":"https:\/\/dge.qroo.gob.mx\/index.php\/wp-json\/wp\/v2\/pages"}],"about":[{"href":"https:\/\/dge.qroo.gob.mx\/index.php\/wp-json\/wp\/v2\/types\/page"}],"author":[{"embeddable":true,"href":"https:\/\/dge.qroo.gob.mx\/index.php\/wp-json\/wp\/v2\/users\/4"}],"replies":[{"embeddable":true,"href":"https:\/\/dge.qroo.gob.mx\/index.php\/wp-json\/wp\/v2\/comments?post=36878"}],"version-history":[{"count":34,"href":"https:\/\/dge.qroo.gob.mx\/index.php\/wp-json\/wp\/v2\/pages\/36878\/revisions"}],"predecessor-version":[{"id":38185,"href":"https:\/\/dge.qroo.gob.mx\/index.php\/wp-json\/wp\/v2\/pages\/36878\/revisions\/38185"}],"wp:attachment":[{"href":"https:\/\/dge.qroo.gob.mx\/index.php\/wp-json\/wp\/v2\/media?parent=36878"}],"curies":[{"name":"wp","href":"https:\/\/api.w.org\/{rel}","templated":true}]}}