{"id":36842,"date":"2024-12-02T10:34:27","date_gmt":"2024-12-02T15:34:27","guid":{"rendered":"https:\/\/dge.qroo.gob.mx\/?page_id=36842"},"modified":"2026-02-03T13:58:29","modified_gmt":"2026-02-03T18:58:29","slug":"grupo-interdisciplinario-de-archivos","status":"publish","type":"page","link":"https:\/\/dge.qroo.gob.mx\/index.php\/grupo-interdisciplinario-de-archivos\/","title":{"rendered":"Grupo Interdisciplinario de Archivos"},"content":{"rendered":"\t\t<div data-elementor-type=\"wp-page\" data-elementor-id=\"36842\" class=\"elementor elementor-36842\">\n\t\t\t\t<div class=\"elementor-element elementor-element-e0329ad e-flex e-con-boxed e-con e-parent\" data-id=\"e0329ad\" data-element_type=\"container\" data-e-type=\"container\">\n\t\t\t\t\t<div class=\"e-con-inner\">\n\t\t\t\t<div class=\"elementor-element elementor-element-d8e67ac elementor-widget-divider--view-line elementor-widget elementor-widget-divider\" data-id=\"d8e67ac\" data-element_type=\"widget\" data-e-type=\"widget\" data-widget_type=\"divider.default\">\n\t\t\t\t<div class=\"elementor-widget-container\">\n\t\t\t\t\t\t\t<div class=\"elementor-divider\">\n\t\t\t<span class=\"elementor-divider-separator\">\n\t\t\t\t\t\t<\/span>\n\t\t<\/div>\n\t\t\t\t\t\t<\/div>\n\t\t\t\t<\/div>\n\t\t\t\t\t<\/div>\n\t\t\t\t<\/div>\n\t\t<div class=\"elementor-element elementor-element-1832a1d e-flex e-con-boxed e-con e-parent\" data-id=\"1832a1d\" data-element_type=\"container\" data-e-type=\"container\">\n\t\t\t\t\t<div class=\"e-con-inner\">\n\t\t\t\t<div class=\"elementor-element elementor-element-e362178 elementor-widget elementor-widget-heading\" data-id=\"e362178\" data-element_type=\"widget\" data-e-type=\"widget\" data-widget_type=\"heading.default\">\n\t\t\t\t<div class=\"elementor-widget-container\">\n\t\t\t\t\t<h3 class=\"elementor-heading-title elementor-size-default\">Grupo Interdisciplinario de Archivos<\/h3>\t\t\t\t<\/div>\n\t\t\t\t<\/div>\n\t\t\t\t\t<\/div>\n\t\t\t\t<\/div>\n\t\t<div class=\"elementor-element elementor-element-5ebf200 e-flex e-con-boxed e-con e-parent\" data-id=\"5ebf200\" data-element_type=\"container\" data-e-type=\"container\">\n\t\t\t\t\t<div class=\"e-con-inner\">\n\t\t\t\t<div class=\"elementor-element elementor-element-747c03a elementor-tabs-view-horizontal elementor-widget elementor-widget-tabs\" data-id=\"747c03a\" data-element_type=\"widget\" data-e-type=\"widget\" data-widget_type=\"tabs.default\">\n\t\t\t\t<div class=\"elementor-widget-container\">\n\t\t\t\t\t\t\t<div class=\"elementor-tabs\">\n\t\t\t<div class=\"elementor-tabs-wrapper\" role=\"tablist\" >\n\t\t\t\t\t\t\t\t\t<div id=\"elementor-tab-title-1221\" class=\"elementor-tab-title elementor-tab-desktop-title\" aria-selected=\"true\" data-tab=\"1\" role=\"tab\" tabindex=\"0\" aria-controls=\"elementor-tab-content-1221\" aria-expanded=\"false\">2025<\/div>\n\t\t\t\t\t\t\t\t\t<div id=\"elementor-tab-title-1222\" class=\"elementor-tab-title elementor-tab-desktop-title\" aria-selected=\"false\" data-tab=\"2\" role=\"tab\" tabindex=\"-1\" aria-controls=\"elementor-tab-content-1222\" aria-expanded=\"false\">2024<\/div>\n\t\t\t\t\t\t\t\t\t<div id=\"elementor-tab-title-1223\" class=\"elementor-tab-title elementor-tab-desktop-title\" aria-selected=\"false\" data-tab=\"3\" role=\"tab\" tabindex=\"-1\" aria-controls=\"elementor-tab-content-1223\" aria-expanded=\"false\">2023<\/div>\n\t\t\t\t\t\t\t<\/div>\n\t\t\t<div class=\"elementor-tabs-content-wrapper\" role=\"tablist\" aria-orientation=\"vertical\">\n\t\t\t\t\t\t\t\t\t<div class=\"elementor-tab-title elementor-tab-mobile-title\" aria-selected=\"true\" data-tab=\"1\" role=\"tab\" tabindex=\"0\" aria-controls=\"elementor-tab-content-1221\" aria-expanded=\"false\">2025<\/div>\n\t\t\t\t\t<div id=\"elementor-tab-content-1221\" class=\"elementor-tab-content elementor-clearfix\" data-tab=\"1\" role=\"tabpanel\" aria-labelledby=\"elementor-tab-title-1221\" tabindex=\"0\" hidden=\"false\"><p>ORDINARIA<\/p><ul><li><a href=\"https:\/\/drive.google.com\/drive\/folders\/1IyP0BsQIskXdgmyBrsu8WcpU-Th2yB8O?usp=sharing\" target=\"_blank\" rel=\"noopener\">Primera Sesi\u00f3n<\/a><\/li><li><a href=\"https:\/\/drive.google.com\/drive\/folders\/1FubHMoWxJrQ-C6sfaOLcjb7dyCd-82V3?usp=sharing\" target=\"_blank\" rel=\"noopener\">Segunda Sesi\u00f3n<\/a><\/li><\/ul><p>EXTRAORDINARIA<\/p><ul><li><a href=\"https:\/\/drive.google.com\/drive\/folders\/1tVyDj-dtGyyoRIStG_BZWszYv7hMS4E2?usp=sharing\" target=\"_blank\" rel=\"noopener\">Primera Sesi\u00f3n<\/a><\/li><li><a href=\"https:\/\/drive.google.com\/drive\/folders\/1cbwaY2XrDi72rtRRqNxni5GYFpJDzRNw?usp=sharing\" target=\"_blank\" rel=\"noopener\">Segunda Sesi\u00f3n<\/a><\/li><li><a href=\"https:\/\/drive.google.com\/drive\/folders\/1KMAUicQUbe2b5__bRG-V9d6cYhXAbQvs?usp=sharing\" target=\"_blank\" rel=\"noopener\">Tercera Sesi\u00f3n<\/a><\/li><\/ul><\/div>\n\t\t\t\t\t\t\t\t\t<div class=\"elementor-tab-title elementor-tab-mobile-title\" aria-selected=\"false\" data-tab=\"2\" role=\"tab\" tabindex=\"-1\" aria-controls=\"elementor-tab-content-1222\" aria-expanded=\"false\">2024<\/div>\n\t\t\t\t\t<div id=\"elementor-tab-content-1222\" class=\"elementor-tab-content elementor-clearfix\" data-tab=\"2\" role=\"tabpanel\" aria-labelledby=\"elementor-tab-title-1222\" tabindex=\"0\" hidden=\"hidden\"><p>ORDINARIA<\/p><ul><li><a href=\"https:\/\/drive.google.com\/drive\/folders\/1TUuM2Mp05yyNmaA2x67MP92kNbw340h7?usp=sharing\" target=\"_blank\" rel=\"noopener\">Primera sesi\u00f3n<\/a><\/li><li><a href=\"https:\/\/drive.google.com\/drive\/folders\/19cgvQeNpVHDxm691DbSAWaVA9AFHFPi-?usp=sharing\" target=\"_blank\" rel=\"noopener\">Segunda sesi\u00f3n<\/a><\/li><\/ul><p>EXTRAORDINARIA<\/p><ul><li><a href=\"https:\/\/drive.google.com\/drive\/folders\/1khZrzhfxbyu7UO_iyhsMDcBsCB0GQGLU?usp=sharing\" target=\"_blank\" rel=\"noopener\">Primera sesi\u00f3n<\/a><\/li><\/ul><\/div>\n\t\t\t\t\t\t\t\t\t<div class=\"elementor-tab-title elementor-tab-mobile-title\" aria-selected=\"false\" data-tab=\"3\" role=\"tab\" tabindex=\"-1\" aria-controls=\"elementor-tab-content-1223\" aria-expanded=\"false\">2023<\/div>\n\t\t\t\t\t<div id=\"elementor-tab-content-1223\" class=\"elementor-tab-content elementor-clearfix\" data-tab=\"3\" role=\"tabpanel\" aria-labelledby=\"elementor-tab-title-1223\" tabindex=\"0\" hidden=\"hidden\"><p>\u00a0<\/p><p>ORDINARIA<\/p><ul><li><a href=\"https:\/\/drive.google.com\/drive\/folders\/17n_jVtjaQeowT_tt3QAF7wqtOZUiJbfZ?usp=sharing\" target=\"_blank\" rel=\"noopener\">Primera sesi\u00f3n<\/a><\/li><li><a href=\"https:\/\/drive.google.com\/drive\/folders\/1_lSaRmlXilQEl9z-RjDv-9bNafmqBu_7?usp=sharing\" target=\"_blank\" rel=\"noopener\">Segunda sesi\u00f3n<\/a><\/li><li><a href=\"https:\/\/drive.google.com\/drive\/folders\/1haxbA_2yxAQVxnhLL6u4xGyOzXxxCRsz?usp=sharing\" target=\"_blank\" rel=\"noopener\">Tercera sesi\u00f3n<\/a><\/li><\/ul><p>EXTRAORDINARIA<\/p><ul><li><a href=\"https:\/\/drive.google.com\/drive\/folders\/1J8nJQAJlsceLaFPZ_JE3GerE1crF7ZB-?usp=sharing\" target=\"_blank\" rel=\"noopener\">Primera sesi\u00f3n<\/a><\/li><li><a href=\"https:\/\/drive.google.com\/drive\/folders\/1xzFJT2-hZf6ZX4Jpgk6gyb3ov7QPDukL?usp=sharing\" target=\"_blank\" rel=\"noopener\">Segunda sesi\u00f3n<\/a><\/li><\/ul><\/div>\n\t\t\t\t\t\t\t<\/div>\n\t\t<\/div>\n\t\t\t\t\t\t<\/div>\n\t\t\t\t<\/div>\n\t\t\t\t\t<\/div>\n\t\t\t\t<\/div>\n\t\t\t\t<\/div>\n\t\t","protected":false},"excerpt":{"rendered":"<p>Grupo Interdisciplinario de Archivos 2025 2024 2023 2025 ORDINARIA Primera Sesi\u00f3n Segunda Sesi\u00f3n EXTRAORDINARIA Primera Sesi\u00f3n Segunda Sesi\u00f3n Tercera Sesi\u00f3n 2024 ORDINARIA Primera sesi\u00f3n Segunda sesi\u00f3n EXTRAORDINARIA Primera sesi\u00f3n 2023 \u00a0 ORDINARIA Primera sesi\u00f3n Segunda sesi\u00f3n Tercera sesi\u00f3n EXTRAORDINARIA Primera sesi\u00f3n Segunda sesi\u00f3n<\/p>\n","protected":false},"author":4,"featured_media":0,"parent":0,"menu_order":0,"comment_status":"closed","ping_status":"closed","template":"","meta":{"footnotes":""},"class_list":["post-36842","page","type-page","status-publish"],"yoast_head":"<!-- This site is optimized with the Yoast SEO plugin v27.4 - https:\/\/yoast.com\/product\/yoast-seo-wordpress\/ -->\n<title>Grupo Interdisciplinario de Archivos - Despacho de la Gubernatura de Quintana Roo<\/title>\n<meta name=\"robots\" content=\"index, follow, max-snippet:-1, max-image-preview:large, max-video-preview:-1\" \/>\n<link rel=\"canonical\" href=\"https:\/\/dge.qroo.gob.mx\/index.php\/grupo-interdisciplinario-de-archivos\/\" \/>\n<meta property=\"og:locale\" content=\"es_MX\" \/>\n<meta property=\"og:type\" content=\"article\" \/>\n<meta property=\"og:title\" content=\"Grupo Interdisciplinario de Archivos - Despacho de la Gubernatura de Quintana Roo\" \/>\n<meta property=\"og:description\" content=\"Grupo Interdisciplinario de Archivos 2025 2024 2023 2025 ORDINARIA Primera Sesi\u00f3n Segunda Sesi\u00f3n EXTRAORDINARIA Primera Sesi\u00f3n Segunda Sesi\u00f3n Tercera Sesi\u00f3n 2024 ORDINARIA Primera sesi\u00f3n Segunda sesi\u00f3n EXTRAORDINARIA Primera sesi\u00f3n 2023 \u00a0 ORDINARIA Primera sesi\u00f3n Segunda sesi\u00f3n Tercera sesi\u00f3n EXTRAORDINARIA Primera sesi\u00f3n Segunda sesi\u00f3n\" \/>\n<meta property=\"og:url\" content=\"https:\/\/dge.qroo.gob.mx\/index.php\/grupo-interdisciplinario-de-archivos\/\" \/>\n<meta property=\"og:site_name\" content=\"Despacho de la Gubernatura de Quintana Roo\" \/>\n<meta property=\"article:modified_time\" content=\"2026-02-03T18:58:29+00:00\" \/>\n<meta name=\"twitter:card\" content=\"summary_large_image\" \/>\n<meta name=\"twitter:label1\" content=\"Tiempo de lectura\" \/>\n\t<meta name=\"twitter:data1\" content=\"1 minuto\" \/>\n<script type=\"application\/ld+json\" class=\"yoast-schema-graph\">{\"@context\":\"https:\\\/\\\/schema.org\",\"@graph\":[{\"@type\":\"WebPage\",\"@id\":\"https:\\\/\\\/dge.qroo.gob.mx\\\/index.php\\\/grupo-interdisciplinario-de-archivos\\\/\",\"url\":\"https:\\\/\\\/dge.qroo.gob.mx\\\/index.php\\\/grupo-interdisciplinario-de-archivos\\\/\",\"name\":\"Grupo Interdisciplinario de Archivos - Despacho de la Gubernatura de Quintana Roo\",\"isPartOf\":{\"@id\":\"https:\\\/\\\/dge.qroo.gob.mx\\\/#website\"},\"datePublished\":\"2024-12-02T15:34:27+00:00\",\"dateModified\":\"2026-02-03T18:58:29+00:00\",\"breadcrumb\":{\"@id\":\"https:\\\/\\\/dge.qroo.gob.mx\\\/index.php\\\/grupo-interdisciplinario-de-archivos\\\/#breadcrumb\"},\"inLanguage\":\"es\",\"potentialAction\":[{\"@type\":\"ReadAction\",\"target\":[\"https:\\\/\\\/dge.qroo.gob.mx\\\/index.php\\\/grupo-interdisciplinario-de-archivos\\\/\"]}]},{\"@type\":\"BreadcrumbList\",\"@id\":\"https:\\\/\\\/dge.qroo.gob.mx\\\/index.php\\\/grupo-interdisciplinario-de-archivos\\\/#breadcrumb\",\"itemListElement\":[{\"@type\":\"ListItem\",\"position\":1,\"name\":\"Inicio\",\"item\":\"https:\\\/\\\/dge.qroo.gob.mx\\\/\"},{\"@type\":\"ListItem\",\"position\":2,\"name\":\"Grupo Interdisciplinario de Archivos\"}]},{\"@type\":\"WebSite\",\"@id\":\"https:\\\/\\\/dge.qroo.gob.mx\\\/#website\",\"url\":\"https:\\\/\\\/dge.qroo.gob.mx\\\/\",\"name\":\"Despacho de la Gubernatura de Quintana Roo\",\"description\":\"\",\"publisher\":{\"@id\":\"https:\\\/\\\/dge.qroo.gob.mx\\\/#organization\"},\"potentialAction\":[{\"@type\":\"SearchAction\",\"target\":{\"@type\":\"EntryPoint\",\"urlTemplate\":\"https:\\\/\\\/dge.qroo.gob.mx\\\/?s={search_term_string}\"},\"query-input\":{\"@type\":\"PropertyValueSpecification\",\"valueRequired\":true,\"valueName\":\"search_term_string\"}}],\"inLanguage\":\"es\"},{\"@type\":\"Organization\",\"@id\":\"https:\\\/\\\/dge.qroo.gob.mx\\\/#organization\",\"name\":\"Despacho de la Gubernatura de Quintana Roo\",\"url\":\"https:\\\/\\\/dge.qroo.gob.mx\\\/\",\"logo\":{\"@type\":\"ImageObject\",\"inLanguage\":\"es\",\"@id\":\"https:\\\/\\\/dge.qroo.gob.mx\\\/#\\\/schema\\\/logo\\\/image\\\/\",\"url\":\"https:\\\/\\\/dge.qroo.gob.mx\\\/wp-content\\\/uploads\\\/2026\\\/01\\\/DGROO-DESPACHO-DE-LA-GUBERNATURA-scaled.jpg\",\"contentUrl\":\"https:\\\/\\\/dge.qroo.gob.mx\\\/wp-content\\\/uploads\\\/2026\\\/01\\\/DGROO-DESPACHO-DE-LA-GUBERNATURA-scaled.jpg\",\"width\":2560,\"height\":619,\"caption\":\"Despacho de la Gubernatura de Quintana Roo\"},\"image\":{\"@id\":\"https:\\\/\\\/dge.qroo.gob.mx\\\/#\\\/schema\\\/logo\\\/image\\\/\"}}]}<\/script>\n<!-- \/ Yoast SEO plugin. -->","yoast_head_json":{"title":"Grupo Interdisciplinario de Archivos - Despacho de la Gubernatura de Quintana Roo","robots":{"index":"index","follow":"follow","max-snippet":"max-snippet:-1","max-image-preview":"max-image-preview:large","max-video-preview":"max-video-preview:-1"},"canonical":"https:\/\/dge.qroo.gob.mx\/index.php\/grupo-interdisciplinario-de-archivos\/","og_locale":"es_MX","og_type":"article","og_title":"Grupo Interdisciplinario de Archivos - Despacho de la Gubernatura de Quintana Roo","og_description":"Grupo Interdisciplinario de Archivos 2025 2024 2023 2025 ORDINARIA Primera Sesi\u00f3n Segunda Sesi\u00f3n EXTRAORDINARIA Primera Sesi\u00f3n Segunda Sesi\u00f3n Tercera Sesi\u00f3n 2024 ORDINARIA Primera sesi\u00f3n Segunda sesi\u00f3n EXTRAORDINARIA Primera sesi\u00f3n 2023 \u00a0 ORDINARIA Primera sesi\u00f3n Segunda sesi\u00f3n Tercera sesi\u00f3n EXTRAORDINARIA Primera sesi\u00f3n Segunda sesi\u00f3n","og_url":"https:\/\/dge.qroo.gob.mx\/index.php\/grupo-interdisciplinario-de-archivos\/","og_site_name":"Despacho de la Gubernatura de Quintana Roo","article_modified_time":"2026-02-03T18:58:29+00:00","twitter_card":"summary_large_image","twitter_misc":{"Tiempo de lectura":"1 minuto"},"schema":{"@context":"https:\/\/schema.org","@graph":[{"@type":"WebPage","@id":"https:\/\/dge.qroo.gob.mx\/index.php\/grupo-interdisciplinario-de-archivos\/","url":"https:\/\/dge.qroo.gob.mx\/index.php\/grupo-interdisciplinario-de-archivos\/","name":"Grupo Interdisciplinario de Archivos - Despacho de la Gubernatura de Quintana Roo","isPartOf":{"@id":"https:\/\/dge.qroo.gob.mx\/#website"},"datePublished":"2024-12-02T15:34:27+00:00","dateModified":"2026-02-03T18:58:29+00:00","breadcrumb":{"@id":"https:\/\/dge.qroo.gob.mx\/index.php\/grupo-interdisciplinario-de-archivos\/#breadcrumb"},"inLanguage":"es","potentialAction":[{"@type":"ReadAction","target":["https:\/\/dge.qroo.gob.mx\/index.php\/grupo-interdisciplinario-de-archivos\/"]}]},{"@type":"BreadcrumbList","@id":"https:\/\/dge.qroo.gob.mx\/index.php\/grupo-interdisciplinario-de-archivos\/#breadcrumb","itemListElement":[{"@type":"ListItem","position":1,"name":"Inicio","item":"https:\/\/dge.qroo.gob.mx\/"},{"@type":"ListItem","position":2,"name":"Grupo Interdisciplinario de Archivos"}]},{"@type":"WebSite","@id":"https:\/\/dge.qroo.gob.mx\/#website","url":"https:\/\/dge.qroo.gob.mx\/","name":"Despacho de la Gubernatura de Quintana Roo","description":"","publisher":{"@id":"https:\/\/dge.qroo.gob.mx\/#organization"},"potentialAction":[{"@type":"SearchAction","target":{"@type":"EntryPoint","urlTemplate":"https:\/\/dge.qroo.gob.mx\/?s={search_term_string}"},"query-input":{"@type":"PropertyValueSpecification","valueRequired":true,"valueName":"search_term_string"}}],"inLanguage":"es"},{"@type":"Organization","@id":"https:\/\/dge.qroo.gob.mx\/#organization","name":"Despacho de la Gubernatura de Quintana Roo","url":"https:\/\/dge.qroo.gob.mx\/","logo":{"@type":"ImageObject","inLanguage":"es","@id":"https:\/\/dge.qroo.gob.mx\/#\/schema\/logo\/image\/","url":"https:\/\/dge.qroo.gob.mx\/wp-content\/uploads\/2026\/01\/DGROO-DESPACHO-DE-LA-GUBERNATURA-scaled.jpg","contentUrl":"https:\/\/dge.qroo.gob.mx\/wp-content\/uploads\/2026\/01\/DGROO-DESPACHO-DE-LA-GUBERNATURA-scaled.jpg","width":2560,"height":619,"caption":"Despacho de la Gubernatura de Quintana Roo"},"image":{"@id":"https:\/\/dge.qroo.gob.mx\/#\/schema\/logo\/image\/"}}]}},"_links":{"self":[{"href":"https:\/\/dge.qroo.gob.mx\/index.php\/wp-json\/wp\/v2\/pages\/36842","targetHints":{"allow":["GET"]}}],"collection":[{"href":"https:\/\/dge.qroo.gob.mx\/index.php\/wp-json\/wp\/v2\/pages"}],"about":[{"href":"https:\/\/dge.qroo.gob.mx\/index.php\/wp-json\/wp\/v2\/types\/page"}],"author":[{"embeddable":true,"href":"https:\/\/dge.qroo.gob.mx\/index.php\/wp-json\/wp\/v2\/users\/4"}],"replies":[{"embeddable":true,"href":"https:\/\/dge.qroo.gob.mx\/index.php\/wp-json\/wp\/v2\/comments?post=36842"}],"version-history":[{"count":22,"href":"https:\/\/dge.qroo.gob.mx\/index.php\/wp-json\/wp\/v2\/pages\/36842\/revisions"}],"predecessor-version":[{"id":38827,"href":"https:\/\/dge.qroo.gob.mx\/index.php\/wp-json\/wp\/v2\/pages\/36842\/revisions\/38827"}],"wp:attachment":[{"href":"https:\/\/dge.qroo.gob.mx\/index.php\/wp-json\/wp\/v2\/media?parent=36842"}],"curies":[{"name":"wp","href":"https:\/\/api.w.org\/{rel}","templated":true}]}}