{"id":36478,"date":"2024-09-05T16:48:10","date_gmt":"2024-09-05T21:48:10","guid":{"rendered":"https:\/\/dge.qroo.gob.mx\/?page_id=36478"},"modified":"2025-04-23T18:07:40","modified_gmt":"2025-04-23T23:07:40","slug":"informe-de-solicitudes-de-informacion-2024","status":"publish","type":"page","link":"https:\/\/dge.qroo.gob.mx\/index.php\/informe-de-solicitudes-de-informacion-2024\/","title":{"rendered":"INFORME DE SOLICITUDES DE INFORMACI\u00d3N 2024"},"content":{"rendered":"\t\t<div data-elementor-type=\"wp-page\" data-elementor-id=\"36478\" class=\"elementor elementor-36478\">\n\t\t\t\t<div class=\"elementor-element elementor-element-6e6d419 e-flex e-con-boxed e-con e-parent\" data-id=\"6e6d419\" data-element_type=\"container\" data-e-type=\"container\">\n\t\t\t\t\t<div class=\"e-con-inner\">\n\t\t\t\t<div class=\"elementor-element elementor-element-c487dec elementor-widget elementor-widget-heading\" data-id=\"c487dec\" data-element_type=\"widget\" data-e-type=\"widget\" data-widget_type=\"heading.default\">\n\t\t\t\t<div class=\"elementor-widget-container\">\n\t\t\t\t\t<h2 class=\"elementor-heading-title elementor-size-default\">INFORME DE SOLICITUDES DE INFORMACI\u00d3N 2024<\/h2>\t\t\t\t<\/div>\n\t\t\t\t<\/div>\n\t\t\t\t\t<\/div>\n\t\t\t\t<\/div>\n\t\t<div class=\"elementor-element elementor-element-939a9d5 e-flex e-con-boxed e-con e-parent\" data-id=\"939a9d5\" data-element_type=\"container\" data-e-type=\"container\">\n\t\t\t\t\t<div class=\"e-con-inner\">\n\t\t\t\t<div class=\"elementor-element elementor-element-c391d70 elementor-widget elementor-widget-spacer\" data-id=\"c391d70\" data-element_type=\"widget\" data-e-type=\"widget\" data-widget_type=\"spacer.default\">\n\t\t\t\t<div class=\"elementor-widget-container\">\n\t\t\t\t\t\t\t<div class=\"elementor-spacer\">\n\t\t\t<div class=\"elementor-spacer-inner\"><\/div>\n\t\t<\/div>\n\t\t\t\t\t\t<\/div>\n\t\t\t\t<\/div>\n\t\t\t\t<div class=\"elementor-element elementor-element-1760d77 elementor-widget elementor-widget-text-editor\" data-id=\"1760d77\" data-element_type=\"widget\" data-e-type=\"widget\" data-widget_type=\"text-editor.default\">\n\t\t\t\t<div class=\"elementor-widget-container\">\n\t\t\t\t\t\t\t\t\t<h5><u>FRACCION XXIX EN LA PLATAFORMA NACIONAL DE TRANSPARENCIA (PNT)<\/u><\/h5>\t\t\t\t\t\t\t\t<\/div>\n\t\t\t\t<\/div>\n\t\t\t\t\t<\/div>\n\t\t\t\t<\/div>\n\t\t<div class=\"elementor-element elementor-element-4516eac e-flex e-con-boxed e-con e-parent\" data-id=\"4516eac\" data-element_type=\"container\" data-e-type=\"container\">\n\t\t\t\t\t<div class=\"e-con-inner\">\n\t\t\t\t<div class=\"elementor-element elementor-element-e04d3bc elementor-widget elementor-widget-text-editor\" data-id=\"e04d3bc\" data-element_type=\"widget\" data-e-type=\"widget\" data-widget_type=\"text-editor.default\">\n\t\t\t\t<div class=\"elementor-widget-container\">\n\t\t\t\t\t\t\t\t\t<p>Los sujetos obligados deber\u00e1n publicar una relaci\u00f3n de todos y cada uno de los informes que, de acuerdo con su naturaleza y la normatividad vigente que les resulte aplicable, se encuentren obligados a rendir ante cualquier otro sujeto obligado; asimismo, se deber\u00e1 vincular al documento del informe que corresponda.<\/p><p>La informaci\u00f3n publicada no deber\u00e1 estar relacionada con informes program\u00e1ticos presupuestales y financieros, tampoco deber\u00e1 relacionarse con la informaci\u00f3n sobre procedimientos de adjudicaci\u00f3n directa, invitaci\u00f3n restringida y licitaci\u00f3n de cualquier naturaleza.<\/p><p><strong><u>INFORMES 2024<\/u><\/strong><\/p><p><strong>INFORMES MENSUALES<\/strong><\/p><div><ul><li><strong>Enero<\/strong><\/li><\/ul><\/div><ol><li><a href=\"https:\/\/drive.google.com\/file\/d\/1Ev5ux34Frfb6KjtCzNnZ0T_GT5folLY5\/view?usp=sharing\" target=\"_blank\" rel=\"noopener noreferrer\">Informe de Solicitud de Informaci\u00f3n<\/a><a href=\"https:\/\/drive.google.com\/file\/d\/1fQCjmaJu7USGPwPEwrFtpVLWRvQ9sdp8\/view\" target=\"_blank\" rel=\"noopener noreferrer\">\u00a0<\/a><\/li><li><a href=\"https:\/\/drive.google.com\/file\/d\/1GxPKvd16BDrW6dFUztuVXD9SEDtlLvZ-\/view?usp=sharing\" target=\"_blank\" rel=\"noopener noreferrer\">Informe de Solicitudes de Derechos ARCO<\/a><\/li><\/ol><div><ul><li><strong>Febrero<\/strong><\/li><\/ul><\/div><ol><li><a href=\"https:\/\/drive.google.com\/file\/d\/1rBAEFC-8Uy3BbIZEBlS2-OOoWpHkeJrl\/view?usp=sharing\" target=\"_blank\" rel=\"noopener noreferrer\">Informe de Solicitud de Informaci\u00f3n<\/a><a href=\"https:\/\/drive.google.com\/file\/d\/1d4JWBvcJtcGU_g7w9mCQit165Sc6hSPz\/view\" target=\"_blank\" rel=\"noopener noreferrer\">\u00a0<\/a><\/li><li><a href=\"https:\/\/drive.google.com\/file\/d\/1dir_RDlbRX-rxwXUU0isy1zPIwIh9ctk\/view?usp=sharing\" target=\"_blank\" rel=\"noopener noreferrer\">Informe de Solicitudes de Derechos ARCO<\/a><\/li><\/ol><div><ul><li><strong>Marzo<\/strong><\/li><\/ul><\/div><ol><li><a href=\"https:\/\/drive.google.com\/file\/d\/1Ns8lxtybWUHEqpWqNSNrkj2cRWZNtzjM\/view?usp=sharing\" target=\"_blank\" rel=\"noopener noreferrer\">Informe de Solicitud de Informaci\u00f3n<\/a><a href=\"https:\/\/drive.google.com\/file\/d\/1yROwjl4VzX5Xsw7uD2JDlbcihFx9qiVt\/view\" target=\"_blank\" rel=\"noopener noreferrer\">\u00a0<\/a><\/li><li><a href=\"https:\/\/drive.google.com\/file\/d\/1F6-EmcK0R7kd8S1qfGrByVfEU1A6ejSX\/view?usp=sharing\" target=\"_blank\" rel=\"noopener noreferrer\">Informe de Solicitudes de Derechos ARCO<\/a><\/li><\/ol><div><ul><li><strong>Abril<\/strong><\/li><\/ul><\/div><ol><li><a href=\"https:\/\/drive.google.com\/file\/d\/1qjWRQFt-YKwhRSCvtRDguqiaDJOJPf4i\/view?usp=sharing\" target=\"_blank\" rel=\"noopener noreferrer\">Informe de Solicitud de Informaci\u00f3n<\/a><a href=\"https:\/\/drive.google.com\/file\/d\/1yROwjl4VzX5Xsw7uD2JDlbcihFx9qiVt\/view\" target=\"_blank\" rel=\"noopener noreferrer\">\u00a0<\/a><\/li><li><a href=\"https:\/\/drive.google.com\/file\/d\/17_B59OIN7gw4EsDcWli0Eff4oJeb7y6a\/view?usp=sharing\" target=\"_blank\" rel=\"noopener noreferrer\">Informe de Solicitudes de Derechos ARCO<\/a><\/li><\/ol><div><ul><li><strong>Mayo<\/strong><\/li><\/ul><\/div><ol><li><a href=\"https:\/\/drive.google.com\/file\/d\/1g-dzDN7Cn9CC8KhEINvSpbzDSz6GHQ15\/view?usp=sharing\" target=\"_blank\" rel=\"noopener noreferrer\">Informe de Solicitud de Informaci\u00f3n<\/a><a href=\"https:\/\/drive.google.com\/file\/d\/1yROwjl4VzX5Xsw7uD2JDlbcihFx9qiVt\/view\" target=\"_blank\" rel=\"noopener noreferrer\">\u00a0<\/a><\/li><li><a href=\"https:\/\/drive.google.com\/file\/d\/1sNlccFd478Xz_WKw9n5dGp4SPNJ30Lyc\/view?usp=sharing\" target=\"_blank\" rel=\"noopener noreferrer\">Informe de Solicitudes de Derechos ARCO<\/a><\/li><\/ol><div><ul><li><strong>Junio<\/strong><\/li><\/ul><\/div><ol><li><a href=\"https:\/\/drive.google.com\/file\/d\/1zVpD3NaAqUbc6YwfUAyahPiL5KEI3wpN\/view?usp=sharing\" target=\"_blank\" rel=\"noopener noreferrer\">Informe de Solicitud de Informaci\u00f3n<\/a><a href=\"https:\/\/drive.google.com\/file\/d\/1yROwjl4VzX5Xsw7uD2JDlbcihFx9qiVt\/view\" target=\"_blank\" rel=\"noopener noreferrer\">\u00a0<\/a><\/li><li><a href=\"https:\/\/drive.google.com\/file\/d\/1sAeLyN7PcJSOLUVwG4HRx2A9WXAxWX_T\/view?usp=sharing\" target=\"_blank\" rel=\"noopener noreferrer\">Informe de Solicitudes de Derechos ARCO<\/a><\/li><\/ol><div><ul><li><strong>Julio<\/strong><\/li><\/ul><\/div><ol><li><a href=\"https:\/\/drive.google.com\/file\/d\/1BrV7YRBvBvNeK4TUE1gVODpR3HtMU5cI\/view?usp=sharing\" target=\"_blank\" rel=\"noopener noreferrer\">Informe de Solicitud de Informaci\u00f3n<\/a><a href=\"https:\/\/drive.google.com\/file\/d\/1yROwjl4VzX5Xsw7uD2JDlbcihFx9qiVt\/view\" target=\"_blank\" rel=\"noopener noreferrer\">\u00a0<\/a><\/li><li><a href=\"https:\/\/drive.google.com\/file\/d\/1eyW0be6DGRTxIjRWGo3u14bHhm5FhddX\/view?usp=sharing\" target=\"_blank\" rel=\"noopener noreferrer\">Informe de Solicitudes de Derechos ARCO<\/a><\/li><\/ol><div><ul><li><strong>Agosto<\/strong><\/li><\/ul><\/div><ol><li><a href=\"https:\/\/drive.google.com\/file\/d\/1gWmkN9gS6xqJ3W26F-7cufJX5iuX_xye\/view?usp=sharing\" target=\"_blank\" rel=\"noopener noreferrer\">Informe de Solicitud de Informaci\u00f3n<\/a><a href=\"https:\/\/drive.google.com\/file\/d\/1yROwjl4VzX5Xsw7uD2JDlbcihFx9qiVt\/view\" target=\"_blank\" rel=\"noopener noreferrer\">\u00a0<\/a><\/li><li><a href=\"https:\/\/drive.google.com\/file\/d\/1G1yAnmgvOmHFeQhVElV6Klw7aV0gZkO8\/view?usp=sharing\" target=\"_blank\" rel=\"noopener noreferrer\">Informe de Solicitudes de Derechos ARCO<\/a><\/li><\/ol><div><ul><li><strong>Septiembre<\/strong><\/li><\/ul><\/div><ol><li><a href=\"https:\/\/drive.google.com\/file\/d\/104LO5mYVzUhy_nGneI3IRtLqGnRhdOHu\/view?usp=sharing\" target=\"_blank\" rel=\"noopener noreferrer\">Informe de Solicitud de Informaci\u00f3n<\/a><a href=\"https:\/\/drive.google.com\/file\/d\/1yROwjl4VzX5Xsw7uD2JDlbcihFx9qiVt\/view\" target=\"_blank\" rel=\"noopener noreferrer\">\u00a0<\/a><\/li><li><a href=\"https:\/\/drive.google.com\/file\/d\/1DH7Ae6XEdD6hKJku7NE8HfUpggP8jxtT\/view?usp=sharing\" target=\"_blank\" rel=\"noopener noreferrer\">Informe de Solicitudes de Derechos ARCO<\/a><\/li><\/ol><div><ul><li><strong>Octubre<\/strong><\/li><\/ul><\/div><ol><li><a href=\"https:\/\/drive.google.com\/file\/d\/1NG9nOHD20xXSVwbzbQ1i1ZBVy532mDKv\/view?usp=drive_link\" target=\"_blank\" rel=\"noopener noreferrer\">Informe de Solicitud de Informaci\u00f3n<\/a><a href=\"https:\/\/drive.google.com\/file\/d\/1yROwjl4VzX5Xsw7uD2JDlbcihFx9qiVt\/view\" target=\"_blank\" rel=\"noopener noreferrer\">\u00a0<\/a><\/li><li><a href=\"https:\/\/drive.google.com\/file\/d\/1F1UDsPrVH4fUUihJ7HuTye8Ytdv_W9vm\/view?usp=sharing\" target=\"_blank\" rel=\"noopener noreferrer\">Informe de Solicitudes de Derechos ARCO<\/a><\/li><\/ol><div><ul><li><strong>Noviembre<\/strong><\/li><\/ul><\/div><ol><li><a href=\"https:\/\/drive.google.com\/file\/d\/1ExIjUu0lnK7Y4X97jvmnQ2886trH0dcD\/view?usp=sharing\" target=\"_blank\" rel=\"noopener noreferrer\">Informe de Solicitud de Informaci\u00f3n<\/a><a href=\"https:\/\/drive.google.com\/file\/d\/1yROwjl4VzX5Xsw7uD2JDlbcihFx9qiVt\/view\" target=\"_blank\" rel=\"noopener noreferrer\">\u00a0<\/a><\/li><li><a href=\"https:\/\/drive.google.com\/file\/d\/1R6IEHlzWkT_tOCm2rNl8BSd1YDfyOC01\/view?usp=sharing\" target=\"_blank\" rel=\"noopener noreferrer\">Informe de Solicitudes de Derechos ARCO<\/a><\/li><\/ol><div><ul><li><strong>Diciembre<\/strong><\/li><\/ul><\/div><ol><li><a href=\"https:\/\/drive.google.com\/file\/d\/1Pmj5FFe7f-cFyuPPKx_6QbQ4ZwGw9Ih6\/view\" target=\"_blank\" rel=\"noopener noreferrer\">Informe de Solicitud de Informaci\u00f3n<\/a><a href=\"https:\/\/drive.google.com\/file\/d\/1yROwjl4VzX5Xsw7uD2JDlbcihFx9qiVt\/view\" target=\"_blank\" rel=\"noopener noreferrer\">\u00a0<\/a><\/li><li><a href=\"https:\/\/drive.google.com\/file\/d\/1Aj11NdyUjBHAdiXxz5TuIL6JR8yG-hAK\/view?usp=sharing\" target=\"_blank\" rel=\"noopener noreferrer\">Informe de Solicitudes de Derechos ARCO<\/a><\/li><\/ol><p>\u00a0<\/p><p><strong>INFORME ANUAL<\/strong><\/p><p><strong>EN CUMPLIMIENTO AL ART. 59 DE LA LTAIPQROO<\/strong><\/p><ol><li><a href=\"https:\/\/drive.google.com\/file\/d\/1JzIfRtqVJOMiPRz1MF3tDJ7Tbun4bgg5\/view?usp=sharing\" target=\"_blank\" rel=\"noopener\">Informe Anual de Informaci\u00f3n enero-diciembre 2024<\/a><\/li><li><a href=\"https:\/\/drive.google.com\/file\/d\/1IHb3L2gt8bP7cWHHxExRpEYifpm2BsHH\/view?usp=sharing\" target=\"_blank\" rel=\"noopener\">Informe Anual Solicitudes de Derecho ARCO enero-diciembre 2024<\/a><\/li><\/ol>\t\t\t\t\t\t\t\t<\/div>\n\t\t\t\t<\/div>\n\t\t\t\t\t<\/div>\n\t\t\t\t<\/div>\n\t\t\t\t<\/div>\n\t\t","protected":false},"excerpt":{"rendered":"<p>INFORME DE SOLICITUDES DE INFORMACI\u00d3N 2024 FRACCION XXIX EN LA PLATAFORMA NACIONAL DE TRANSPARENCIA (PNT) Los sujetos obligados deber\u00e1n publicar una relaci\u00f3n de todos y cada uno de los informes que, de acuerdo con su naturaleza y la normatividad vigente que les resulte aplicable, se encuentren obligados a rendir ante cualquier otro sujeto obligado; asimismo, &#8230; <a title=\"INFORME DE SOLICITUDES DE INFORMACI\u00d3N 2024\" class=\"read-more\" href=\"https:\/\/dge.qroo.gob.mx\/index.php\/informe-de-solicitudes-de-informacion-2024\/\" aria-label=\"Leer m\u00e1s sobre INFORME DE SOLICITUDES DE INFORMACI\u00d3N 2024\">Leer m\u00e1s<\/a><\/p>\n","protected":false},"author":4,"featured_media":0,"parent":0,"menu_order":0,"comment_status":"closed","ping_status":"closed","template":"","meta":{"footnotes":""},"class_list":["post-36478","page","type-page","status-publish"],"yoast_head":"<!-- This site is optimized with the Yoast SEO plugin v27.4 - https:\/\/yoast.com\/product\/yoast-seo-wordpress\/ -->\n<title>INFORME DE SOLICITUDES DE INFORMACI\u00d3N 2024 - Despacho de la Gubernatura de Quintana Roo<\/title>\n<meta name=\"robots\" content=\"index, follow, max-snippet:-1, max-image-preview:large, max-video-preview:-1\" \/>\n<link rel=\"canonical\" href=\"https:\/\/dge.qroo.gob.mx\/index.php\/informe-de-solicitudes-de-informacion-2024\/\" \/>\n<meta property=\"og:locale\" content=\"es_MX\" \/>\n<meta property=\"og:type\" content=\"article\" \/>\n<meta property=\"og:title\" content=\"INFORME DE SOLICITUDES DE INFORMACI\u00d3N 2024 - Despacho de la Gubernatura de Quintana Roo\" \/>\n<meta property=\"og:description\" content=\"INFORME DE SOLICITUDES DE INFORMACI\u00d3N 2024 FRACCION XXIX EN LA PLATAFORMA NACIONAL DE TRANSPARENCIA (PNT) Los sujetos obligados deber\u00e1n publicar una relaci\u00f3n de todos y cada uno de los informes que, de acuerdo con su naturaleza y la normatividad vigente que les resulte aplicable, se encuentren obligados a rendir ante cualquier otro sujeto obligado; asimismo, ... Leer m\u00e1s\" \/>\n<meta property=\"og:url\" content=\"https:\/\/dge.qroo.gob.mx\/index.php\/informe-de-solicitudes-de-informacion-2024\/\" \/>\n<meta property=\"og:site_name\" content=\"Despacho de la Gubernatura de Quintana Roo\" \/>\n<meta property=\"article:modified_time\" content=\"2025-04-23T23:07:40+00:00\" \/>\n<meta name=\"twitter:card\" content=\"summary_large_image\" \/>\n<meta name=\"twitter:label1\" content=\"Tiempo de lectura\" \/>\n\t<meta name=\"twitter:data1\" content=\"2 minutos\" \/>\n<script type=\"application\/ld+json\" class=\"yoast-schema-graph\">{\"@context\":\"https:\\\/\\\/schema.org\",\"@graph\":[{\"@type\":\"WebPage\",\"@id\":\"https:\\\/\\\/dge.qroo.gob.mx\\\/index.php\\\/informe-de-solicitudes-de-informacion-2024\\\/\",\"url\":\"https:\\\/\\\/dge.qroo.gob.mx\\\/index.php\\\/informe-de-solicitudes-de-informacion-2024\\\/\",\"name\":\"INFORME DE SOLICITUDES DE INFORMACI\u00d3N 2024 - Despacho de la Gubernatura de Quintana Roo\",\"isPartOf\":{\"@id\":\"https:\\\/\\\/dge.qroo.gob.mx\\\/#website\"},\"datePublished\":\"2024-09-05T21:48:10+00:00\",\"dateModified\":\"2025-04-23T23:07:40+00:00\",\"breadcrumb\":{\"@id\":\"https:\\\/\\\/dge.qroo.gob.mx\\\/index.php\\\/informe-de-solicitudes-de-informacion-2024\\\/#breadcrumb\"},\"inLanguage\":\"es\",\"potentialAction\":[{\"@type\":\"ReadAction\",\"target\":[\"https:\\\/\\\/dge.qroo.gob.mx\\\/index.php\\\/informe-de-solicitudes-de-informacion-2024\\\/\"]}]},{\"@type\":\"BreadcrumbList\",\"@id\":\"https:\\\/\\\/dge.qroo.gob.mx\\\/index.php\\\/informe-de-solicitudes-de-informacion-2024\\\/#breadcrumb\",\"itemListElement\":[{\"@type\":\"ListItem\",\"position\":1,\"name\":\"Inicio\",\"item\":\"https:\\\/\\\/dge.qroo.gob.mx\\\/\"},{\"@type\":\"ListItem\",\"position\":2,\"name\":\"INFORME DE SOLICITUDES DE INFORMACI\u00d3N 2024\"}]},{\"@type\":\"WebSite\",\"@id\":\"https:\\\/\\\/dge.qroo.gob.mx\\\/#website\",\"url\":\"https:\\\/\\\/dge.qroo.gob.mx\\\/\",\"name\":\"Despacho de la Gubernatura de Quintana Roo\",\"description\":\"\",\"publisher\":{\"@id\":\"https:\\\/\\\/dge.qroo.gob.mx\\\/#organization\"},\"potentialAction\":[{\"@type\":\"SearchAction\",\"target\":{\"@type\":\"EntryPoint\",\"urlTemplate\":\"https:\\\/\\\/dge.qroo.gob.mx\\\/?s={search_term_string}\"},\"query-input\":{\"@type\":\"PropertyValueSpecification\",\"valueRequired\":true,\"valueName\":\"search_term_string\"}}],\"inLanguage\":\"es\"},{\"@type\":\"Organization\",\"@id\":\"https:\\\/\\\/dge.qroo.gob.mx\\\/#organization\",\"name\":\"Despacho de la Gubernatura de Quintana Roo\",\"url\":\"https:\\\/\\\/dge.qroo.gob.mx\\\/\",\"logo\":{\"@type\":\"ImageObject\",\"inLanguage\":\"es\",\"@id\":\"https:\\\/\\\/dge.qroo.gob.mx\\\/#\\\/schema\\\/logo\\\/image\\\/\",\"url\":\"https:\\\/\\\/dge.qroo.gob.mx\\\/wp-content\\\/uploads\\\/2026\\\/01\\\/DGROO-DESPACHO-DE-LA-GUBERNATURA-scaled.jpg\",\"contentUrl\":\"https:\\\/\\\/dge.qroo.gob.mx\\\/wp-content\\\/uploads\\\/2026\\\/01\\\/DGROO-DESPACHO-DE-LA-GUBERNATURA-scaled.jpg\",\"width\":2560,\"height\":619,\"caption\":\"Despacho de la Gubernatura de Quintana Roo\"},\"image\":{\"@id\":\"https:\\\/\\\/dge.qroo.gob.mx\\\/#\\\/schema\\\/logo\\\/image\\\/\"}}]}<\/script>\n<!-- \/ Yoast SEO plugin. -->","yoast_head_json":{"title":"INFORME DE SOLICITUDES DE INFORMACI\u00d3N 2024 - Despacho de la Gubernatura de Quintana Roo","robots":{"index":"index","follow":"follow","max-snippet":"max-snippet:-1","max-image-preview":"max-image-preview:large","max-video-preview":"max-video-preview:-1"},"canonical":"https:\/\/dge.qroo.gob.mx\/index.php\/informe-de-solicitudes-de-informacion-2024\/","og_locale":"es_MX","og_type":"article","og_title":"INFORME DE SOLICITUDES DE INFORMACI\u00d3N 2024 - Despacho de la Gubernatura de Quintana Roo","og_description":"INFORME DE SOLICITUDES DE INFORMACI\u00d3N 2024 FRACCION XXIX EN LA PLATAFORMA NACIONAL DE TRANSPARENCIA (PNT) Los sujetos obligados deber\u00e1n publicar una relaci\u00f3n de todos y cada uno de los informes que, de acuerdo con su naturaleza y la normatividad vigente que les resulte aplicable, se encuentren obligados a rendir ante cualquier otro sujeto obligado; asimismo, ... Leer m\u00e1s","og_url":"https:\/\/dge.qroo.gob.mx\/index.php\/informe-de-solicitudes-de-informacion-2024\/","og_site_name":"Despacho de la Gubernatura de Quintana Roo","article_modified_time":"2025-04-23T23:07:40+00:00","twitter_card":"summary_large_image","twitter_misc":{"Tiempo de lectura":"2 minutos"},"schema":{"@context":"https:\/\/schema.org","@graph":[{"@type":"WebPage","@id":"https:\/\/dge.qroo.gob.mx\/index.php\/informe-de-solicitudes-de-informacion-2024\/","url":"https:\/\/dge.qroo.gob.mx\/index.php\/informe-de-solicitudes-de-informacion-2024\/","name":"INFORME DE SOLICITUDES DE INFORMACI\u00d3N 2024 - Despacho de la Gubernatura de Quintana Roo","isPartOf":{"@id":"https:\/\/dge.qroo.gob.mx\/#website"},"datePublished":"2024-09-05T21:48:10+00:00","dateModified":"2025-04-23T23:07:40+00:00","breadcrumb":{"@id":"https:\/\/dge.qroo.gob.mx\/index.php\/informe-de-solicitudes-de-informacion-2024\/#breadcrumb"},"inLanguage":"es","potentialAction":[{"@type":"ReadAction","target":["https:\/\/dge.qroo.gob.mx\/index.php\/informe-de-solicitudes-de-informacion-2024\/"]}]},{"@type":"BreadcrumbList","@id":"https:\/\/dge.qroo.gob.mx\/index.php\/informe-de-solicitudes-de-informacion-2024\/#breadcrumb","itemListElement":[{"@type":"ListItem","position":1,"name":"Inicio","item":"https:\/\/dge.qroo.gob.mx\/"},{"@type":"ListItem","position":2,"name":"INFORME DE SOLICITUDES DE INFORMACI\u00d3N 2024"}]},{"@type":"WebSite","@id":"https:\/\/dge.qroo.gob.mx\/#website","url":"https:\/\/dge.qroo.gob.mx\/","name":"Despacho de la Gubernatura de Quintana Roo","description":"","publisher":{"@id":"https:\/\/dge.qroo.gob.mx\/#organization"},"potentialAction":[{"@type":"SearchAction","target":{"@type":"EntryPoint","urlTemplate":"https:\/\/dge.qroo.gob.mx\/?s={search_term_string}"},"query-input":{"@type":"PropertyValueSpecification","valueRequired":true,"valueName":"search_term_string"}}],"inLanguage":"es"},{"@type":"Organization","@id":"https:\/\/dge.qroo.gob.mx\/#organization","name":"Despacho de la Gubernatura de Quintana Roo","url":"https:\/\/dge.qroo.gob.mx\/","logo":{"@type":"ImageObject","inLanguage":"es","@id":"https:\/\/dge.qroo.gob.mx\/#\/schema\/logo\/image\/","url":"https:\/\/dge.qroo.gob.mx\/wp-content\/uploads\/2026\/01\/DGROO-DESPACHO-DE-LA-GUBERNATURA-scaled.jpg","contentUrl":"https:\/\/dge.qroo.gob.mx\/wp-content\/uploads\/2026\/01\/DGROO-DESPACHO-DE-LA-GUBERNATURA-scaled.jpg","width":2560,"height":619,"caption":"Despacho de la Gubernatura de Quintana Roo"},"image":{"@id":"https:\/\/dge.qroo.gob.mx\/#\/schema\/logo\/image\/"}}]}},"_links":{"self":[{"href":"https:\/\/dge.qroo.gob.mx\/index.php\/wp-json\/wp\/v2\/pages\/36478","targetHints":{"allow":["GET"]}}],"collection":[{"href":"https:\/\/dge.qroo.gob.mx\/index.php\/wp-json\/wp\/v2\/pages"}],"about":[{"href":"https:\/\/dge.qroo.gob.mx\/index.php\/wp-json\/wp\/v2\/types\/page"}],"author":[{"embeddable":true,"href":"https:\/\/dge.qroo.gob.mx\/index.php\/wp-json\/wp\/v2\/users\/4"}],"replies":[{"embeddable":true,"href":"https:\/\/dge.qroo.gob.mx\/index.php\/wp-json\/wp\/v2\/comments?post=36478"}],"version-history":[{"count":19,"href":"https:\/\/dge.qroo.gob.mx\/index.php\/wp-json\/wp\/v2\/pages\/36478\/revisions"}],"predecessor-version":[{"id":37549,"href":"https:\/\/dge.qroo.gob.mx\/index.php\/wp-json\/wp\/v2\/pages\/36478\/revisions\/37549"}],"wp:attachment":[{"href":"https:\/\/dge.qroo.gob.mx\/index.php\/wp-json\/wp\/v2\/media?parent=36478"}],"curies":[{"name":"wp","href":"https:\/\/api.w.org\/{rel}","templated":true}]}}