{"id":36464,"date":"2024-09-05T16:40:14","date_gmt":"2024-09-05T21:40:14","guid":{"rendered":"https:\/\/dge.qroo.gob.mx\/?page_id=36464"},"modified":"2024-09-05T16:43:50","modified_gmt":"2024-09-05T21:43:50","slug":"informe-de-solicitudes-de-informacion-2022","status":"publish","type":"page","link":"https:\/\/dge.qroo.gob.mx\/index.php\/informe-de-solicitudes-de-informacion-2022\/","title":{"rendered":"INFORME DE SOLICITUDES DE INFORMACI\u00d3N 2022"},"content":{"rendered":"\t\t<div data-elementor-type=\"wp-page\" data-elementor-id=\"36464\" class=\"elementor elementor-36464\">\n\t\t\t\t<div class=\"elementor-element elementor-element-01dd829 e-flex e-con-boxed e-con e-parent\" data-id=\"01dd829\" data-element_type=\"container\" data-e-type=\"container\">\n\t\t\t\t\t<div class=\"e-con-inner\">\n\t\t\t\t<div class=\"elementor-element elementor-element-5354aeb elementor-widget elementor-widget-heading\" data-id=\"5354aeb\" data-element_type=\"widget\" data-e-type=\"widget\" data-widget_type=\"heading.default\">\n\t\t\t\t<div class=\"elementor-widget-container\">\n\t\t\t\t\t<h2 class=\"elementor-heading-title elementor-size-default\">INFORME DE SOLICITUDES DE INFORMACI\u00d3N 2022<\/h2>\t\t\t\t<\/div>\n\t\t\t\t<\/div>\n\t\t\t\t\t<\/div>\n\t\t\t\t<\/div>\n\t\t<div class=\"elementor-element elementor-element-47d0675 e-flex e-con-boxed e-con e-parent\" data-id=\"47d0675\" data-element_type=\"container\" data-e-type=\"container\">\n\t\t\t\t\t<div class=\"e-con-inner\">\n\t\t\t\t<div class=\"elementor-element elementor-element-62afd98 elementor-widget elementor-widget-spacer\" data-id=\"62afd98\" data-element_type=\"widget\" data-e-type=\"widget\" data-widget_type=\"spacer.default\">\n\t\t\t\t<div class=\"elementor-widget-container\">\n\t\t\t\t\t\t\t<div class=\"elementor-spacer\">\n\t\t\t<div class=\"elementor-spacer-inner\"><\/div>\n\t\t<\/div>\n\t\t\t\t\t\t<\/div>\n\t\t\t\t<\/div>\n\t\t\t\t<div class=\"elementor-element elementor-element-b793343 elementor-widget elementor-widget-text-editor\" data-id=\"b793343\" data-element_type=\"widget\" data-e-type=\"widget\" data-widget_type=\"text-editor.default\">\n\t\t\t\t<div class=\"elementor-widget-container\">\n\t\t\t\t\t\t\t\t\t<h5><u>FRACCION XXIX EN LA PLATAFORMA NACIONAL DE TRANSPARENCIA (PNT)<\/u><\/h5>\t\t\t\t\t\t\t\t<\/div>\n\t\t\t\t<\/div>\n\t\t\t\t\t<\/div>\n\t\t\t\t<\/div>\n\t\t<div class=\"elementor-element elementor-element-9ec5fd9 e-flex e-con-boxed e-con e-parent\" data-id=\"9ec5fd9\" data-element_type=\"container\" data-e-type=\"container\">\n\t\t\t\t\t<div class=\"e-con-inner\">\n\t\t\t\t<div class=\"elementor-element elementor-element-9bb2a51 elementor-widget elementor-widget-text-editor\" data-id=\"9bb2a51\" data-element_type=\"widget\" data-e-type=\"widget\" data-widget_type=\"text-editor.default\">\n\t\t\t\t<div class=\"elementor-widget-container\">\n\t\t\t\t\t\t\t\t\t<p>Los sujetos obligados deber\u00e1n publicar una relaci\u00f3n de todos y cada uno de los informes que, de acuerdo con su naturaleza y la normatividad vigente que les resulte aplicable, se encuentren obligados a rendir ante cualquier otro sujeto obligado; asimismo, se deber\u00e1 vincular al documento del informe que corresponda.<\/p><p>La informaci\u00f3n publicada no deber\u00e1 estar relacionada con informes program\u00e1ticos presupuestales y financieros, tampoco deber\u00e1 relacionarse con la informaci\u00f3n sobre procedimientos de adjudicaci\u00f3n directa, invitaci\u00f3n restringida y licitaci\u00f3n de cualquier naturaleza.<\/p><p><strong><u>INFORMES 2022<\/u><\/strong><\/p><p><strong>INFORMES MENSUALES<\/strong><\/p><div><ul><li><strong>Enero<\/strong><\/li><\/ul><\/div><ol><li><a href=\"https:\/\/drive.google.com\/file\/d\/1fQCjmaJu7USGPwPEwrFtpVLWRvQ9sdp8\/view\" target=\"_blank\" rel=\"noopener noreferrer\">Informe de Solicitud de Informaci\u00f3n<\/a><a href=\"https:\/\/drive.google.com\/file\/d\/1fQCjmaJu7USGPwPEwrFtpVLWRvQ9sdp8\/view\" target=\"_blank\" rel=\"noopener noreferrer\">\u00a0<\/a><\/li><li><a href=\"https:\/\/drive.google.com\/file\/d\/1CEsUMvoHoTMXrwxVyTL63Y-DhhCT7p6H\/view\" target=\"_blank\" rel=\"noopener noreferrer\">Informe de Solicitudes de Derechos ARCO<\/a><\/li><\/ol><div><ul><li><strong>Febrero<\/strong><\/li><\/ul><\/div><ol><li><a href=\"https:\/\/drive.google.com\/file\/d\/1FIXxEqTyST_FZu9AVJJnWv_M2QzDMQNp\/view\" target=\"_blank\" rel=\"noopener noreferrer\">Informe de Solicitud de Informaci\u00f3n<\/a><a href=\"https:\/\/drive.google.com\/file\/d\/1d4JWBvcJtcGU_g7w9mCQit165Sc6hSPz\/view\" target=\"_blank\" rel=\"noopener noreferrer\">\u00a0<\/a><\/li><li><a href=\"https:\/\/drive.google.com\/file\/d\/1O2qy8LVkAkBoNGkeZ-BKXaLCIh2UYyM7\/view\" target=\"_blank\" rel=\"noopener noreferrer\">Informe de Solicitudes de Derechos ARCO<\/a><\/li><\/ol><div><ul><li><strong>Marzo<\/strong><\/li><\/ul><\/div><ol><li><a href=\"https:\/\/drive.google.com\/file\/d\/1blvrQyIlCz70fUIUD2DKMeJv3qeX8Ecx\/view\" target=\"_blank\" rel=\"noopener noreferrer\">Informe de Solicitud de Informaci\u00f3n<\/a><a href=\"https:\/\/drive.google.com\/file\/d\/1yROwjl4VzX5Xsw7uD2JDlbcihFx9qiVt\/view\" target=\"_blank\" rel=\"noopener noreferrer\">\u00a0<\/a><\/li><li><a href=\"https:\/\/drive.google.com\/file\/d\/1O2qy8LVkAkBoNGkeZ-BKXaLCIh2UYyM7\/view\" target=\"_blank\" rel=\"noopener noreferrer\">Informe de Solicitudes de Derechos ARCO<\/a><\/li><\/ol><div><ul><li><strong>Abril<\/strong><\/li><\/ul><\/div><ol><li><a href=\"https:\/\/drive.google.com\/file\/d\/1blvRBZgddmEQxhyzopPzsgFIt6UApF7e\/view\" target=\"_blank\" rel=\"noopener noreferrer\">Informe de Solicitud de Informaci\u00f3n\u00a0<\/a><\/li><li><a href=\"https:\/\/drive.google.com\/file\/d\/145wCzzmy2LuKvFULBqYmbuhwz2Mi-vKt\/view\" target=\"_blank\" rel=\"noopener noreferrer\">Informe de Solicitudes de Derechos ARCO<\/a><\/li><\/ol><div><ul><li><strong>Mayo<\/strong><\/li><\/ul><\/div><ol><li><a href=\"https:\/\/drive.google.com\/file\/d\/1MS3Oraqjhg9RfoPbggeypbS9CzIfciAV\/view\" target=\"_blank\" rel=\"noopener noreferrer\">Informe de Solicitud de Informaci\u00f3n<\/a><a href=\"https:\/\/drive.google.com\/file\/d\/1WUCT1UOlMNlU441-A_E1UKkxZLVL66Ib\/view\" target=\"_blank\" rel=\"noopener noreferrer\">\u00a0<\/a><\/li><li><a href=\"https:\/\/drive.google.com\/file\/d\/1bakGxXzV7OeK8JwPT0eG0-eP3lqhhjMP\/view\" target=\"_blank\" rel=\"noopener noreferrer\">Informe de Solicitudes de Derechos ARCO<\/a><\/li><\/ol><div><ul><li><strong>Junio<\/strong><\/li><\/ul><\/div><ol><li><a href=\"https:\/\/drive.google.com\/file\/d\/1GCNB7lb4OzY_Zv3JAbN4lPmVx-4hyMsg\/view\" target=\"_blank\" rel=\"noopener noreferrer\">Informe de Solicitud de Informaci\u00f3n<\/a><a href=\"https:\/\/drive.google.com\/file\/d\/1uWzAcgoLO8vo3HFeDViQr2SJ17aBzRTg\/view\" target=\"_blank\" rel=\"noopener noreferrer\">\u00a0<\/a><\/li><li><a href=\"https:\/\/drive.google.com\/file\/d\/17hTpubR88c9tVw_PgDcIYyV_Fy6Mc2he\/view\" target=\"_blank\" rel=\"noopener noreferrer\">Informe de Solicitudes de Derechos ARCO<\/a><\/li><\/ol><div><ul><li><strong>Julio<\/strong><\/li><\/ul><\/div><ol><li><a href=\"https:\/\/drive.google.com\/file\/d\/1dqNoY2R93d1xQXfkczOo9I15CSI-QeMl\/view\" target=\"_blank\" rel=\"noopener noreferrer\">Informe de Solicitud de Informaci\u00f3n\u00a0<\/a><\/li><li><a href=\"https:\/\/drive.google.com\/file\/d\/17sdN6WryUie3nnKCsXnHjtDHACV1ba-a\/view\" target=\"_blank\" rel=\"noopener noreferrer\">Informe de Solicitudes de Derechos ARCO<\/a><\/li><\/ol><div><ul><li><strong>Agosto<\/strong><\/li><\/ul><\/div><ol><li><a href=\"https:\/\/drive.google.com\/file\/d\/1KgwoFdfBQvJyBqMHCqBFSYal5JicHkFJ\/view\" target=\"_blank\" rel=\"noopener noreferrer\">Informe de Solicitud de Informaci\u00f3n<\/a><a href=\"https:\/\/drive.google.com\/file\/d\/1dMkNHLmV1BhyF986lA1QHxHYDXJYICvC\/view\" target=\"_blank\" rel=\"noopener noreferrer\">\u00a0<\/a><\/li><li><a href=\"https:\/\/drive.google.com\/file\/d\/1cKNHxSJ-Ta-3TkrZg4CG8p18Zicq8zMk\/view\" target=\"_blank\" rel=\"noopener noreferrer\">Informe de Solicitudes de Derechos ARCO<\/a><\/li><\/ol><div><ul><li><strong>Septiembre<\/strong><\/li><\/ul><\/div><ol><li><a href=\"https:\/\/drive.google.com\/file\/d\/13jdsNhCEGtp-3YYXYNQStjUMDFVi4ThR\/view\" target=\"_blank\" rel=\"noopener noreferrer\">Informe de Solicitud de Informaci\u00f3n<\/a><a href=\"https:\/\/drive.google.com\/file\/d\/1zb6re5ki0EEGBXIDSWKPGcLMXL8GFzA7\/view\" target=\"_blank\" rel=\"noopener noreferrer\">\u00a0<\/a><\/li><li><a href=\"https:\/\/drive.google.com\/file\/d\/1rfk7wMtxfuZQ_NjMh0wZwKw56du70uTw\/view\" target=\"_blank\" rel=\"noopener noreferrer\">Informe de Solicitudes de Derechos ARCO<\/a><\/li><\/ol><div><ul><li><strong>Octubre<\/strong><\/li><\/ul><\/div><ol><li><a href=\"https:\/\/drive.google.com\/file\/d\/10QR5DjyC5d9p9w6hq5I-drsYahf9Br6P\/view\" target=\"_blank\" rel=\"noopener noreferrer\">Informe de Solicitud de Informaci\u00f3n<\/a><a href=\"https:\/\/drive.google.com\/file\/d\/1eIa1i-13FUa3kgGoM6w2nFnS7AbYskRx\/view\" target=\"_blank\" rel=\"noopener noreferrer\">\u00a0<\/a><\/li><li><a href=\"https:\/\/drive.google.com\/file\/d\/1bkCASt2XFAMOEqepxuhERi0Tv1oxn4og\/view\" target=\"_blank\" rel=\"noopener noreferrer\">Informe de Solicitudes de Derechos ARCO<\/a><\/li><\/ol><div><ul><li><strong>Noviembre<\/strong><\/li><\/ul><\/div><ol><li><a href=\"https:\/\/drive.google.com\/file\/d\/1GjYc0ofTP6YvWG4Vsd3wuDv0-Z5Gdsu0\/view\" target=\"_blank\" rel=\"noopener noreferrer\">Inf<\/a><a href=\"https:\/\/drive.google.com\/file\/d\/1l1ZKBEnQ8L24pK64jg6N4-WP3EwpeCNx\/view\" target=\"_blank\" rel=\"noopener noreferrer\">orme de Solicitud de Informaci\u00f3n<\/a>\u00a0<\/li><li><a href=\"https:\/\/drive.google.com\/file\/d\/1pCSMaNW-itq1_gVCcUKkPputcBkA0lAb\/view\" target=\"_blank\" rel=\"noopener noreferrer\">Informe de Solicitudes de Derechos ARCO<\/a><\/li><\/ol><div><ul><li><strong>Diciembre<\/strong><\/li><\/ul><\/div><ol><li><a href=\"https:\/\/drive.google.com\/file\/d\/1Rjhe0QSAzqnD-dOPdpDyN4EX9gxIUMDs\/view\" target=\"_blank\" rel=\"noopener noreferrer\">Informe de Solicitud de Informaci\u00f3n<\/a>\u00a0<\/li><li><a href=\"https:\/\/drive.google.com\/file\/d\/1a_9tLCdo73T8377M6X-odJ0vWNi5GEJi\/view\" target=\"_blank\" rel=\"noopener noreferrer\">Informe de Solicitudes de Derechos ARCO<\/a><\/li><\/ol><p><strong>INFORME ANUAL<\/strong><\/p><p><strong>EN CUMPLIMIENTO AL ART. 59 DE LA LTAIPQROO<\/strong><\/p><div><p>1.<a href=\"https:\/\/drive.google.com\/file\/d\/1EhmX5wOuBZU3IB-CTP7IWkNUnM00n7qr\/view?usp=sharing\" target=\"_blank\" rel=\"noopener noreferrer\">\u00a0<\/a><a href=\"https:\/\/drive.google.com\/file\/d\/1EhmX5wOuBZU3IB-CTP7IWkNUnM00n7qr\/view?usp=sharing\" target=\"_blank\" rel=\"noopener noreferrer\">Informe Anual Solicitud de Informaci\u00f3n enero-diciembre 2022<\/a><\/p><\/div><p>2.<a href=\"https:\/\/drive.google.com\/file\/d\/1A4SLxfemy_zAjFRFIwDEEyhL-WFfti2r\/view?usp=sharing\" target=\"_blank\" rel=\"noopener noreferrer\">\u00a0<\/a><a href=\"https:\/\/drive.google.com\/file\/d\/1A4SLxfemy_zAjFRFIwDEEyhL-WFfti2r\/view?usp=sharing\" target=\"_blank\" rel=\"noopener noreferrer\">Informe Anual Solicitudes de Derechos ARCO enero-diciembre 202<\/a>2<\/p>\t\t\t\t\t\t\t\t<\/div>\n\t\t\t\t<\/div>\n\t\t\t\t\t<\/div>\n\t\t\t\t<\/div>\n\t\t\t\t<\/div>\n\t\t","protected":false},"excerpt":{"rendered":"<p>INFORME DE SOLICITUDES DE INFORMACI\u00d3N 2022 FRACCION XXIX EN LA PLATAFORMA NACIONAL DE TRANSPARENCIA (PNT) Los sujetos obligados deber\u00e1n publicar una relaci\u00f3n de todos y cada uno de los informes que, de acuerdo con su naturaleza y la normatividad vigente que les resulte aplicable, se encuentren obligados a rendir ante cualquier otro sujeto obligado; asimismo, &#8230; <a title=\"INFORME DE SOLICITUDES DE INFORMACI\u00d3N 2022\" class=\"read-more\" href=\"https:\/\/dge.qroo.gob.mx\/index.php\/informe-de-solicitudes-de-informacion-2022\/\" aria-label=\"Leer m\u00e1s sobre INFORME DE SOLICITUDES DE INFORMACI\u00d3N 2022\">Leer m\u00e1s<\/a><\/p>\n","protected":false},"author":4,"featured_media":0,"parent":0,"menu_order":0,"comment_status":"closed","ping_status":"closed","template":"","meta":{"footnotes":""},"class_list":["post-36464","page","type-page","status-publish"],"yoast_head":"<!-- This site is optimized with the Yoast SEO plugin v27.4 - https:\/\/yoast.com\/product\/yoast-seo-wordpress\/ -->\n<title>INFORME DE SOLICITUDES DE INFORMACI\u00d3N 2022 - Despacho de la Gubernatura de Quintana Roo<\/title>\n<meta name=\"robots\" content=\"index, follow, max-snippet:-1, max-image-preview:large, max-video-preview:-1\" \/>\n<link rel=\"canonical\" href=\"https:\/\/dge.qroo.gob.mx\/index.php\/informe-de-solicitudes-de-informacion-2022\/\" \/>\n<meta property=\"og:locale\" content=\"es_MX\" \/>\n<meta property=\"og:type\" content=\"article\" \/>\n<meta property=\"og:title\" content=\"INFORME DE SOLICITUDES DE INFORMACI\u00d3N 2022 - Despacho de la Gubernatura de Quintana Roo\" \/>\n<meta property=\"og:description\" content=\"INFORME DE SOLICITUDES DE INFORMACI\u00d3N 2022 FRACCION XXIX EN LA PLATAFORMA NACIONAL DE TRANSPARENCIA (PNT) Los sujetos obligados deber\u00e1n publicar una relaci\u00f3n de todos y cada uno de los informes que, de acuerdo con su naturaleza y la normatividad vigente que les resulte aplicable, se encuentren obligados a rendir ante cualquier otro sujeto obligado; asimismo, ... Leer m\u00e1s\" \/>\n<meta property=\"og:url\" content=\"https:\/\/dge.qroo.gob.mx\/index.php\/informe-de-solicitudes-de-informacion-2022\/\" \/>\n<meta property=\"og:site_name\" content=\"Despacho de la Gubernatura de Quintana Roo\" \/>\n<meta property=\"article:modified_time\" content=\"2024-09-05T21:43:50+00:00\" \/>\n<meta name=\"twitter:card\" content=\"summary_large_image\" \/>\n<meta name=\"twitter:label1\" content=\"Tiempo de lectura\" \/>\n\t<meta name=\"twitter:data1\" content=\"2 minutos\" \/>\n<script type=\"application\/ld+json\" class=\"yoast-schema-graph\">{\"@context\":\"https:\\\/\\\/schema.org\",\"@graph\":[{\"@type\":\"WebPage\",\"@id\":\"https:\\\/\\\/dge.qroo.gob.mx\\\/index.php\\\/informe-de-solicitudes-de-informacion-2022\\\/\",\"url\":\"https:\\\/\\\/dge.qroo.gob.mx\\\/index.php\\\/informe-de-solicitudes-de-informacion-2022\\\/\",\"name\":\"INFORME DE SOLICITUDES DE INFORMACI\u00d3N 2022 - Despacho de la Gubernatura de Quintana Roo\",\"isPartOf\":{\"@id\":\"https:\\\/\\\/dge.qroo.gob.mx\\\/#website\"},\"datePublished\":\"2024-09-05T21:40:14+00:00\",\"dateModified\":\"2024-09-05T21:43:50+00:00\",\"breadcrumb\":{\"@id\":\"https:\\\/\\\/dge.qroo.gob.mx\\\/index.php\\\/informe-de-solicitudes-de-informacion-2022\\\/#breadcrumb\"},\"inLanguage\":\"es\",\"potentialAction\":[{\"@type\":\"ReadAction\",\"target\":[\"https:\\\/\\\/dge.qroo.gob.mx\\\/index.php\\\/informe-de-solicitudes-de-informacion-2022\\\/\"]}]},{\"@type\":\"BreadcrumbList\",\"@id\":\"https:\\\/\\\/dge.qroo.gob.mx\\\/index.php\\\/informe-de-solicitudes-de-informacion-2022\\\/#breadcrumb\",\"itemListElement\":[{\"@type\":\"ListItem\",\"position\":1,\"name\":\"Inicio\",\"item\":\"https:\\\/\\\/dge.qroo.gob.mx\\\/\"},{\"@type\":\"ListItem\",\"position\":2,\"name\":\"INFORME DE SOLICITUDES DE INFORMACI\u00d3N 2022\"}]},{\"@type\":\"WebSite\",\"@id\":\"https:\\\/\\\/dge.qroo.gob.mx\\\/#website\",\"url\":\"https:\\\/\\\/dge.qroo.gob.mx\\\/\",\"name\":\"Despacho de la Gubernatura de Quintana Roo\",\"description\":\"\",\"publisher\":{\"@id\":\"https:\\\/\\\/dge.qroo.gob.mx\\\/#organization\"},\"potentialAction\":[{\"@type\":\"SearchAction\",\"target\":{\"@type\":\"EntryPoint\",\"urlTemplate\":\"https:\\\/\\\/dge.qroo.gob.mx\\\/?s={search_term_string}\"},\"query-input\":{\"@type\":\"PropertyValueSpecification\",\"valueRequired\":true,\"valueName\":\"search_term_string\"}}],\"inLanguage\":\"es\"},{\"@type\":\"Organization\",\"@id\":\"https:\\\/\\\/dge.qroo.gob.mx\\\/#organization\",\"name\":\"Despacho de la Gubernatura de Quintana Roo\",\"url\":\"https:\\\/\\\/dge.qroo.gob.mx\\\/\",\"logo\":{\"@type\":\"ImageObject\",\"inLanguage\":\"es\",\"@id\":\"https:\\\/\\\/dge.qroo.gob.mx\\\/#\\\/schema\\\/logo\\\/image\\\/\",\"url\":\"https:\\\/\\\/dge.qroo.gob.mx\\\/wp-content\\\/uploads\\\/2026\\\/01\\\/DGROO-DESPACHO-DE-LA-GUBERNATURA-scaled.jpg\",\"contentUrl\":\"https:\\\/\\\/dge.qroo.gob.mx\\\/wp-content\\\/uploads\\\/2026\\\/01\\\/DGROO-DESPACHO-DE-LA-GUBERNATURA-scaled.jpg\",\"width\":2560,\"height\":619,\"caption\":\"Despacho de la Gubernatura de Quintana Roo\"},\"image\":{\"@id\":\"https:\\\/\\\/dge.qroo.gob.mx\\\/#\\\/schema\\\/logo\\\/image\\\/\"}}]}<\/script>\n<!-- \/ Yoast SEO plugin. -->","yoast_head_json":{"title":"INFORME DE SOLICITUDES DE INFORMACI\u00d3N 2022 - Despacho de la Gubernatura de Quintana Roo","robots":{"index":"index","follow":"follow","max-snippet":"max-snippet:-1","max-image-preview":"max-image-preview:large","max-video-preview":"max-video-preview:-1"},"canonical":"https:\/\/dge.qroo.gob.mx\/index.php\/informe-de-solicitudes-de-informacion-2022\/","og_locale":"es_MX","og_type":"article","og_title":"INFORME DE SOLICITUDES DE INFORMACI\u00d3N 2022 - Despacho de la Gubernatura de Quintana Roo","og_description":"INFORME DE SOLICITUDES DE INFORMACI\u00d3N 2022 FRACCION XXIX EN LA PLATAFORMA NACIONAL DE TRANSPARENCIA (PNT) Los sujetos obligados deber\u00e1n publicar una relaci\u00f3n de todos y cada uno de los informes que, de acuerdo con su naturaleza y la normatividad vigente que les resulte aplicable, se encuentren obligados a rendir ante cualquier otro sujeto obligado; asimismo, ... Leer m\u00e1s","og_url":"https:\/\/dge.qroo.gob.mx\/index.php\/informe-de-solicitudes-de-informacion-2022\/","og_site_name":"Despacho de la Gubernatura de Quintana Roo","article_modified_time":"2024-09-05T21:43:50+00:00","twitter_card":"summary_large_image","twitter_misc":{"Tiempo de lectura":"2 minutos"},"schema":{"@context":"https:\/\/schema.org","@graph":[{"@type":"WebPage","@id":"https:\/\/dge.qroo.gob.mx\/index.php\/informe-de-solicitudes-de-informacion-2022\/","url":"https:\/\/dge.qroo.gob.mx\/index.php\/informe-de-solicitudes-de-informacion-2022\/","name":"INFORME DE SOLICITUDES DE INFORMACI\u00d3N 2022 - Despacho de la Gubernatura de Quintana Roo","isPartOf":{"@id":"https:\/\/dge.qroo.gob.mx\/#website"},"datePublished":"2024-09-05T21:40:14+00:00","dateModified":"2024-09-05T21:43:50+00:00","breadcrumb":{"@id":"https:\/\/dge.qroo.gob.mx\/index.php\/informe-de-solicitudes-de-informacion-2022\/#breadcrumb"},"inLanguage":"es","potentialAction":[{"@type":"ReadAction","target":["https:\/\/dge.qroo.gob.mx\/index.php\/informe-de-solicitudes-de-informacion-2022\/"]}]},{"@type":"BreadcrumbList","@id":"https:\/\/dge.qroo.gob.mx\/index.php\/informe-de-solicitudes-de-informacion-2022\/#breadcrumb","itemListElement":[{"@type":"ListItem","position":1,"name":"Inicio","item":"https:\/\/dge.qroo.gob.mx\/"},{"@type":"ListItem","position":2,"name":"INFORME DE SOLICITUDES DE INFORMACI\u00d3N 2022"}]},{"@type":"WebSite","@id":"https:\/\/dge.qroo.gob.mx\/#website","url":"https:\/\/dge.qroo.gob.mx\/","name":"Despacho de la Gubernatura de Quintana Roo","description":"","publisher":{"@id":"https:\/\/dge.qroo.gob.mx\/#organization"},"potentialAction":[{"@type":"SearchAction","target":{"@type":"EntryPoint","urlTemplate":"https:\/\/dge.qroo.gob.mx\/?s={search_term_string}"},"query-input":{"@type":"PropertyValueSpecification","valueRequired":true,"valueName":"search_term_string"}}],"inLanguage":"es"},{"@type":"Organization","@id":"https:\/\/dge.qroo.gob.mx\/#organization","name":"Despacho de la Gubernatura de Quintana Roo","url":"https:\/\/dge.qroo.gob.mx\/","logo":{"@type":"ImageObject","inLanguage":"es","@id":"https:\/\/dge.qroo.gob.mx\/#\/schema\/logo\/image\/","url":"https:\/\/dge.qroo.gob.mx\/wp-content\/uploads\/2026\/01\/DGROO-DESPACHO-DE-LA-GUBERNATURA-scaled.jpg","contentUrl":"https:\/\/dge.qroo.gob.mx\/wp-content\/uploads\/2026\/01\/DGROO-DESPACHO-DE-LA-GUBERNATURA-scaled.jpg","width":2560,"height":619,"caption":"Despacho de la Gubernatura de Quintana Roo"},"image":{"@id":"https:\/\/dge.qroo.gob.mx\/#\/schema\/logo\/image\/"}}]}},"_links":{"self":[{"href":"https:\/\/dge.qroo.gob.mx\/index.php\/wp-json\/wp\/v2\/pages\/36464","targetHints":{"allow":["GET"]}}],"collection":[{"href":"https:\/\/dge.qroo.gob.mx\/index.php\/wp-json\/wp\/v2\/pages"}],"about":[{"href":"https:\/\/dge.qroo.gob.mx\/index.php\/wp-json\/wp\/v2\/types\/page"}],"author":[{"embeddable":true,"href":"https:\/\/dge.qroo.gob.mx\/index.php\/wp-json\/wp\/v2\/users\/4"}],"replies":[{"embeddable":true,"href":"https:\/\/dge.qroo.gob.mx\/index.php\/wp-json\/wp\/v2\/comments?post=36464"}],"version-history":[{"count":7,"href":"https:\/\/dge.qroo.gob.mx\/index.php\/wp-json\/wp\/v2\/pages\/36464\/revisions"}],"predecessor-version":[{"id":36471,"href":"https:\/\/dge.qroo.gob.mx\/index.php\/wp-json\/wp\/v2\/pages\/36464\/revisions\/36471"}],"wp:attachment":[{"href":"https:\/\/dge.qroo.gob.mx\/index.php\/wp-json\/wp\/v2\/media?parent=36464"}],"curies":[{"name":"wp","href":"https:\/\/api.w.org\/{rel}","templated":true}]}}