{"id":36442,"date":"2024-09-05T16:27:11","date_gmt":"2024-09-05T21:27:11","guid":{"rendered":"https:\/\/dge.qroo.gob.mx\/?page_id=36442"},"modified":"2025-10-23T11:46:35","modified_gmt":"2025-10-23T16:46:35","slug":"instrumentos-archivisticos","status":"publish","type":"page","link":"https:\/\/dge.qroo.gob.mx\/index.php\/instrumentos-archivisticos\/","title":{"rendered":"Instrumentos Archiv\u00edsticos"},"content":{"rendered":"\t\t<div data-elementor-type=\"wp-page\" data-elementor-id=\"36442\" class=\"elementor elementor-36442\">\n\t\t\t\t<div class=\"elementor-element elementor-element-db0d8d0 e-flex e-con-boxed e-con e-parent\" data-id=\"db0d8d0\" data-element_type=\"container\" data-e-type=\"container\">\n\t\t\t\t\t<div class=\"e-con-inner\">\n\t\t\t\t<div class=\"elementor-element elementor-element-61fdc28 elementor-widget-divider--view-line elementor-widget elementor-widget-divider\" data-id=\"61fdc28\" data-element_type=\"widget\" data-e-type=\"widget\" data-widget_type=\"divider.default\">\n\t\t\t\t<div class=\"elementor-widget-container\">\n\t\t\t\t\t\t\t<div class=\"elementor-divider\">\n\t\t\t<span class=\"elementor-divider-separator\">\n\t\t\t\t\t\t<\/span>\n\t\t<\/div>\n\t\t\t\t\t\t<\/div>\n\t\t\t\t<\/div>\n\t\t\t\t\t<\/div>\n\t\t\t\t<\/div>\n\t\t<div class=\"elementor-element elementor-element-f974151 e-flex e-con-boxed e-con e-parent\" data-id=\"f974151\" data-element_type=\"container\" data-e-type=\"container\">\n\t\t\t\t\t<div class=\"e-con-inner\">\n\t\t\t\t<div class=\"elementor-element elementor-element-9cfd7ee elementor-widget elementor-widget-heading\" data-id=\"9cfd7ee\" data-element_type=\"widget\" data-e-type=\"widget\" data-widget_type=\"heading.default\">\n\t\t\t\t<div class=\"elementor-widget-container\">\n\t\t\t\t\t<h2 class=\"elementor-heading-title elementor-size-default\">Instrumentos Archiv\u00edstivos<\/h2>\t\t\t\t<\/div>\n\t\t\t\t<\/div>\n\t\t\t\t\t<\/div>\n\t\t\t\t<\/div>\n\t\t<div class=\"elementor-element elementor-element-5349f9e e-con-full e-flex e-con e-parent\" data-id=\"5349f9e\" data-element_type=\"container\" data-e-type=\"container\">\n\t\t\t\t<div class=\"elementor-element elementor-element-3dc522a elementor-widget elementor-widget-text-editor\" data-id=\"3dc522a\" data-element_type=\"widget\" data-e-type=\"widget\" data-widget_type=\"text-editor.default\">\n\t\t\t\t<div class=\"elementor-widget-container\">\n\t\t\t\t\t\t\t\t\t<div><div>\u00a0<\/div><ul><li><a href=\"https:\/\/drive.google.com\/file\/d\/1ioJycsIgTCpnmQ9KUCTNeIl1PLV4t6sE\/view\" target=\"_blank\" rel=\"noopener noreferrer\">Cat\u00e1logo de disposici\u00f3n documental<\/a><\/li><\/ul><ul><li><a href=\"https:\/\/drive.google.com\/file\/d\/1xFuQ1TgNl_U3DEEpEFk-IlHT2YAtHX0E\/view?usp=sharing\" target=\"_blank\" rel=\"noopener noreferrer\">Cuadro general de clasificaci\u00f3n archiv\u00edstica<\/a><\/li><\/ul><\/div><div><ul><li><a href=\"https:\/\/drive.google.com\/file\/d\/1v-py4aabbXUMszCW2pLDde-m_myYCQgH\/view?usp=sharing\" target=\"_blank\" rel=\"noopener noreferrer\">Gu\u00eda simple de archivos<\/a><\/li><\/ul><\/div><div><ul><li><a href=\"https:\/\/drive.google.com\/file\/d\/1zU8xw3vtCrl8p8wG5Zq1JxwypBIkCikm\/view?usp=sharing\" target=\"_blank\" rel=\"noopener noreferrer\">Gu\u00eda de archivo documental<\/a><\/li><\/ul><\/div><div><ul><li><a href=\"https:\/\/drive.google.com\/file\/d\/1uZ6Gfv2CAJLec8q8h8wPnPTjau-ATrPa\/view?usp=sharing\" target=\"_blank\" rel=\"noopener noreferrer\">Inventarios documentales<\/a><\/li><\/ul><\/div><div><ul><li><a href=\"https:\/\/drive.google.com\/drive\/folders\/1sCmHTh-BYctCh4evQLRPzR44CmJ1vS_d?usp=sharing\" target=\"_blank\" rel=\"noopener noreferrer\">Programa Anual de Desarrollo Archiv\u00edstico<\/a><\/li><\/ul><\/div><div><ul><li><a href=\"https:\/\/drive.google.com\/file\/d\/16T5zvAqAuuYdaybb0pYd2_y1EiboLpLf\/view?usp=sharing\" target=\"_blank\" rel=\"noopener noreferrer\">Dictamen y acta de baja documental y transferencia secundaria<\/a><\/li><\/ul><ul><li><a href=\"https:\/\/drive.google.com\/drive\/folders\/1XbMsalA1u0MU05Lkd67Yf7fgyVvRleX9?usp=sharing\" target=\"_blank\" rel=\"noopener\">Informe Anual del Cumplimiento del Programa Anual de Desarrollo Archiv\u00edstico.<\/a><\/li><\/ul><ul><li><a href=\"https:\/\/dge.qroo.gob.mx\/index.php\/ind_inf_reser\/\" target=\"_blank\" rel=\"noopener\">\u00cdndice de Informaci\u00f3n Reservada<\/a><\/li><\/ul><\/div>\t\t\t\t\t\t\t\t<\/div>\n\t\t\t\t<\/div>\n\t\t\t\t<\/div>\n\t\t\t\t<\/div>\n\t\t","protected":false},"excerpt":{"rendered":"<p>Instrumentos Archiv\u00edstivos \u00a0 Cat\u00e1logo de disposici\u00f3n documental Cuadro general de clasificaci\u00f3n archiv\u00edstica Gu\u00eda simple de archivos Gu\u00eda de archivo documental Inventarios documentales Programa Anual de Desarrollo Archiv\u00edstico Dictamen y acta de baja documental y transferencia secundaria Informe Anual del Cumplimiento del Programa Anual de Desarrollo Archiv\u00edstico. \u00cdndice de Informaci\u00f3n Reservada<\/p>\n","protected":false},"author":4,"featured_media":0,"parent":0,"menu_order":0,"comment_status":"closed","ping_status":"closed","template":"","meta":{"footnotes":""},"class_list":["post-36442","page","type-page","status-publish"],"yoast_head":"<!-- This site is optimized with the Yoast SEO plugin v27.4 - https:\/\/yoast.com\/product\/yoast-seo-wordpress\/ -->\n<title>Instrumentos Archiv\u00edsticos - Despacho de la Gubernatura de Quintana Roo<\/title>\n<meta name=\"robots\" content=\"index, follow, max-snippet:-1, max-image-preview:large, max-video-preview:-1\" \/>\n<link rel=\"canonical\" href=\"https:\/\/dge.qroo.gob.mx\/index.php\/instrumentos-archivisticos\/\" \/>\n<meta property=\"og:locale\" content=\"es_MX\" \/>\n<meta property=\"og:type\" content=\"article\" \/>\n<meta property=\"og:title\" content=\"Instrumentos Archiv\u00edsticos - Despacho de la Gubernatura de Quintana Roo\" \/>\n<meta property=\"og:description\" content=\"Instrumentos Archiv\u00edstivos \u00a0 Cat\u00e1logo de disposici\u00f3n documental Cuadro general de clasificaci\u00f3n archiv\u00edstica Gu\u00eda simple de archivos Gu\u00eda de archivo documental Inventarios documentales Programa Anual de Desarrollo Archiv\u00edstico Dictamen y acta de baja documental y transferencia secundaria Informe Anual del Cumplimiento del Programa Anual de Desarrollo Archiv\u00edstico. \u00cdndice de Informaci\u00f3n Reservada\" \/>\n<meta property=\"og:url\" content=\"https:\/\/dge.qroo.gob.mx\/index.php\/instrumentos-archivisticos\/\" \/>\n<meta property=\"og:site_name\" content=\"Despacho de la Gubernatura de Quintana Roo\" \/>\n<meta property=\"article:modified_time\" content=\"2025-10-23T16:46:35+00:00\" \/>\n<meta name=\"twitter:card\" content=\"summary_large_image\" \/>\n<meta name=\"twitter:label1\" content=\"Tiempo de lectura\" \/>\n\t<meta name=\"twitter:data1\" content=\"1 minuto\" \/>\n<script type=\"application\/ld+json\" class=\"yoast-schema-graph\">{\"@context\":\"https:\\\/\\\/schema.org\",\"@graph\":[{\"@type\":\"WebPage\",\"@id\":\"https:\\\/\\\/dge.qroo.gob.mx\\\/index.php\\\/instrumentos-archivisticos\\\/\",\"url\":\"https:\\\/\\\/dge.qroo.gob.mx\\\/index.php\\\/instrumentos-archivisticos\\\/\",\"name\":\"Instrumentos Archiv\u00edsticos - Despacho de la Gubernatura de Quintana Roo\",\"isPartOf\":{\"@id\":\"https:\\\/\\\/dge.qroo.gob.mx\\\/#website\"},\"datePublished\":\"2024-09-05T21:27:11+00:00\",\"dateModified\":\"2025-10-23T16:46:35+00:00\",\"breadcrumb\":{\"@id\":\"https:\\\/\\\/dge.qroo.gob.mx\\\/index.php\\\/instrumentos-archivisticos\\\/#breadcrumb\"},\"inLanguage\":\"es\",\"potentialAction\":[{\"@type\":\"ReadAction\",\"target\":[\"https:\\\/\\\/dge.qroo.gob.mx\\\/index.php\\\/instrumentos-archivisticos\\\/\"]}]},{\"@type\":\"BreadcrumbList\",\"@id\":\"https:\\\/\\\/dge.qroo.gob.mx\\\/index.php\\\/instrumentos-archivisticos\\\/#breadcrumb\",\"itemListElement\":[{\"@type\":\"ListItem\",\"position\":1,\"name\":\"Inicio\",\"item\":\"https:\\\/\\\/dge.qroo.gob.mx\\\/\"},{\"@type\":\"ListItem\",\"position\":2,\"name\":\"Instrumentos Archiv\u00edsticos\"}]},{\"@type\":\"WebSite\",\"@id\":\"https:\\\/\\\/dge.qroo.gob.mx\\\/#website\",\"url\":\"https:\\\/\\\/dge.qroo.gob.mx\\\/\",\"name\":\"Despacho de la Gubernatura de Quintana Roo\",\"description\":\"\",\"publisher\":{\"@id\":\"https:\\\/\\\/dge.qroo.gob.mx\\\/#organization\"},\"potentialAction\":[{\"@type\":\"SearchAction\",\"target\":{\"@type\":\"EntryPoint\",\"urlTemplate\":\"https:\\\/\\\/dge.qroo.gob.mx\\\/?s={search_term_string}\"},\"query-input\":{\"@type\":\"PropertyValueSpecification\",\"valueRequired\":true,\"valueName\":\"search_term_string\"}}],\"inLanguage\":\"es\"},{\"@type\":\"Organization\",\"@id\":\"https:\\\/\\\/dge.qroo.gob.mx\\\/#organization\",\"name\":\"Despacho de la Gubernatura de Quintana Roo\",\"url\":\"https:\\\/\\\/dge.qroo.gob.mx\\\/\",\"logo\":{\"@type\":\"ImageObject\",\"inLanguage\":\"es\",\"@id\":\"https:\\\/\\\/dge.qroo.gob.mx\\\/#\\\/schema\\\/logo\\\/image\\\/\",\"url\":\"https:\\\/\\\/dge.qroo.gob.mx\\\/wp-content\\\/uploads\\\/2026\\\/01\\\/DGROO-DESPACHO-DE-LA-GUBERNATURA-scaled.jpg\",\"contentUrl\":\"https:\\\/\\\/dge.qroo.gob.mx\\\/wp-content\\\/uploads\\\/2026\\\/01\\\/DGROO-DESPACHO-DE-LA-GUBERNATURA-scaled.jpg\",\"width\":2560,\"height\":619,\"caption\":\"Despacho de la Gubernatura de Quintana Roo\"},\"image\":{\"@id\":\"https:\\\/\\\/dge.qroo.gob.mx\\\/#\\\/schema\\\/logo\\\/image\\\/\"}}]}<\/script>\n<!-- \/ Yoast SEO plugin. -->","yoast_head_json":{"title":"Instrumentos Archiv\u00edsticos - Despacho de la Gubernatura de Quintana Roo","robots":{"index":"index","follow":"follow","max-snippet":"max-snippet:-1","max-image-preview":"max-image-preview:large","max-video-preview":"max-video-preview:-1"},"canonical":"https:\/\/dge.qroo.gob.mx\/index.php\/instrumentos-archivisticos\/","og_locale":"es_MX","og_type":"article","og_title":"Instrumentos Archiv\u00edsticos - Despacho de la Gubernatura de Quintana Roo","og_description":"Instrumentos Archiv\u00edstivos \u00a0 Cat\u00e1logo de disposici\u00f3n documental Cuadro general de clasificaci\u00f3n archiv\u00edstica Gu\u00eda simple de archivos Gu\u00eda de archivo documental Inventarios documentales Programa Anual de Desarrollo Archiv\u00edstico Dictamen y acta de baja documental y transferencia secundaria Informe Anual del Cumplimiento del Programa Anual de Desarrollo Archiv\u00edstico. \u00cdndice de Informaci\u00f3n Reservada","og_url":"https:\/\/dge.qroo.gob.mx\/index.php\/instrumentos-archivisticos\/","og_site_name":"Despacho de la Gubernatura de Quintana Roo","article_modified_time":"2025-10-23T16:46:35+00:00","twitter_card":"summary_large_image","twitter_misc":{"Tiempo de lectura":"1 minuto"},"schema":{"@context":"https:\/\/schema.org","@graph":[{"@type":"WebPage","@id":"https:\/\/dge.qroo.gob.mx\/index.php\/instrumentos-archivisticos\/","url":"https:\/\/dge.qroo.gob.mx\/index.php\/instrumentos-archivisticos\/","name":"Instrumentos Archiv\u00edsticos - Despacho de la Gubernatura de Quintana Roo","isPartOf":{"@id":"https:\/\/dge.qroo.gob.mx\/#website"},"datePublished":"2024-09-05T21:27:11+00:00","dateModified":"2025-10-23T16:46:35+00:00","breadcrumb":{"@id":"https:\/\/dge.qroo.gob.mx\/index.php\/instrumentos-archivisticos\/#breadcrumb"},"inLanguage":"es","potentialAction":[{"@type":"ReadAction","target":["https:\/\/dge.qroo.gob.mx\/index.php\/instrumentos-archivisticos\/"]}]},{"@type":"BreadcrumbList","@id":"https:\/\/dge.qroo.gob.mx\/index.php\/instrumentos-archivisticos\/#breadcrumb","itemListElement":[{"@type":"ListItem","position":1,"name":"Inicio","item":"https:\/\/dge.qroo.gob.mx\/"},{"@type":"ListItem","position":2,"name":"Instrumentos Archiv\u00edsticos"}]},{"@type":"WebSite","@id":"https:\/\/dge.qroo.gob.mx\/#website","url":"https:\/\/dge.qroo.gob.mx\/","name":"Despacho de la Gubernatura de Quintana Roo","description":"","publisher":{"@id":"https:\/\/dge.qroo.gob.mx\/#organization"},"potentialAction":[{"@type":"SearchAction","target":{"@type":"EntryPoint","urlTemplate":"https:\/\/dge.qroo.gob.mx\/?s={search_term_string}"},"query-input":{"@type":"PropertyValueSpecification","valueRequired":true,"valueName":"search_term_string"}}],"inLanguage":"es"},{"@type":"Organization","@id":"https:\/\/dge.qroo.gob.mx\/#organization","name":"Despacho de la Gubernatura de Quintana Roo","url":"https:\/\/dge.qroo.gob.mx\/","logo":{"@type":"ImageObject","inLanguage":"es","@id":"https:\/\/dge.qroo.gob.mx\/#\/schema\/logo\/image\/","url":"https:\/\/dge.qroo.gob.mx\/wp-content\/uploads\/2026\/01\/DGROO-DESPACHO-DE-LA-GUBERNATURA-scaled.jpg","contentUrl":"https:\/\/dge.qroo.gob.mx\/wp-content\/uploads\/2026\/01\/DGROO-DESPACHO-DE-LA-GUBERNATURA-scaled.jpg","width":2560,"height":619,"caption":"Despacho de la Gubernatura de Quintana Roo"},"image":{"@id":"https:\/\/dge.qroo.gob.mx\/#\/schema\/logo\/image\/"}}]}},"_links":{"self":[{"href":"https:\/\/dge.qroo.gob.mx\/index.php\/wp-json\/wp\/v2\/pages\/36442","targetHints":{"allow":["GET"]}}],"collection":[{"href":"https:\/\/dge.qroo.gob.mx\/index.php\/wp-json\/wp\/v2\/pages"}],"about":[{"href":"https:\/\/dge.qroo.gob.mx\/index.php\/wp-json\/wp\/v2\/types\/page"}],"author":[{"embeddable":true,"href":"https:\/\/dge.qroo.gob.mx\/index.php\/wp-json\/wp\/v2\/users\/4"}],"replies":[{"embeddable":true,"href":"https:\/\/dge.qroo.gob.mx\/index.php\/wp-json\/wp\/v2\/comments?post=36442"}],"version-history":[{"count":35,"href":"https:\/\/dge.qroo.gob.mx\/index.php\/wp-json\/wp\/v2\/pages\/36442\/revisions"}],"predecessor-version":[{"id":38190,"href":"https:\/\/dge.qroo.gob.mx\/index.php\/wp-json\/wp\/v2\/pages\/36442\/revisions\/38190"}],"wp:attachment":[{"href":"https:\/\/dge.qroo.gob.mx\/index.php\/wp-json\/wp\/v2\/media?parent=36442"}],"curies":[{"name":"wp","href":"https:\/\/api.w.org\/{rel}","templated":true}]}}