{"id":36353,"date":"2024-08-28T14:37:40","date_gmt":"2024-08-28T19:37:40","guid":{"rendered":"https:\/\/dge.qroo.gob.mx\/?page_id=36353"},"modified":"2026-02-20T12:31:28","modified_gmt":"2026-02-20T17:31:28","slug":"actas-de-sesion-de-comites-de-transparencia","status":"publish","type":"page","link":"https:\/\/dge.qroo.gob.mx\/index.php\/actas-de-sesion-de-comites-de-transparencia\/","title":{"rendered":"Actas de sesi\u00f3n de Comit\u00e9s de Transparencia"},"content":{"rendered":"\t\t<div data-elementor-type=\"wp-page\" data-elementor-id=\"36353\" class=\"elementor elementor-36353\">\n\t\t\t\t<div class=\"elementor-element elementor-element-c77e878 e-flex e-con-boxed e-con e-parent\" data-id=\"c77e878\" data-element_type=\"container\" data-e-type=\"container\">\n\t\t\t\t\t<div class=\"e-con-inner\">\n\t\t\t\t<div class=\"elementor-element elementor-element-1274f50 elementor-widget elementor-widget-spacer\" data-id=\"1274f50\" data-element_type=\"widget\" data-e-type=\"widget\" data-widget_type=\"spacer.default\">\n\t\t\t\t<div class=\"elementor-widget-container\">\n\t\t\t\t\t\t\t<div class=\"elementor-spacer\">\n\t\t\t<div class=\"elementor-spacer-inner\"><\/div>\n\t\t<\/div>\n\t\t\t\t\t\t<\/div>\n\t\t\t\t<\/div>\n\t\t\t\t\t<\/div>\n\t\t\t\t<\/div>\n\t\t<div class=\"elementor-element elementor-element-ea730a4 e-flex e-con-boxed e-con e-parent\" data-id=\"ea730a4\" data-element_type=\"container\" data-e-type=\"container\">\n\t\t\t\t\t<div class=\"e-con-inner\">\n\t\t\t\t<div class=\"elementor-element elementor-element-9c95ee3 elementor-widget elementor-widget-heading\" data-id=\"9c95ee3\" data-element_type=\"widget\" data-e-type=\"widget\" data-widget_type=\"heading.default\">\n\t\t\t\t<div class=\"elementor-widget-container\">\n\t\t\t\t\t<h2 class=\"elementor-heading-title elementor-size-default\">Actas  de Sesi\u00f3n de Comit\u00e9s de Transparencia<\/h2>\t\t\t\t<\/div>\n\t\t\t\t<\/div>\n\t\t\t\t\t<\/div>\n\t\t\t\t<\/div>\n\t\t<div class=\"elementor-element elementor-element-2364026 e-flex e-con-boxed e-con e-parent\" data-id=\"2364026\" data-element_type=\"container\" data-e-type=\"container\">\n\t\t\t\t\t<div class=\"e-con-inner\">\n\t\t\t\t<div class=\"elementor-element elementor-element-fefe576 elementor-tabs-view-horizontal elementor-widget elementor-widget-tabs\" data-id=\"fefe576\" data-element_type=\"widget\" data-e-type=\"widget\" data-widget_type=\"tabs.default\">\n\t\t\t\t<div class=\"elementor-widget-container\">\n\t\t\t\t\t\t\t<div class=\"elementor-tabs\">\n\t\t\t<div class=\"elementor-tabs-wrapper\" role=\"tablist\" >\n\t\t\t\t\t\t\t\t\t<div id=\"elementor-tab-title-2671\" class=\"elementor-tab-title elementor-tab-desktop-title\" aria-selected=\"true\" data-tab=\"1\" role=\"tab\" tabindex=\"0\" aria-controls=\"elementor-tab-content-2671\" aria-expanded=\"false\">2025<\/div>\n\t\t\t\t\t\t\t\t\t<div id=\"elementor-tab-title-2672\" class=\"elementor-tab-title elementor-tab-desktop-title\" aria-selected=\"false\" data-tab=\"2\" role=\"tab\" tabindex=\"-1\" aria-controls=\"elementor-tab-content-2672\" aria-expanded=\"false\">2024<\/div>\n\t\t\t\t\t\t\t\t\t<div id=\"elementor-tab-title-2673\" class=\"elementor-tab-title elementor-tab-desktop-title\" aria-selected=\"false\" data-tab=\"3\" role=\"tab\" tabindex=\"-1\" aria-controls=\"elementor-tab-content-2673\" aria-expanded=\"false\">2023<\/div>\n\t\t\t\t\t\t\t<\/div>\n\t\t\t<div class=\"elementor-tabs-content-wrapper\" role=\"tablist\" aria-orientation=\"vertical\">\n\t\t\t\t\t\t\t\t\t<div class=\"elementor-tab-title elementor-tab-mobile-title\" aria-selected=\"true\" data-tab=\"1\" role=\"tab\" tabindex=\"0\" aria-controls=\"elementor-tab-content-2671\" aria-expanded=\"false\">2025<\/div>\n\t\t\t\t\t<div id=\"elementor-tab-content-2671\" class=\"elementor-tab-content elementor-clearfix\" data-tab=\"1\" role=\"tabpanel\" aria-labelledby=\"elementor-tab-title-2671\" tabindex=\"0\" hidden=\"false\"><div id=\"block-startupgrowth-page-title\" class=\"block block-core block-page-title-block\"><div class=\"content\"><h4 class=\"js-quickedit-page-title title page-title\"><span class=\"field field--name-title field--type-string field--label-hidden\" data-quickedit-field-id=\"node\/296561\/title\/es\/full\">LAS ACTAS, RESOLUCIONES, ACUERDOS, CRITERIOS Y DEM\u00c1S DETERMINACIONES DEL COMIT\u00c9 DE TRANSPARENCIA 2025<\/span><\/h4><\/div><\/div><div id=\"block-startupgrowth-content\" class=\"block block-system block-system-main-block\"><div class=\"content\"><article class=\"node node--type-tc-pagina-informativa node--view-mode-full clearfix\" role=\"article\" data-quickedit-entity-id=\"node\/296561\" data-quickedit-entity-instance-id=\"0\"><div class=\"node--content-container\"><div class=\"node--content clearfix\"><header><\/header><div class=\"clearfix text-formatted field field--name-body field--type-text-with-summary field--label-hidden field__item\" data-quickedit-field-id=\"node\/296561\/body\/es\/full\"><p>ORDINARIA<\/p><ul><li><a href=\"https:\/\/drive.google.com\/file\/d\/113OeC0FSJyHqcrj17v9e0QPnlldjDV4U\/view\" target=\"_blank\" rel=\"noopener noreferrer\">Primera sesi\u00f3n<\/a><a href=\"https:\/\/drive.google.com\/drive\/folders\/1TANdYTLsk49er6Kxn8fKYS2VuwDawHau?usp=sharing\" target=\"_blank\" rel=\"noopener noreferrer\">\u00a0<\/a><\/li><li><a href=\"https:\/\/drive.google.com\/file\/d\/1Um_wkX7pnwje0ysNZzrRUhkB7cE8g2Ir\/view?usp=drive_link\" target=\"_blank\" rel=\"noopener\">Segunda sesi\u00f3n<\/a><\/li><li><a href=\"https:\/\/drive.google.com\/file\/d\/1n28zrZaC54yFAPZsOuOHEz0DNOK0fzY5\/view?usp=drive_link\" target=\"_blank\" rel=\"noopener\">Tercera sesi\u00f3n<\/a><\/li><li><a href=\"https:\/\/drive.google.com\/file\/d\/1lOOIZX5mIB6HUUCYo-CJ95kyaoalQHUa\/view?usp=drive_link\" target=\"_blank\" rel=\"noopener\">Cuarta sesi\u00f3n<\/a><\/li><li><a href=\"https:\/\/drive.google.com\/file\/d\/1uRpOoCFWRZfKqi3v0Pe1Vtk9hRvv2HJ4\/view?usp=drive_link\" target=\"_blank\" rel=\"noopener\">Quinta sesi\u00f3n<\/a><\/li><li><a href=\"https:\/\/drive.google.com\/file\/d\/1Nf_LApdzTkOOnPyg875TsWyeF8ZW7Agk\/view?usp=drive_link\" target=\"_blank\" rel=\"noopener\">Sexta sesi\u00f3n<\/a><\/li><\/ul><p>EXTRAORDINARIA<\/p><ul><li><a href=\"https:\/\/drive.google.com\/file\/d\/1zhje02xkt4CBo3e_FkVWmQrKsTDu1pvD\/view\" target=\"_blank\" rel=\"noopener noreferrer\">Primera sesi\u00f3n<\/a><\/li><li><a href=\"https:\/\/drive.google.com\/file\/d\/1d2YpL178h4R4BfjjM4Msa3fjG43wDSbq\/view\" target=\"_blank\" rel=\"noopener noreferrer\">Segunda sesi\u00f3n<\/a><\/li><li><a href=\"https:\/\/drive.google.com\/file\/d\/1AWmggXsB4CpPGwAMkikjHaO4NZncKm0R\/view\" target=\"_blank\" rel=\"noopener noreferrer\">Tercera sesi\u00f3n<\/a><\/li><li><a href=\"https:\/\/drive.google.com\/file\/d\/1rhqr2Ct_2G-HtjjupocRiKtrJ4leecbn\/view\" target=\"_blank\" rel=\"noopener noreferrer\">Cuarta sesi\u00f3n<\/a><\/li><li><a href=\"https:\/\/drive.google.com\/file\/d\/1oEZQ_I4ZBTZ-3cKK4RoCeig1qPTzE2tZ\/view?usp=sharing\" target=\"_blank\" rel=\"noopener\">Quinta sesi\u00f3n<\/a><\/li><li><a href=\"https:\/\/drive.google.com\/file\/d\/1kpijZTCtYc0sqGePaILtLc4jh7tswgpF\/view?usp=drive_link\" target=\"_blank\" rel=\"noopener\">Sexta sesi\u00f3n<\/a><\/li><li><a href=\"https:\/\/drive.google.com\/file\/d\/12D-ZOgWgG1nI2pylUB66SyxKHHci72IT\/view?usp=sharing\" target=\"_blank\" rel=\"noopener\">S\u00e9ptima sesi\u00f3n<\/a><\/li><li><a href=\"https:\/\/drive.google.com\/file\/d\/1RA2coxKJjo1eFVDjwhzYyGFWMzgrbs10\/view?usp=sharing\" target=\"_blank\" rel=\"noopener\">Octava sesi\u00f3n<\/a><\/li><li><a href=\"https:\/\/drive.google.com\/file\/d\/1ervw9Hg0NYfYKTH8rFfz9LHlTkVS3lAz\/view?usp=drive_link\" target=\"_blank\" rel=\"noopener\">Novena sesi\u00f3n<\/a><\/li><li><a href=\"https:\/\/drive.google.com\/file\/d\/1dEVzxxRkG8TPFmetn1P0_kRuwc-bpIVN\/view?usp=drive_link\" target=\"_blank\" rel=\"noopener\">D\u00e9cima sesi\u00f3n<\/a><\/li><li><a href=\"https:\/\/drive.google.com\/file\/d\/1DWjbFs-IQ4fhZNF8_ETf1e0qW_L0dFP9\/view?usp=drive_link\" target=\"_blank\" rel=\"noopener\">Onceava sesi\u00f3n<\/a><\/li><li><a href=\"https:\/\/drive.google.com\/file\/d\/1o0Rvcii4q0Z4PTfLc7IduxR_crrCwPlJ\/view?usp=sharing\" target=\"_blank\" rel=\"noopener\">D\u00e9cima segunda sesi\u00f3n<\/a><\/li><\/ul><\/div><\/div><\/div><\/article><\/div><\/div><\/div>\n\t\t\t\t\t\t\t\t\t<div class=\"elementor-tab-title elementor-tab-mobile-title\" aria-selected=\"false\" data-tab=\"2\" role=\"tab\" tabindex=\"-1\" aria-controls=\"elementor-tab-content-2672\" aria-expanded=\"false\">2024<\/div>\n\t\t\t\t\t<div id=\"elementor-tab-content-2672\" class=\"elementor-tab-content elementor-clearfix\" data-tab=\"2\" role=\"tabpanel\" aria-labelledby=\"elementor-tab-title-2672\" tabindex=\"0\" hidden=\"hidden\"><div id=\"block-startupgrowth-page-title\" class=\"block block-core block-page-title-block\"><div class=\"content\"><h4 class=\"js-quickedit-page-title title page-title\"><span class=\"field field--name-title field--type-string field--label-hidden\" data-quickedit-field-id=\"node\/296561\/title\/es\/full\">LAS ACTAS, RESOLUCIONES, ACUERDOS, CRITERIOS Y DEM\u00c1S DETERMINACIONES DEL COMIT\u00c9 DE TRANSPARENCIA 2024<\/span><\/h4><\/div><\/div><div id=\"block-startupgrowth-content\" class=\"block block-system block-system-main-block\"><div class=\"content\"><article class=\"node node--type-tc-pagina-informativa node--view-mode-full clearfix\" role=\"article\" data-quickedit-entity-id=\"node\/296561\" data-quickedit-entity-instance-id=\"0\"><div class=\"node--content-container\"><div class=\"node--content clearfix\"><header><\/header><div class=\"clearfix text-formatted field field--name-body field--type-text-with-summary field--label-hidden field__item\" data-quickedit-field-id=\"node\/296561\/body\/es\/full\"><p>ORDINARIA<\/p><ul><li><a href=\"https:\/\/drive.google.com\/drive\/folders\/1TANdYTLsk49er6Kxn8fKYS2VuwDawHau?usp=sharing\" target=\"_blank\" rel=\"noopener noreferrer\">Primera sesi\u00f3n<\/a><a href=\"https:\/\/drive.google.com\/drive\/folders\/1TANdYTLsk49er6Kxn8fKYS2VuwDawHau?usp=sharing\" target=\"_blank\" rel=\"noopener noreferrer\">\u00a0<\/a><\/li><li><a href=\"https:\/\/drive.google.com\/drive\/folders\/1oRLhHqXhXoFvQ9m-bkIiL8Aj5wcv7BoU?usp=sharing\" target=\"_blank\" rel=\"noopener noreferrer\">Segunda sesi\u00f3n<\/a>\u00a0<\/li><li><a href=\"https:\/\/drive.google.com\/drive\/folders\/1opRkaKz1Tey-WdOsVUA_2sommWMPWZsD?usp=sharing\" target=\"_blank\" rel=\"noopener noreferrer\">Tercera sesi\u00f3n<\/a>\u00a0<\/li><li><a href=\"https:\/\/drive.google.com\/drive\/folders\/1hJ9W3PM2uxpJ0ereWdoixF_ogRzhduYu?usp=sharing\" target=\"_blank\" rel=\"noopener\">Cuarta sesi\u00f3n<\/a><\/li><li><a href=\"https:\/\/drive.google.com\/drive\/folders\/1bBtL41HOXOTTrHYxiIC7Gw7NtIf5FxZr?usp=drive_link\" target=\"_blank\" rel=\"noopener\">Quinta sesi\u00f3n<\/a><\/li><li><a href=\"https:\/\/drive.google.com\/drive\/folders\/1bqiA_QmRJtbMtfiG3x7Gg_pQs2c0f1tD?usp=drive_link\" target=\"_blank\" rel=\"noopener\">Sexta sesi\u00f3n<\/a><\/li><\/ul><p>EXTRAORDINARIA<\/p><ul><li><a href=\"https:\/\/drive.google.com\/drive\/folders\/1Slyt8EcUR5TorHR7uFhccasbxTrD7WIg?usp=sharing\" target=\"_blank\" rel=\"noopener noreferrer\">Primera sesi\u00f3n<\/a><\/li><li><a href=\"https:\/\/drive.google.com\/drive\/folders\/1Nw3z5qN2kzHM5ebsqIxiJVSIwuuThyGG?usp=sharing\" target=\"_blank\" rel=\"noopener noreferrer\">Segunda sesi\u00f3n<\/a><\/li><li><a href=\"https:\/\/drive.google.com\/drive\/folders\/1XSZfM9J92VqDifTRS4vnaMXRuFHa2Hgl?usp=sharing\" target=\"_blank\" rel=\"noopener noreferrer\">Tercera sesi\u00f3n<\/a><\/li><li><a href=\"https:\/\/drive.google.com\/drive\/folders\/1JY1bhhiDHm0cWjx1AUrXMpkw1PEffWIB?usp=sharing\" target=\"_blank\" rel=\"noopener noreferrer\">Cuarta sesi\u00f3n<\/a><\/li><li><a href=\"https:\/\/drive.google.com\/drive\/folders\/1R9IbnnzY2eYQM_cpgVebkgrMj8nm1iFC?usp=sharing\" target=\"_blank\" rel=\"noopener noreferrer\">Quinta sesi\u00f3n<\/a><\/li><li><a href=\"https:\/\/drive.google.com\/drive\/folders\/1LhqKKvciU8MsoDm1jbm8NexEZFYIpo8H?usp=sharing\" target=\"_blank\" rel=\"noopener\">Sexta sesi\u00f3n<\/a><\/li><li><a href=\"https:\/\/drive.google.com\/drive\/folders\/1r675WNhm26wdVHJ5OK5dEVyNiobdyBl8?usp=sharing\" target=\"_blank\" rel=\"noopener\">S\u00e9ptima sesi\u00f3n<\/a><\/li><li><a href=\"https:\/\/drive.google.com\/drive\/folders\/1HK-aBDxuHWfY9wOVvsj65LS_oEWHTJ_P?usp=sharing\" target=\"_blank\" rel=\"noopener\">Octava sesi\u00f3n<\/a><\/li><\/ul><\/div><\/div><\/div><\/article><\/div><\/div><\/div>\n\t\t\t\t\t\t\t\t\t<div class=\"elementor-tab-title elementor-tab-mobile-title\" aria-selected=\"false\" data-tab=\"3\" role=\"tab\" tabindex=\"-1\" aria-controls=\"elementor-tab-content-2673\" aria-expanded=\"false\">2023<\/div>\n\t\t\t\t\t<div id=\"elementor-tab-content-2673\" class=\"elementor-tab-content elementor-clearfix\" data-tab=\"3\" role=\"tabpanel\" aria-labelledby=\"elementor-tab-title-2673\" tabindex=\"0\" hidden=\"hidden\"><div id=\"block-startupgrowth-page-title\" class=\"block block-core block-page-title-block\"><div class=\"content\"><h4 class=\"js-quickedit-page-title title page-title\"><span class=\"field field--name-title field--type-string field--label-hidden\" data-quickedit-field-id=\"node\/284590\/title\/es\/full\">LAS ACTAS, RESOLUCIONES, ACUERDOS, CRITERIOS Y DEM\u00c1S DETERMINACIONES DEL COMIT\u00c9 DE TRANSPARENCIA 2023<\/span><\/h4><\/div><\/div><div id=\"block-startupgrowth-content\" class=\"block block-system block-system-main-block\"><div class=\"content\"><article class=\"node node--type-tc-pagina-informativa node--view-mode-full clearfix\" role=\"article\" data-quickedit-entity-id=\"node\/284590\" data-quickedit-entity-instance-id=\"0\"><div class=\"node--content-container\"><div class=\"node--content clearfix\"><header><\/header><div class=\"clearfix text-formatted field field--name-body field--type-text-with-summary field--label-hidden field__item\" data-quickedit-field-id=\"node\/284590\/body\/es\/full\"><p>ORDINARIA<\/p><ul><li><a href=\"https:\/\/drive.google.com\/file\/d\/1cUeMpBnOe4CM4QsQqaMSVaNzo1ejy_7R\/view\" target=\"_blank\" rel=\"noopener noreferrer\">Primera sesi\u00f3n<\/a>\u00a0<\/li><li><a href=\"https:\/\/drive.google.com\/file\/d\/1AszXPo-9OZiLlwJFmXfQvlMyRyRiDXbp\/view\" target=\"_blank\" rel=\"noopener noreferrer\">Segunda sesi\u00f3n<\/a><\/li><li><a href=\"https:\/\/drive.google.com\/file\/d\/1gScjNRQJ0PM1P778skAHlM_peotnToc6\/view\" target=\"_blank\" rel=\"noopener noreferrer\">Tercera sesi\u00f3n<\/a>\u00a0<\/li><li><a href=\"https:\/\/drive.google.com\/file\/d\/10rDaj5Ux7rsX2f6jzPl9zrW7zRK84TO7\/view?usp=sharing\" target=\"_blank\" rel=\"noopener noreferrer\">Cuarta sesi\u00f3n<\/a><\/li><li><a href=\"https:\/\/drive.google.com\/file\/d\/1mIyLygb5pyQmHG2UfasiPmvs90peUTTp\/view\" target=\"_blank\" rel=\"noopener noreferrer\">Quinta sesi\u00f3n<\/a>\u00a0<\/li><li><a href=\"https:\/\/drive.google.com\/file\/d\/1AOOHwe3SvxQu_9XDFg1aMpU8h8SoyTkn\/view\" target=\"_blank\" rel=\"noopener noreferrer\">Sexta sesi\u00f3n<\/a>\u00a0<\/li><\/ul><p>EXTRAORDINARIA<\/p><ul><li><a href=\"https:\/\/drive.google.com\/file\/d\/1Va7SafHbFL_VE3j-xBLW4cgYkXR_xqlU\/view\" target=\"_blank\" rel=\"noopener noreferrer\">Primera sesi\u00f3n<\/a><\/li><li><a href=\"https:\/\/drive.google.com\/file\/d\/1qLhtZVyXT9cADkyLzd_zKSINoNcubWWC\/view\" target=\"_blank\" rel=\"noopener noreferrer\">Segunda sesi\u00f3n<\/a><\/li><li><a href=\"https:\/\/drive.google.com\/file\/d\/1Ok2jBPN0jDR82_sc6O1H8I6fHZT1vvV1\/view\" target=\"_blank\" rel=\"noopener noreferrer\">Tercera sesi\u00f3n<\/a>\u00a0<\/li><li><a href=\"https:\/\/drive.google.com\/file\/d\/1JqQMMRC1b7mBihvFpSSJdgyBrJLMBuj4\/view\" target=\"_blank\" rel=\"noopener noreferrer\">Cuarta sesi\u00f3n<\/a><\/li><li><a href=\"https:\/\/drive.google.com\/file\/d\/1JBsuvzai8HvF2iOYypCio5j9jyCFt8ZW\/view\" target=\"_blank\" rel=\"noopener noreferrer\">Quinta sesi\u00f3n<\/a>\u00a0<\/li><li><a href=\"https:\/\/drive.google.com\/file\/d\/1OpyGPbq_BcILUhF_SVbT6ZczjPM_xeQ3\/view\" target=\"_blank\" rel=\"noopener noreferrer\">Sexta sesi\u00f3n<\/a>\u00a0<\/li><\/ul><\/div><\/div><\/div><\/article><\/div><\/div><\/div>\n\t\t\t\t\t\t\t<\/div>\n\t\t<\/div>\n\t\t\t\t\t\t<\/div>\n\t\t\t\t<\/div>\n\t\t\t\t\t<\/div>\n\t\t\t\t<\/div>\n\t\t\t\t<\/div>\n\t\t","protected":false},"excerpt":{"rendered":"<p>Actas de Sesi\u00f3n de Comit\u00e9s de Transparencia 2025 2024 2023 2025 LAS ACTAS, RESOLUCIONES, ACUERDOS, CRITERIOS Y DEM\u00c1S DETERMINACIONES DEL COMIT\u00c9 DE TRANSPARENCIA 2025 ORDINARIA Primera sesi\u00f3n\u00a0 Segunda sesi\u00f3n Tercera sesi\u00f3n Cuarta sesi\u00f3n Quinta sesi\u00f3n Sexta sesi\u00f3n EXTRAORDINARIA Primera sesi\u00f3n Segunda sesi\u00f3n Tercera sesi\u00f3n Cuarta sesi\u00f3n Quinta sesi\u00f3n Sexta sesi\u00f3n S\u00e9ptima sesi\u00f3n Octava sesi\u00f3n Novena &#8230; <a title=\"Actas de sesi\u00f3n de Comit\u00e9s de Transparencia\" class=\"read-more\" href=\"https:\/\/dge.qroo.gob.mx\/index.php\/actas-de-sesion-de-comites-de-transparencia\/\" aria-label=\"Leer m\u00e1s sobre Actas de sesi\u00f3n de Comit\u00e9s de Transparencia\">Leer m\u00e1s<\/a><\/p>\n","protected":false},"author":4,"featured_media":0,"parent":0,"menu_order":0,"comment_status":"closed","ping_status":"closed","template":"","meta":{"footnotes":""},"class_list":["post-36353","page","type-page","status-publish"],"yoast_head":"<!-- This site is optimized with the Yoast SEO plugin v27.4 - https:\/\/yoast.com\/product\/yoast-seo-wordpress\/ -->\n<title>Actas de sesi\u00f3n de Comit\u00e9s de Transparencia - Despacho de la Gubernatura de Quintana Roo<\/title>\n<meta name=\"robots\" content=\"index, follow, max-snippet:-1, max-image-preview:large, max-video-preview:-1\" \/>\n<link rel=\"canonical\" href=\"https:\/\/dge.qroo.gob.mx\/index.php\/actas-de-sesion-de-comites-de-transparencia\/\" \/>\n<meta property=\"og:locale\" content=\"es_MX\" \/>\n<meta property=\"og:type\" content=\"article\" \/>\n<meta property=\"og:title\" content=\"Actas de sesi\u00f3n de Comit\u00e9s de Transparencia - Despacho de la Gubernatura de Quintana Roo\" \/>\n<meta property=\"og:description\" content=\"Actas de Sesi\u00f3n de Comit\u00e9s de Transparencia 2025 2024 2023 2025 LAS ACTAS, RESOLUCIONES, ACUERDOS, CRITERIOS Y DEM\u00c1S DETERMINACIONES DEL COMIT\u00c9 DE TRANSPARENCIA 2025 ORDINARIA Primera sesi\u00f3n\u00a0 Segunda sesi\u00f3n Tercera sesi\u00f3n Cuarta sesi\u00f3n Quinta sesi\u00f3n Sexta sesi\u00f3n EXTRAORDINARIA Primera sesi\u00f3n Segunda sesi\u00f3n Tercera sesi\u00f3n Cuarta sesi\u00f3n Quinta sesi\u00f3n Sexta sesi\u00f3n S\u00e9ptima sesi\u00f3n Octava sesi\u00f3n Novena ... Leer m\u00e1s\" \/>\n<meta property=\"og:url\" content=\"https:\/\/dge.qroo.gob.mx\/index.php\/actas-de-sesion-de-comites-de-transparencia\/\" \/>\n<meta property=\"og:site_name\" content=\"Despacho de la Gubernatura de Quintana Roo\" \/>\n<meta property=\"article:modified_time\" content=\"2026-02-20T17:31:28+00:00\" \/>\n<meta name=\"twitter:card\" content=\"summary_large_image\" \/>\n<meta name=\"twitter:label1\" content=\"Tiempo de lectura\" \/>\n\t<meta name=\"twitter:data1\" content=\"1 minuto\" \/>\n<script type=\"application\/ld+json\" class=\"yoast-schema-graph\">{\"@context\":\"https:\\\/\\\/schema.org\",\"@graph\":[{\"@type\":\"WebPage\",\"@id\":\"https:\\\/\\\/dge.qroo.gob.mx\\\/index.php\\\/actas-de-sesion-de-comites-de-transparencia\\\/\",\"url\":\"https:\\\/\\\/dge.qroo.gob.mx\\\/index.php\\\/actas-de-sesion-de-comites-de-transparencia\\\/\",\"name\":\"Actas de sesi\u00f3n de Comit\u00e9s de Transparencia - Despacho de la Gubernatura de Quintana Roo\",\"isPartOf\":{\"@id\":\"https:\\\/\\\/dge.qroo.gob.mx\\\/#website\"},\"datePublished\":\"2024-08-28T19:37:40+00:00\",\"dateModified\":\"2026-02-20T17:31:28+00:00\",\"breadcrumb\":{\"@id\":\"https:\\\/\\\/dge.qroo.gob.mx\\\/index.php\\\/actas-de-sesion-de-comites-de-transparencia\\\/#breadcrumb\"},\"inLanguage\":\"es\",\"potentialAction\":[{\"@type\":\"ReadAction\",\"target\":[\"https:\\\/\\\/dge.qroo.gob.mx\\\/index.php\\\/actas-de-sesion-de-comites-de-transparencia\\\/\"]}]},{\"@type\":\"BreadcrumbList\",\"@id\":\"https:\\\/\\\/dge.qroo.gob.mx\\\/index.php\\\/actas-de-sesion-de-comites-de-transparencia\\\/#breadcrumb\",\"itemListElement\":[{\"@type\":\"ListItem\",\"position\":1,\"name\":\"Inicio\",\"item\":\"https:\\\/\\\/dge.qroo.gob.mx\\\/\"},{\"@type\":\"ListItem\",\"position\":2,\"name\":\"Actas de sesi\u00f3n de Comit\u00e9s de Transparencia\"}]},{\"@type\":\"WebSite\",\"@id\":\"https:\\\/\\\/dge.qroo.gob.mx\\\/#website\",\"url\":\"https:\\\/\\\/dge.qroo.gob.mx\\\/\",\"name\":\"Despacho de la Gubernatura de Quintana Roo\",\"description\":\"\",\"publisher\":{\"@id\":\"https:\\\/\\\/dge.qroo.gob.mx\\\/#organization\"},\"potentialAction\":[{\"@type\":\"SearchAction\",\"target\":{\"@type\":\"EntryPoint\",\"urlTemplate\":\"https:\\\/\\\/dge.qroo.gob.mx\\\/?s={search_term_string}\"},\"query-input\":{\"@type\":\"PropertyValueSpecification\",\"valueRequired\":true,\"valueName\":\"search_term_string\"}}],\"inLanguage\":\"es\"},{\"@type\":\"Organization\",\"@id\":\"https:\\\/\\\/dge.qroo.gob.mx\\\/#organization\",\"name\":\"Despacho de la Gubernatura de Quintana Roo\",\"url\":\"https:\\\/\\\/dge.qroo.gob.mx\\\/\",\"logo\":{\"@type\":\"ImageObject\",\"inLanguage\":\"es\",\"@id\":\"https:\\\/\\\/dge.qroo.gob.mx\\\/#\\\/schema\\\/logo\\\/image\\\/\",\"url\":\"https:\\\/\\\/dge.qroo.gob.mx\\\/wp-content\\\/uploads\\\/2026\\\/01\\\/DGROO-DESPACHO-DE-LA-GUBERNATURA-scaled.jpg\",\"contentUrl\":\"https:\\\/\\\/dge.qroo.gob.mx\\\/wp-content\\\/uploads\\\/2026\\\/01\\\/DGROO-DESPACHO-DE-LA-GUBERNATURA-scaled.jpg\",\"width\":2560,\"height\":619,\"caption\":\"Despacho de la Gubernatura de Quintana Roo\"},\"image\":{\"@id\":\"https:\\\/\\\/dge.qroo.gob.mx\\\/#\\\/schema\\\/logo\\\/image\\\/\"}}]}<\/script>\n<!-- \/ Yoast SEO plugin. -->","yoast_head_json":{"title":"Actas de sesi\u00f3n de Comit\u00e9s de Transparencia - Despacho de la Gubernatura de Quintana Roo","robots":{"index":"index","follow":"follow","max-snippet":"max-snippet:-1","max-image-preview":"max-image-preview:large","max-video-preview":"max-video-preview:-1"},"canonical":"https:\/\/dge.qroo.gob.mx\/index.php\/actas-de-sesion-de-comites-de-transparencia\/","og_locale":"es_MX","og_type":"article","og_title":"Actas de sesi\u00f3n de Comit\u00e9s de Transparencia - Despacho de la Gubernatura de Quintana Roo","og_description":"Actas de Sesi\u00f3n de Comit\u00e9s de Transparencia 2025 2024 2023 2025 LAS ACTAS, RESOLUCIONES, ACUERDOS, CRITERIOS Y DEM\u00c1S DETERMINACIONES DEL COMIT\u00c9 DE TRANSPARENCIA 2025 ORDINARIA Primera sesi\u00f3n\u00a0 Segunda sesi\u00f3n Tercera sesi\u00f3n Cuarta sesi\u00f3n Quinta sesi\u00f3n Sexta sesi\u00f3n EXTRAORDINARIA Primera sesi\u00f3n Segunda sesi\u00f3n Tercera sesi\u00f3n Cuarta sesi\u00f3n Quinta sesi\u00f3n Sexta sesi\u00f3n S\u00e9ptima sesi\u00f3n Octava sesi\u00f3n Novena ... Leer m\u00e1s","og_url":"https:\/\/dge.qroo.gob.mx\/index.php\/actas-de-sesion-de-comites-de-transparencia\/","og_site_name":"Despacho de la Gubernatura de Quintana Roo","article_modified_time":"2026-02-20T17:31:28+00:00","twitter_card":"summary_large_image","twitter_misc":{"Tiempo de lectura":"1 minuto"},"schema":{"@context":"https:\/\/schema.org","@graph":[{"@type":"WebPage","@id":"https:\/\/dge.qroo.gob.mx\/index.php\/actas-de-sesion-de-comites-de-transparencia\/","url":"https:\/\/dge.qroo.gob.mx\/index.php\/actas-de-sesion-de-comites-de-transparencia\/","name":"Actas de sesi\u00f3n de Comit\u00e9s de Transparencia - Despacho de la Gubernatura de Quintana Roo","isPartOf":{"@id":"https:\/\/dge.qroo.gob.mx\/#website"},"datePublished":"2024-08-28T19:37:40+00:00","dateModified":"2026-02-20T17:31:28+00:00","breadcrumb":{"@id":"https:\/\/dge.qroo.gob.mx\/index.php\/actas-de-sesion-de-comites-de-transparencia\/#breadcrumb"},"inLanguage":"es","potentialAction":[{"@type":"ReadAction","target":["https:\/\/dge.qroo.gob.mx\/index.php\/actas-de-sesion-de-comites-de-transparencia\/"]}]},{"@type":"BreadcrumbList","@id":"https:\/\/dge.qroo.gob.mx\/index.php\/actas-de-sesion-de-comites-de-transparencia\/#breadcrumb","itemListElement":[{"@type":"ListItem","position":1,"name":"Inicio","item":"https:\/\/dge.qroo.gob.mx\/"},{"@type":"ListItem","position":2,"name":"Actas de sesi\u00f3n de Comit\u00e9s de Transparencia"}]},{"@type":"WebSite","@id":"https:\/\/dge.qroo.gob.mx\/#website","url":"https:\/\/dge.qroo.gob.mx\/","name":"Despacho de la Gubernatura de Quintana Roo","description":"","publisher":{"@id":"https:\/\/dge.qroo.gob.mx\/#organization"},"potentialAction":[{"@type":"SearchAction","target":{"@type":"EntryPoint","urlTemplate":"https:\/\/dge.qroo.gob.mx\/?s={search_term_string}"},"query-input":{"@type":"PropertyValueSpecification","valueRequired":true,"valueName":"search_term_string"}}],"inLanguage":"es"},{"@type":"Organization","@id":"https:\/\/dge.qroo.gob.mx\/#organization","name":"Despacho de la Gubernatura de Quintana Roo","url":"https:\/\/dge.qroo.gob.mx\/","logo":{"@type":"ImageObject","inLanguage":"es","@id":"https:\/\/dge.qroo.gob.mx\/#\/schema\/logo\/image\/","url":"https:\/\/dge.qroo.gob.mx\/wp-content\/uploads\/2026\/01\/DGROO-DESPACHO-DE-LA-GUBERNATURA-scaled.jpg","contentUrl":"https:\/\/dge.qroo.gob.mx\/wp-content\/uploads\/2026\/01\/DGROO-DESPACHO-DE-LA-GUBERNATURA-scaled.jpg","width":2560,"height":619,"caption":"Despacho de la Gubernatura de Quintana Roo"},"image":{"@id":"https:\/\/dge.qroo.gob.mx\/#\/schema\/logo\/image\/"}}]}},"_links":{"self":[{"href":"https:\/\/dge.qroo.gob.mx\/index.php\/wp-json\/wp\/v2\/pages\/36353","targetHints":{"allow":["GET"]}}],"collection":[{"href":"https:\/\/dge.qroo.gob.mx\/index.php\/wp-json\/wp\/v2\/pages"}],"about":[{"href":"https:\/\/dge.qroo.gob.mx\/index.php\/wp-json\/wp\/v2\/types\/page"}],"author":[{"embeddable":true,"href":"https:\/\/dge.qroo.gob.mx\/index.php\/wp-json\/wp\/v2\/users\/4"}],"replies":[{"embeddable":true,"href":"https:\/\/dge.qroo.gob.mx\/index.php\/wp-json\/wp\/v2\/comments?post=36353"}],"version-history":[{"count":40,"href":"https:\/\/dge.qroo.gob.mx\/index.php\/wp-json\/wp\/v2\/pages\/36353\/revisions"}],"predecessor-version":[{"id":38874,"href":"https:\/\/dge.qroo.gob.mx\/index.php\/wp-json\/wp\/v2\/pages\/36353\/revisions\/38874"}],"wp:attachment":[{"href":"https:\/\/dge.qroo.gob.mx\/index.php\/wp-json\/wp\/v2\/media?parent=36353"}],"curies":[{"name":"wp","href":"https:\/\/api.w.org\/{rel}","templated":true}]}}