{"id":36342,"date":"2024-08-28T13:49:18","date_gmt":"2024-08-28T18:49:18","guid":{"rendered":"https:\/\/dge.qroo.gob.mx\/?page_id=36342"},"modified":"2026-04-30T17:07:35","modified_gmt":"2026-04-30T22:07:35","slug":"preguntas-frecuentes","status":"publish","type":"page","link":"https:\/\/dge.qroo.gob.mx\/index.php\/preguntas-frecuentes\/","title":{"rendered":"Preguntas Frecuentes"},"content":{"rendered":"\t\t<div data-elementor-type=\"wp-page\" data-elementor-id=\"36342\" class=\"elementor elementor-36342\">\n\t\t\t\t<div class=\"elementor-element elementor-element-107a853 e-flex e-con-boxed e-con e-parent\" data-id=\"107a853\" data-element_type=\"container\" data-e-type=\"container\">\n\t\t\t\t\t<div class=\"e-con-inner\">\n\t\t\t\t<div class=\"elementor-element elementor-element-701e790 elementor-widget-divider--view-line elementor-widget elementor-widget-divider\" data-id=\"701e790\" data-element_type=\"widget\" data-e-type=\"widget\" data-widget_type=\"divider.default\">\n\t\t\t\t<div class=\"elementor-widget-container\">\n\t\t\t\t\t\t\t<div class=\"elementor-divider\">\n\t\t\t<span class=\"elementor-divider-separator\">\n\t\t\t\t\t\t<\/span>\n\t\t<\/div>\n\t\t\t\t\t\t<\/div>\n\t\t\t\t<\/div>\n\t\t\t\t<div class=\"elementor-element elementor-element-1931985 elementor-widget elementor-widget-heading\" data-id=\"1931985\" data-element_type=\"widget\" data-e-type=\"widget\" data-widget_type=\"heading.default\">\n\t\t\t\t<div class=\"elementor-widget-container\">\n\t\t\t\t\t<h2 class=\"elementor-heading-title elementor-size-default\">Preguntas Frecuentes<\/h2>\t\t\t\t<\/div>\n\t\t\t\t<\/div>\n\t\t\t\t\t<\/div>\n\t\t\t\t<\/div>\n\t\t<div class=\"elementor-element elementor-element-548629c e-flex e-con-boxed e-con e-parent\" data-id=\"548629c\" data-element_type=\"container\" data-e-type=\"container\">\n\t\t\t\t\t<div class=\"e-con-inner\">\n\t\t\t\t<div class=\"elementor-element elementor-element-9621fce elementor-widget elementor-widget-text-editor\" data-id=\"9621fce\" data-element_type=\"widget\" data-e-type=\"widget\" data-widget_type=\"text-editor.default\">\n\t\t\t\t<div class=\"elementor-widget-container\">\n\t\t\t\t\t\t\t\t\t<ol><li><strong>\u00bfQu\u00e9 es la informaci\u00f3n p\u00fablica?<\/strong><\/li><\/ol><p>Toda la informaci\u00f3n generada, obtenida, adquirida, transformada, o en posesi\u00f3n de los Sujetos Obligados de los Poderes Ejecutivo, Legislativo y Judicial, los Ayuntamientos, \u00d3rganos Aut\u00f3nomos y dem\u00e1s descritos en la Normatividad de Transparencia Estatal, por lo que dicha informaci\u00f3n es p\u00fablica y accesible a cualquier persona, en los t\u00e9rminos y condiciones que se establezcan en los tratados internacionales de los que el Estado Mexicano sea parte, en la Ley General de Transparencia y Acceso a la Informaci\u00f3n P\u00fablica, la Ley de Transparencia y Acceso a la Informaci\u00f3n del Estado de Quintana Roo y dem\u00e1s disposiciones de la materia, privilegiando el principio de m\u00e1xima publicidad de la informaci\u00f3n.<\/p><p>El Estado garantizar\u00e1 el derecho humano de acceso a la informaci\u00f3n p\u00fablica en posesi\u00f3n de los Sujetos Obligados, el cual comprende solicitar, investigar, difundir, buscar y recibir informaci\u00f3n por parte de los Sujetos Obligados.<\/p><p>La informaci\u00f3n solo podr\u00e1 ser clasificada como reservada temporalmente por razones de inter\u00e9s p\u00fablico o seguridad en los t\u00e9rminos previstos por la Ley General y la Ley de Transparencia y Acceso a la Informaci\u00f3n del Estado de Quintana Roo.<\/p><ol start=\"2\"><li><strong> \u00bfC\u00f3mo y d\u00f3nde puedo acceder a la informaci\u00f3n p\u00fablica?<\/strong><\/li><\/ol><p>Cualquier persona por s\u00ed misma o a trav\u00e9s de su representante, sin necesidad de acreditar inter\u00e9s alguno, podr\u00e1 presentar solicitud de acceso a informaci\u00f3n ante la Unidad de Transparencia, a trav\u00e9s de la p\u00e1gina de internet de la <strong><u>Plataforma Nacional de Transparencia<\/u><\/strong>, en la oficina u oficinas designadas para ello, v\u00eda correo electr\u00f3nico, correo postal, mensajer\u00eda, tel\u00e9grafo, verbalmente o cualquier medio aprobado por el Sistema Nacional de Acceso a la Informaci\u00f3n P\u00fablica.<\/p><p>Las Unidades de Transparencia de los Sujetos Obligados deber\u00e1n garantizar las medidas y condiciones de accesibilidad para que toda persona pueda ejercer el derecho de acceso a la informaci\u00f3n, mediante solicitudes de informaci\u00f3n y deber\u00e1 apoyar a la persona solicitante en la elaboraci\u00f3n de las mismas, especialmente cuando la persona interesada no sepa leer ni escribir, hable una lengua ind\u00edgena o se trate de una persona que pertenezca a un grupo vulnerable, de conformidad con las bases establecidas en el T\u00edtulo Octavo de la Ley de Transparencia y Acceso a la Informaci\u00f3n del Estado de Quintana Roo.<\/p><p>El Despacho de la Gubernatura de Quintana Roo,\u00a0 pone a su disposici\u00f3n las instalaciones de la Unidad de Transparencia, Acceso a la Informaci\u00f3n P\u00fablica y Protecci\u00f3n de Datos Personales, de Mejora Regulatoria y de Archivos, ubicadas en la Av. 22 de Enero, No. 001 entre Av. Ju\u00e1rez y Av. H\u00e9roes, Col. Centro, C.P. 77000, en el Segundo Piso del Palacio de Gobierno de esta Ciudad de Chetumal, Quintana Roo, en horario de 09:00 horas a 17:00 horas de Lunes a Viernes, tel\u00e9fono 983 835 1350 Ext. 200572, en donde podr\u00e1n orientarle y apoyarle con su Solicitud de Acceso a la Informaci\u00f3n P\u00fablica, del mismo modo, se pone a su disposici\u00f3n el correo electr\u00f3nico: <a href=\"mailto:transparencia.spdespacho@qroo.gob.mx\">transparencia.spdespacho@qroo.gob.mx<\/a>.<\/p><ol start=\"3\"><li><strong> \u00bfQu\u00e9 datos m\u00ednimos debe contener mi solicitud de acceso a la informaci\u00f3n p\u00fablica?<\/strong><\/li><\/ol><p>Para presentar una solicitud, no se podr\u00e1n exigir mayores requisitos que los siguientes:<\/p><ol><li>Medio para recibir notificaciones;<\/li><li>La descripci\u00f3n de la informaci\u00f3n solicitada, y<\/li><li>la modalidad en la que prefiere se otorgue el acceso a la informaci\u00f3n, la cual podr\u00e1 ser verbal, siempre y cuando sea para fines de orientaci\u00f3n, mediante consulta directa, mediante la expedici\u00f3n de copias simples o certificadas o la reproducci\u00f3n en cualquier otro medio, incluidos los electr\u00f3nicos.<\/li><\/ol><p>En su caso, la persona solicitante se\u00f1alar\u00e1 el formato accesible o la lengua ind\u00edgena en la que se requiera la informaci\u00f3n de acuerdo con lo se\u00f1alado en la presente Ley.<\/p><ol start=\"4\"><li><strong> \u00bfTiene alg\u00fan costo la Respuesta que reciba de mi solicitud de informaci\u00f3n p\u00fablica?<\/strong><\/li><\/ol><h5 style=\"text-align: center;\"><span style=\"text-decoration: underline;\"><strong>T\u00cdTULO V<\/strong><\/span><\/h5><p><strong>DE LOS DERECHOS DE LAS UNIDADES DE TRANSPARENCIA, ACCESO A LA INFORMACI\u00d3N P\u00daBLICA Y PROTECCION DE DATOS PERSONALES<\/strong><\/p><p style=\"text-align: center;\"><strong>CAP\u00cdTULO \u00daNICO<\/strong><\/p><p>Art\u00edculo 122. Por los materiales que se utilicen para reproducir la informaci\u00f3n que proporcionen las Dependencias, a trav\u00e9s de sus Unidades de Transparencia, Acceso a la Informaci\u00f3n P\u00fablica y Protecci\u00f3n de Datos Personales, se causar\u00e1n derechos conforme a la tarifa siguiente:<\/p><p style=\"text-align: right;\">P\u00e1rrafo reformado POE 18-12-2019<\/p><ol><li>Para la expedici\u00f3n de copia simple blanco y negro por cada foja tama\u00f1o carta 0.011 UMA.<\/li><li>Para la expedici\u00f3n de copia simple blanco y negro por cada foja tama\u00f1o oficio 0.012 UMA.<\/li><li>Expedici\u00f3n de copia a color tama\u00f1o carta por foja 0.0828 UMA y tama\u00f1o oficio por foja 0.1183 UMA.<\/li><\/ol><p style=\"text-align: right;\">Fracci\u00f3n reformada POE 18-12-2019<\/p><p>\u00a0 \u00a0 \u00a0 4. Versiones P\u00fablicas por foja 0.040 UMA.<\/p><p>\u00a0 \u00a0 \u00a0 5. Por la expedici\u00f3n de copias simples de planos geogr\u00e1ficos o arquitect\u00f3nicos que por sus caracter\u00edsticas y dimensiones requieran de mecanismos especiales o equipo tecnol\u00f3gico especial para su reproducci\u00f3n se aplicar\u00e1 la tarifa prevista en la fracci\u00f3n III del art\u00edculo 50 de esta Ley.<\/p><p>\u00a0 \u00a0 \u00a0 \u00a06. Por la expedici\u00f3n de la informaci\u00f3n digital en disco compacto, multimedia, memoria usb:<\/p><table><tbody><tr><td width=\"294\"><p><strong>CONCEPTO<\/strong><\/p><\/td><td width=\"294\"><p><strong>TARIFA<\/strong><\/p><\/td><\/tr><tr><td width=\"294\"><p>CD<\/p><\/td><td width=\"294\"><p>0.1372<\/p><\/td><\/tr><tr><td width=\"294\"><p>CD REGRABABLE<\/p><\/td><td width=\"294\"><p>0.2698<\/p><\/td><\/tr><tr><td width=\"294\"><p>DVD<\/p><\/td><td width=\"294\"><p>0.0686<\/p><\/td><\/tr><tr><td width=\"294\"><p>DVD REGRABABLE<\/p><\/td><td width=\"294\"><p>0.1763<\/p><\/td><\/tr><tr><td width=\"294\"><p>USB 8 GB<\/p><\/td><td width=\"294\"><p>1.5102<\/p><\/td><\/tr><tr><td width=\"294\"><p>USB 16 GB<\/p><\/td><td width=\"294\"><p>1.7848<\/p><\/td><\/tr><tr><td width=\"294\"><p>USB 32 GB<\/p><\/td><td width=\"294\"><p>2.5262<\/p><\/td><\/tr><tr><td width=\"294\"><p>USB 64 GB<\/p><\/td><td width=\"294\"><p>3.5285<\/p><\/td><\/tr><\/tbody><\/table><p>\u00a0<\/p><p>\u00a0 \u00a0 \u00a0 7. Por el escaneo de documentos para entregarlos en medios magn\u00e9ticos, por cada hoja 0.005 UMA.<\/p><p>El derecho previsto en las fracciones I, II y III del presente art\u00edculo, por la expedici\u00f3n de copias simples incluyendo la de datos personales (Acceso, Rectificaci\u00f3n, Cancelaci\u00f3n y Oposici\u00f3n), el cobro se realizar\u00e1 a partir de la foja veintiuno.<\/p><p style=\"text-align: right;\">P\u00e1rrafo reformado POE 18-12-2019, 21-12-2023<\/p><p>Lo dispuesto en la fracci\u00f3n VI de este art\u00edculo no causar\u00e1 cobro alguno, cuando el solicitante se presente ante la Unidad de Transparencia que corresponda, con el material se\u00f1alado en esa fracci\u00f3n o cualquier otra que se requiera para la reproducci\u00f3n de la informaci\u00f3n solicitada.<\/p><p style=\"text-align: right;\">P\u00e1rrafo reformado POE 22-12-2021<\/p><p>Para la certificaci\u00f3n de copias se aplicar\u00e1 el derecho previsto en el numeral 2 del art\u00edculo 123 de esta Ley, que se sumar\u00e1 a los derechos por expedici\u00f3n de copias simples, que corresponda.<\/p><p style=\"text-align: right;\">P\u00e1rrafo reformado POE 18-12-2019, 22-12-2021, 21-12-2023<\/p><p>Para el env\u00edo de documentos o de material que contenga informaci\u00f3n a trav\u00e9s de correo certificado o mensajer\u00eda, adem\u00e1s del pago de derechos a que se refieren las fracciones I, II, III, IV, V, VI y VII el solicitante deber\u00e1 cubrir el costo del servicio respectivo por lo que deber\u00e1 notificar a la Unidad de Transparencia correspondiente los servicios que ha contratado para que \u00e9sta \u00faltima proceda al env\u00edo.<\/p><p>Cualquier instituci\u00f3n p\u00fablica estatal no prevista en la presente Ley, que presten servicios o realicen actividades contempladas en el presente art\u00edculo y por las que deban percibir una contraprestaci\u00f3n econ\u00f3mica, se sujetar\u00e1n a lo dispuesto en este mismo art\u00edculo.<\/p><ol start=\"5\"><li><strong> \u00bfCu\u00e1nto tiempo debo esperar para obtener una respuesta a mi solicitud de informaci\u00f3n p\u00fablica?<\/strong><\/li><\/ol><p>La respuesta a la solicitud deber\u00e1 ser notificada a la persona interesada en el menor tiempo posible, que no podr\u00e1 exceder de diez d\u00edas, contados a partir del d\u00eda siguiente a la presentaci\u00f3n de aqu\u00e9lla.<\/p><p>Excepcionalmente, el plazo referido en el p\u00e1rrafo anterior podr\u00e1 ampliarse hasta por diez d\u00edas m\u00e1s, siempre y cuando se justifiquen de manera fundada y motivada las razones ante el Comit\u00e9 de Transparencia, y este emita la resoluci\u00f3n respectiva, la cual deber\u00e1 notificarse a la persona solicitante antes de su vencimiento.<\/p><ol start=\"6\"><li><strong> \u00bfQu\u00e9 puedo hacer en caso de no recibir una respuesta en los t\u00e9rminos o en los plazos establecidos por la Ley de Transparencia y Acceso de Informaci\u00f3n P\u00fablica del Estado de Quintana Roo?<\/strong><\/li><\/ol><p>Los solicitantes podr\u00e1n interponer, por s\u00ed mismo o a trav\u00e9s de su representante, recurso de revisi\u00f3n ante el Instituto Quintanarroense de Transparencia para el Pueblo (IQTP), el cual se encuentra ubicado en la Calle Oth\u00f3n P. Blanco, No. 66, Colonia Barrio Bravo, C.P. 77098 de la Ciudad de Chetumal, Quintana Roo \u00a0o ante la Unidad de Transparencia que haya conocido de la solicitud dentro de los quince d\u00edas h\u00e1biles siguientes a la fecha de la notificaci\u00f3n de la respuesta, o del vencimiento del plazo para su notificaci\u00f3n.<\/p><ol start=\"7\"><li><strong> \u00bfQu\u00e9 funciones tiene el Instituto Quintanarroense de Transparencia para el Pueblo?<\/strong><\/li><\/ol><p>El Instituto Quintanarroense de Transparencia para el Pueblo (IQTP), es un \u00d3rgano Administrativo Desconcentrado, sectorizado a la Secretar\u00eda Anticorrupci\u00f3n y Buen Gobierno de Quintana Roo, el cual conocer\u00e1 de los asuntos en materia de transparencia y de protecci\u00f3n de datos personales de los Sujetos Obligados del Poder Ejecutivo, de los Municipios, y de la Secretar\u00eda Ejecutiva del Sistema Estatal Anticorrupci\u00f3n, aplicando los Lineamientos y Criterios que establezca el Sistema Nacional de Acceso a la Informaci\u00f3n P\u00fablica conforme a las disposiciones de la Ley de Transparencia y Acceso a la Informaci\u00f3n P\u00fablica del Estado de Quintana Roo.<\/p>\t\t\t\t\t\t\t\t<\/div>\n\t\t\t\t<\/div>\n\t\t\t\t\t<\/div>\n\t\t\t\t<\/div>\n\t\t\t\t<\/div>\n\t\t","protected":false},"excerpt":{"rendered":"<p>Preguntas Frecuentes \u00bfQu\u00e9 es la informaci\u00f3n p\u00fablica? Toda la informaci\u00f3n generada, obtenida, adquirida, transformada, o en posesi\u00f3n de los Sujetos Obligados de los Poderes Ejecutivo, Legislativo y Judicial, los Ayuntamientos, \u00d3rganos Aut\u00f3nomos y dem\u00e1s descritos en la Normatividad de Transparencia Estatal, por lo que dicha informaci\u00f3n es p\u00fablica y accesible a cualquier persona, en los &#8230; <a title=\"Preguntas Frecuentes\" class=\"read-more\" href=\"https:\/\/dge.qroo.gob.mx\/index.php\/preguntas-frecuentes\/\" aria-label=\"Leer m\u00e1s sobre Preguntas Frecuentes\">Leer m\u00e1s<\/a><\/p>\n","protected":false},"author":4,"featured_media":0,"parent":0,"menu_order":0,"comment_status":"closed","ping_status":"closed","template":"","meta":{"footnotes":""},"class_list":["post-36342","page","type-page","status-publish"],"yoast_head":"<!-- This site is optimized with the Yoast SEO plugin v27.4 - https:\/\/yoast.com\/product\/yoast-seo-wordpress\/ -->\n<title>Preguntas Frecuentes - Despacho de la Gubernatura de Quintana Roo<\/title>\n<meta name=\"robots\" content=\"index, follow, max-snippet:-1, max-image-preview:large, max-video-preview:-1\" \/>\n<link rel=\"canonical\" href=\"https:\/\/dge.qroo.gob.mx\/index.php\/preguntas-frecuentes\/\" \/>\n<meta property=\"og:locale\" content=\"es_MX\" \/>\n<meta property=\"og:type\" content=\"article\" \/>\n<meta property=\"og:title\" content=\"Preguntas Frecuentes - Despacho de la Gubernatura de Quintana Roo\" \/>\n<meta property=\"og:description\" content=\"Preguntas Frecuentes \u00bfQu\u00e9 es la informaci\u00f3n p\u00fablica? Toda la informaci\u00f3n generada, obtenida, adquirida, transformada, o en posesi\u00f3n de los Sujetos Obligados de los Poderes Ejecutivo, Legislativo y Judicial, los Ayuntamientos, \u00d3rganos Aut\u00f3nomos y dem\u00e1s descritos en la Normatividad de Transparencia Estatal, por lo que dicha informaci\u00f3n es p\u00fablica y accesible a cualquier persona, en los ... Leer m\u00e1s\" \/>\n<meta property=\"og:url\" content=\"https:\/\/dge.qroo.gob.mx\/index.php\/preguntas-frecuentes\/\" \/>\n<meta property=\"og:site_name\" content=\"Despacho de la Gubernatura de Quintana Roo\" \/>\n<meta property=\"article:modified_time\" content=\"2026-04-30T22:07:35+00:00\" \/>\n<meta name=\"twitter:card\" content=\"summary_large_image\" \/>\n<meta name=\"twitter:label1\" content=\"Tiempo de lectura\" \/>\n\t<meta name=\"twitter:data1\" content=\"7 minutos\" \/>\n<script type=\"application\/ld+json\" class=\"yoast-schema-graph\">{\"@context\":\"https:\\\/\\\/schema.org\",\"@graph\":[{\"@type\":\"WebPage\",\"@id\":\"https:\\\/\\\/dge.qroo.gob.mx\\\/index.php\\\/preguntas-frecuentes\\\/\",\"url\":\"https:\\\/\\\/dge.qroo.gob.mx\\\/index.php\\\/preguntas-frecuentes\\\/\",\"name\":\"Preguntas Frecuentes - Despacho de la Gubernatura de Quintana Roo\",\"isPartOf\":{\"@id\":\"https:\\\/\\\/dge.qroo.gob.mx\\\/#website\"},\"datePublished\":\"2024-08-28T18:49:18+00:00\",\"dateModified\":\"2026-04-30T22:07:35+00:00\",\"breadcrumb\":{\"@id\":\"https:\\\/\\\/dge.qroo.gob.mx\\\/index.php\\\/preguntas-frecuentes\\\/#breadcrumb\"},\"inLanguage\":\"es\",\"potentialAction\":[{\"@type\":\"ReadAction\",\"target\":[\"https:\\\/\\\/dge.qroo.gob.mx\\\/index.php\\\/preguntas-frecuentes\\\/\"]}]},{\"@type\":\"BreadcrumbList\",\"@id\":\"https:\\\/\\\/dge.qroo.gob.mx\\\/index.php\\\/preguntas-frecuentes\\\/#breadcrumb\",\"itemListElement\":[{\"@type\":\"ListItem\",\"position\":1,\"name\":\"Inicio\",\"item\":\"https:\\\/\\\/dge.qroo.gob.mx\\\/\"},{\"@type\":\"ListItem\",\"position\":2,\"name\":\"Preguntas Frecuentes\"}]},{\"@type\":\"WebSite\",\"@id\":\"https:\\\/\\\/dge.qroo.gob.mx\\\/#website\",\"url\":\"https:\\\/\\\/dge.qroo.gob.mx\\\/\",\"name\":\"Despacho de la Gubernatura de Quintana Roo\",\"description\":\"\",\"publisher\":{\"@id\":\"https:\\\/\\\/dge.qroo.gob.mx\\\/#organization\"},\"potentialAction\":[{\"@type\":\"SearchAction\",\"target\":{\"@type\":\"EntryPoint\",\"urlTemplate\":\"https:\\\/\\\/dge.qroo.gob.mx\\\/?s={search_term_string}\"},\"query-input\":{\"@type\":\"PropertyValueSpecification\",\"valueRequired\":true,\"valueName\":\"search_term_string\"}}],\"inLanguage\":\"es\"},{\"@type\":\"Organization\",\"@id\":\"https:\\\/\\\/dge.qroo.gob.mx\\\/#organization\",\"name\":\"Despacho de la Gubernatura de Quintana Roo\",\"url\":\"https:\\\/\\\/dge.qroo.gob.mx\\\/\",\"logo\":{\"@type\":\"ImageObject\",\"inLanguage\":\"es\",\"@id\":\"https:\\\/\\\/dge.qroo.gob.mx\\\/#\\\/schema\\\/logo\\\/image\\\/\",\"url\":\"https:\\\/\\\/dge.qroo.gob.mx\\\/wp-content\\\/uploads\\\/2026\\\/01\\\/DGROO-DESPACHO-DE-LA-GUBERNATURA-scaled.jpg\",\"contentUrl\":\"https:\\\/\\\/dge.qroo.gob.mx\\\/wp-content\\\/uploads\\\/2026\\\/01\\\/DGROO-DESPACHO-DE-LA-GUBERNATURA-scaled.jpg\",\"width\":2560,\"height\":619,\"caption\":\"Despacho de la Gubernatura de Quintana Roo\"},\"image\":{\"@id\":\"https:\\\/\\\/dge.qroo.gob.mx\\\/#\\\/schema\\\/logo\\\/image\\\/\"}}]}<\/script>\n<!-- \/ Yoast SEO plugin. -->","yoast_head_json":{"title":"Preguntas Frecuentes - Despacho de la Gubernatura de Quintana Roo","robots":{"index":"index","follow":"follow","max-snippet":"max-snippet:-1","max-image-preview":"max-image-preview:large","max-video-preview":"max-video-preview:-1"},"canonical":"https:\/\/dge.qroo.gob.mx\/index.php\/preguntas-frecuentes\/","og_locale":"es_MX","og_type":"article","og_title":"Preguntas Frecuentes - Despacho de la Gubernatura de Quintana Roo","og_description":"Preguntas Frecuentes \u00bfQu\u00e9 es la informaci\u00f3n p\u00fablica? Toda la informaci\u00f3n generada, obtenida, adquirida, transformada, o en posesi\u00f3n de los Sujetos Obligados de los Poderes Ejecutivo, Legislativo y Judicial, los Ayuntamientos, \u00d3rganos Aut\u00f3nomos y dem\u00e1s descritos en la Normatividad de Transparencia Estatal, por lo que dicha informaci\u00f3n es p\u00fablica y accesible a cualquier persona, en los ... Leer m\u00e1s","og_url":"https:\/\/dge.qroo.gob.mx\/index.php\/preguntas-frecuentes\/","og_site_name":"Despacho de la Gubernatura de Quintana Roo","article_modified_time":"2026-04-30T22:07:35+00:00","twitter_card":"summary_large_image","twitter_misc":{"Tiempo de lectura":"7 minutos"},"schema":{"@context":"https:\/\/schema.org","@graph":[{"@type":"WebPage","@id":"https:\/\/dge.qroo.gob.mx\/index.php\/preguntas-frecuentes\/","url":"https:\/\/dge.qroo.gob.mx\/index.php\/preguntas-frecuentes\/","name":"Preguntas Frecuentes - Despacho de la Gubernatura de Quintana Roo","isPartOf":{"@id":"https:\/\/dge.qroo.gob.mx\/#website"},"datePublished":"2024-08-28T18:49:18+00:00","dateModified":"2026-04-30T22:07:35+00:00","breadcrumb":{"@id":"https:\/\/dge.qroo.gob.mx\/index.php\/preguntas-frecuentes\/#breadcrumb"},"inLanguage":"es","potentialAction":[{"@type":"ReadAction","target":["https:\/\/dge.qroo.gob.mx\/index.php\/preguntas-frecuentes\/"]}]},{"@type":"BreadcrumbList","@id":"https:\/\/dge.qroo.gob.mx\/index.php\/preguntas-frecuentes\/#breadcrumb","itemListElement":[{"@type":"ListItem","position":1,"name":"Inicio","item":"https:\/\/dge.qroo.gob.mx\/"},{"@type":"ListItem","position":2,"name":"Preguntas Frecuentes"}]},{"@type":"WebSite","@id":"https:\/\/dge.qroo.gob.mx\/#website","url":"https:\/\/dge.qroo.gob.mx\/","name":"Despacho de la Gubernatura de Quintana Roo","description":"","publisher":{"@id":"https:\/\/dge.qroo.gob.mx\/#organization"},"potentialAction":[{"@type":"SearchAction","target":{"@type":"EntryPoint","urlTemplate":"https:\/\/dge.qroo.gob.mx\/?s={search_term_string}"},"query-input":{"@type":"PropertyValueSpecification","valueRequired":true,"valueName":"search_term_string"}}],"inLanguage":"es"},{"@type":"Organization","@id":"https:\/\/dge.qroo.gob.mx\/#organization","name":"Despacho de la Gubernatura de Quintana Roo","url":"https:\/\/dge.qroo.gob.mx\/","logo":{"@type":"ImageObject","inLanguage":"es","@id":"https:\/\/dge.qroo.gob.mx\/#\/schema\/logo\/image\/","url":"https:\/\/dge.qroo.gob.mx\/wp-content\/uploads\/2026\/01\/DGROO-DESPACHO-DE-LA-GUBERNATURA-scaled.jpg","contentUrl":"https:\/\/dge.qroo.gob.mx\/wp-content\/uploads\/2026\/01\/DGROO-DESPACHO-DE-LA-GUBERNATURA-scaled.jpg","width":2560,"height":619,"caption":"Despacho de la Gubernatura de Quintana Roo"},"image":{"@id":"https:\/\/dge.qroo.gob.mx\/#\/schema\/logo\/image\/"}}]}},"_links":{"self":[{"href":"https:\/\/dge.qroo.gob.mx\/index.php\/wp-json\/wp\/v2\/pages\/36342","targetHints":{"allow":["GET"]}}],"collection":[{"href":"https:\/\/dge.qroo.gob.mx\/index.php\/wp-json\/wp\/v2\/pages"}],"about":[{"href":"https:\/\/dge.qroo.gob.mx\/index.php\/wp-json\/wp\/v2\/types\/page"}],"author":[{"embeddable":true,"href":"https:\/\/dge.qroo.gob.mx\/index.php\/wp-json\/wp\/v2\/users\/4"}],"replies":[{"embeddable":true,"href":"https:\/\/dge.qroo.gob.mx\/index.php\/wp-json\/wp\/v2\/comments?post=36342"}],"version-history":[{"count":16,"href":"https:\/\/dge.qroo.gob.mx\/index.php\/wp-json\/wp\/v2\/pages\/36342\/revisions"}],"predecessor-version":[{"id":39116,"href":"https:\/\/dge.qroo.gob.mx\/index.php\/wp-json\/wp\/v2\/pages\/36342\/revisions\/39116"}],"wp:attachment":[{"href":"https:\/\/dge.qroo.gob.mx\/index.php\/wp-json\/wp\/v2\/media?parent=36342"}],"curies":[{"name":"wp","href":"https:\/\/api.w.org\/{rel}","templated":true}]}}