{"id":36299,"date":"2024-08-27T16:42:30","date_gmt":"2024-08-27T21:42:30","guid":{"rendered":"https:\/\/dge.qroo.gob.mx\/?page_id=36299"},"modified":"2025-11-05T17:22:09","modified_gmt":"2025-11-05T22:22:09","slug":"servicios","status":"publish","type":"page","link":"https:\/\/dge.qroo.gob.mx\/index.php\/servicios\/","title":{"rendered":"Servicios"},"content":{"rendered":"\t\t<div data-elementor-type=\"wp-page\" data-elementor-id=\"36299\" class=\"elementor elementor-36299\">\n\t\t\t\t<div class=\"elementor-element elementor-element-7db1201 e-con-full e-flex e-con e-parent\" data-id=\"7db1201\" data-element_type=\"container\" data-e-type=\"container\">\n\t\t\t\t<div class=\"elementor-element elementor-element-78a5c25 elementor-widget elementor-widget-text-editor\" data-id=\"78a5c25\" data-element_type=\"widget\" data-e-type=\"widget\" data-widget_type=\"text-editor.default\">\n\t\t\t\t<div class=\"elementor-widget-container\">\n\t\t\t\t\t\t\t\t\t<table class=\" aligncenter\" style=\"border-collapse: collapse; width: 750px; color: #000000; margin-top: 25px; margin-bottom: 40px; font-family: Futura; font-size: 16px;\"><thead><tr><th style=\"padding: 10px 20px; text-align: left; text-transform: uppercase; border-top-width: 1px; border-left-width: 1px; border-color: #ffffff; background: #3f3f3f; color: #ffffff; vertical-align: top;\">Servicios<\/th><\/tr><\/thead><tbody><tr><td style=\"padding: 10px 20px; vertical-align: top; border-top-width: 1px; border-left-width: 1px; border-color: #ffffff;\"><a style=\"background-color: transparent; color: #961300; transition: 0.2s ease-in-out;\" href=\"https:\/\/www.catalogonacional.gob.mx\/FichaTramite?traHomoclave=SP-2021-1847-001-A\" target=\"_blank\" rel=\"noopener\"><span style=\"font-weight: bold;\">Solicitud de acceso a la informaci\u00f3n p\u00fablica<\/span><\/a><\/td><\/tr><tr><td style=\"padding: 10px 20px; vertical-align: top; border-top-width: 1px; border-left-width: 1px; border-color: #ffffff;\"><a style=\"background-color: transparent; color: #961300; transition: 0.2s ease-in-out;\" href=\"https:\/\/www.catalogonacional.gob.mx\/FichaTramite?traHomoclave=SP-2021-1847-002-A\" target=\"_blank\" rel=\"noopener\"><span style=\"font-weight: bold;\">Solicitudes para el ejercicio de los derechos de acceso, rectificaci\u00f3n, cancelaci\u00f3n y oposici\u00f3n al tratamiento de los datos personales<\/span><\/a><\/td><\/tr><tr><td style=\"padding: 10px 20px; vertical-align: top; border-top-width: 1px; border-left-width: 1px; border-color: #ffffff;\"><a style=\"background-color: transparent; color: #961300; transition: 0.2s ease-in-out;\" href=\"https:\/\/www.catalogonacional.gob.mx\/FichaTramite?traHomoclave=SP-2021-1847-003-A\" target=\"_blank\" rel=\"noopener\"><span style=\"font-weight: bold;\">Recepci\u00f3n de recursos de revisi\u00f3n en contra de respuestas o falta de respuestas a solicitudes de informaci\u00f3n p\u00fablica y\/o del ejercicio de derechos arco<\/span><\/a><\/td><\/tr><tr><td style=\"padding: 10px 20px; vertical-align: top; border-top-width: 1px; border-left-width: 1px; border-color: #ffffff;\"><a style=\"background-color: transparent; color: #961300; transition: 0.2s ease-in-out;\" href=\"https:\/\/www.catalogonacional.gob.mx\/FichaTramite?traHomoclave=SP-2021-1847-004-A\" target=\"_blank\" rel=\"noopener\"><span style=\"font-weight: bold;\">Orientaci\u00f3n y asesor\u00eda en materia de acceso a la informaci\u00f3n p\u00fablica y para el ejercicio de los derechos de acceso, rectificaci\u00f3n, cancelaci\u00f3n y oposici\u00f3n de datos personales (arco)<\/span><\/a><\/td><\/tr><tr><td style=\"padding: 10px 20px; vertical-align: top; border-top-width: 1px; border-left-width: 1px; border-color: #ffffff;\"><p><a style=\"background-color: transparent; color: #961300; transition: 0.2s ease-in-out;\" href=\"https:\/\/www.catalogonacional.gob.mx\/FichaTramite?traHomoclave=SP-2021-1847-005-A\" target=\"_blank\" rel=\"noopener\"><span style=\"font-weight: bold;\">Recepci\u00f3n de denuncias por incumplimiento a la publicaci\u00f3n de las obligaciones de transparencia<\/span><\/a><\/p><p><strong><a href=\"https:\/\/drive.google.com\/file\/d\/1SnB3lbN1axiBtf6mRxuq8Kn42C-YjR28\/view?usp=sharing\" target=\"_blank\" rel=\"noopener\">Cobros incorporados al Sistema de Recaudaci\u00f3n<\/a><\/strong><\/p><\/td><\/tr><\/tbody><\/table>\t\t\t\t\t\t\t\t<\/div>\n\t\t\t\t<\/div>\n\t\t\t\t<\/div>\n\t\t\t\t<\/div>\n\t\t","protected":false},"excerpt":{"rendered":"<p>Servicios Solicitud de acceso a la informaci\u00f3n p\u00fablica Solicitudes para el ejercicio de los derechos de acceso, rectificaci\u00f3n, cancelaci\u00f3n y oposici\u00f3n al tratamiento de los datos personales Recepci\u00f3n de recursos de revisi\u00f3n en contra de respuestas o falta de respuestas a solicitudes de informaci\u00f3n p\u00fablica y\/o del ejercicio de derechos arco Orientaci\u00f3n y asesor\u00eda en &#8230; <a title=\"Servicios\" class=\"read-more\" href=\"https:\/\/dge.qroo.gob.mx\/index.php\/servicios\/\" aria-label=\"Leer m\u00e1s sobre Servicios\">Leer m\u00e1s<\/a><\/p>\n","protected":false},"author":4,"featured_media":0,"parent":0,"menu_order":0,"comment_status":"closed","ping_status":"closed","template":"","meta":{"footnotes":""},"class_list":["post-36299","page","type-page","status-publish"],"yoast_head":"<!-- This site is optimized with the Yoast SEO plugin v27.4 - https:\/\/yoast.com\/product\/yoast-seo-wordpress\/ -->\n<title>Servicios - Despacho de la Gubernatura de Quintana Roo<\/title>\n<meta name=\"robots\" content=\"index, follow, max-snippet:-1, max-image-preview:large, max-video-preview:-1\" \/>\n<link rel=\"canonical\" href=\"https:\/\/dge.qroo.gob.mx\/index.php\/servicios\/\" \/>\n<meta property=\"og:locale\" content=\"es_MX\" \/>\n<meta property=\"og:type\" content=\"article\" \/>\n<meta property=\"og:title\" content=\"Servicios - Despacho de la Gubernatura de Quintana Roo\" \/>\n<meta property=\"og:description\" content=\"Servicios Solicitud de acceso a la informaci\u00f3n p\u00fablica Solicitudes para el ejercicio de los derechos de acceso, rectificaci\u00f3n, cancelaci\u00f3n y oposici\u00f3n al tratamiento de los datos personales Recepci\u00f3n de recursos de revisi\u00f3n en contra de respuestas o falta de respuestas a solicitudes de informaci\u00f3n p\u00fablica y\/o del ejercicio de derechos arco Orientaci\u00f3n y asesor\u00eda en ... Leer m\u00e1s\" \/>\n<meta property=\"og:url\" content=\"https:\/\/dge.qroo.gob.mx\/index.php\/servicios\/\" \/>\n<meta property=\"og:site_name\" content=\"Despacho de la Gubernatura de Quintana Roo\" \/>\n<meta property=\"article:modified_time\" content=\"2025-11-05T22:22:09+00:00\" \/>\n<meta name=\"twitter:card\" content=\"summary_large_image\" \/>\n<meta name=\"twitter:label1\" content=\"Tiempo de lectura\" \/>\n\t<meta name=\"twitter:data1\" content=\"1 minuto\" \/>\n<script type=\"application\/ld+json\" class=\"yoast-schema-graph\">{\"@context\":\"https:\\\/\\\/schema.org\",\"@graph\":[{\"@type\":\"WebPage\",\"@id\":\"https:\\\/\\\/dge.qroo.gob.mx\\\/index.php\\\/servicios\\\/\",\"url\":\"https:\\\/\\\/dge.qroo.gob.mx\\\/index.php\\\/servicios\\\/\",\"name\":\"Servicios - Despacho de la Gubernatura de Quintana Roo\",\"isPartOf\":{\"@id\":\"https:\\\/\\\/dge.qroo.gob.mx\\\/#website\"},\"datePublished\":\"2024-08-27T21:42:30+00:00\",\"dateModified\":\"2025-11-05T22:22:09+00:00\",\"breadcrumb\":{\"@id\":\"https:\\\/\\\/dge.qroo.gob.mx\\\/index.php\\\/servicios\\\/#breadcrumb\"},\"inLanguage\":\"es\",\"potentialAction\":[{\"@type\":\"ReadAction\",\"target\":[\"https:\\\/\\\/dge.qroo.gob.mx\\\/index.php\\\/servicios\\\/\"]}]},{\"@type\":\"BreadcrumbList\",\"@id\":\"https:\\\/\\\/dge.qroo.gob.mx\\\/index.php\\\/servicios\\\/#breadcrumb\",\"itemListElement\":[{\"@type\":\"ListItem\",\"position\":1,\"name\":\"Inicio\",\"item\":\"https:\\\/\\\/dge.qroo.gob.mx\\\/\"},{\"@type\":\"ListItem\",\"position\":2,\"name\":\"Servicios\"}]},{\"@type\":\"WebSite\",\"@id\":\"https:\\\/\\\/dge.qroo.gob.mx\\\/#website\",\"url\":\"https:\\\/\\\/dge.qroo.gob.mx\\\/\",\"name\":\"Despacho de la Gubernatura de Quintana Roo\",\"description\":\"\",\"publisher\":{\"@id\":\"https:\\\/\\\/dge.qroo.gob.mx\\\/#organization\"},\"potentialAction\":[{\"@type\":\"SearchAction\",\"target\":{\"@type\":\"EntryPoint\",\"urlTemplate\":\"https:\\\/\\\/dge.qroo.gob.mx\\\/?s={search_term_string}\"},\"query-input\":{\"@type\":\"PropertyValueSpecification\",\"valueRequired\":true,\"valueName\":\"search_term_string\"}}],\"inLanguage\":\"es\"},{\"@type\":\"Organization\",\"@id\":\"https:\\\/\\\/dge.qroo.gob.mx\\\/#organization\",\"name\":\"Despacho de la Gubernatura de Quintana Roo\",\"url\":\"https:\\\/\\\/dge.qroo.gob.mx\\\/\",\"logo\":{\"@type\":\"ImageObject\",\"inLanguage\":\"es\",\"@id\":\"https:\\\/\\\/dge.qroo.gob.mx\\\/#\\\/schema\\\/logo\\\/image\\\/\",\"url\":\"https:\\\/\\\/dge.qroo.gob.mx\\\/wp-content\\\/uploads\\\/2026\\\/01\\\/DGROO-DESPACHO-DE-LA-GUBERNATURA-scaled.jpg\",\"contentUrl\":\"https:\\\/\\\/dge.qroo.gob.mx\\\/wp-content\\\/uploads\\\/2026\\\/01\\\/DGROO-DESPACHO-DE-LA-GUBERNATURA-scaled.jpg\",\"width\":2560,\"height\":619,\"caption\":\"Despacho de la Gubernatura de Quintana Roo\"},\"image\":{\"@id\":\"https:\\\/\\\/dge.qroo.gob.mx\\\/#\\\/schema\\\/logo\\\/image\\\/\"}}]}<\/script>\n<!-- \/ Yoast SEO plugin. -->","yoast_head_json":{"title":"Servicios - Despacho de la Gubernatura de Quintana Roo","robots":{"index":"index","follow":"follow","max-snippet":"max-snippet:-1","max-image-preview":"max-image-preview:large","max-video-preview":"max-video-preview:-1"},"canonical":"https:\/\/dge.qroo.gob.mx\/index.php\/servicios\/","og_locale":"es_MX","og_type":"article","og_title":"Servicios - Despacho de la Gubernatura de Quintana Roo","og_description":"Servicios Solicitud de acceso a la informaci\u00f3n p\u00fablica Solicitudes para el ejercicio de los derechos de acceso, rectificaci\u00f3n, cancelaci\u00f3n y oposici\u00f3n al tratamiento de los datos personales Recepci\u00f3n de recursos de revisi\u00f3n en contra de respuestas o falta de respuestas a solicitudes de informaci\u00f3n p\u00fablica y\/o del ejercicio de derechos arco Orientaci\u00f3n y asesor\u00eda en ... Leer m\u00e1s","og_url":"https:\/\/dge.qroo.gob.mx\/index.php\/servicios\/","og_site_name":"Despacho de la Gubernatura de Quintana Roo","article_modified_time":"2025-11-05T22:22:09+00:00","twitter_card":"summary_large_image","twitter_misc":{"Tiempo de lectura":"1 minuto"},"schema":{"@context":"https:\/\/schema.org","@graph":[{"@type":"WebPage","@id":"https:\/\/dge.qroo.gob.mx\/index.php\/servicios\/","url":"https:\/\/dge.qroo.gob.mx\/index.php\/servicios\/","name":"Servicios - Despacho de la Gubernatura de Quintana Roo","isPartOf":{"@id":"https:\/\/dge.qroo.gob.mx\/#website"},"datePublished":"2024-08-27T21:42:30+00:00","dateModified":"2025-11-05T22:22:09+00:00","breadcrumb":{"@id":"https:\/\/dge.qroo.gob.mx\/index.php\/servicios\/#breadcrumb"},"inLanguage":"es","potentialAction":[{"@type":"ReadAction","target":["https:\/\/dge.qroo.gob.mx\/index.php\/servicios\/"]}]},{"@type":"BreadcrumbList","@id":"https:\/\/dge.qroo.gob.mx\/index.php\/servicios\/#breadcrumb","itemListElement":[{"@type":"ListItem","position":1,"name":"Inicio","item":"https:\/\/dge.qroo.gob.mx\/"},{"@type":"ListItem","position":2,"name":"Servicios"}]},{"@type":"WebSite","@id":"https:\/\/dge.qroo.gob.mx\/#website","url":"https:\/\/dge.qroo.gob.mx\/","name":"Despacho de la Gubernatura de Quintana Roo","description":"","publisher":{"@id":"https:\/\/dge.qroo.gob.mx\/#organization"},"potentialAction":[{"@type":"SearchAction","target":{"@type":"EntryPoint","urlTemplate":"https:\/\/dge.qroo.gob.mx\/?s={search_term_string}"},"query-input":{"@type":"PropertyValueSpecification","valueRequired":true,"valueName":"search_term_string"}}],"inLanguage":"es"},{"@type":"Organization","@id":"https:\/\/dge.qroo.gob.mx\/#organization","name":"Despacho de la Gubernatura de Quintana Roo","url":"https:\/\/dge.qroo.gob.mx\/","logo":{"@type":"ImageObject","inLanguage":"es","@id":"https:\/\/dge.qroo.gob.mx\/#\/schema\/logo\/image\/","url":"https:\/\/dge.qroo.gob.mx\/wp-content\/uploads\/2026\/01\/DGROO-DESPACHO-DE-LA-GUBERNATURA-scaled.jpg","contentUrl":"https:\/\/dge.qroo.gob.mx\/wp-content\/uploads\/2026\/01\/DGROO-DESPACHO-DE-LA-GUBERNATURA-scaled.jpg","width":2560,"height":619,"caption":"Despacho de la Gubernatura de Quintana Roo"},"image":{"@id":"https:\/\/dge.qroo.gob.mx\/#\/schema\/logo\/image\/"}}]}},"_links":{"self":[{"href":"https:\/\/dge.qroo.gob.mx\/index.php\/wp-json\/wp\/v2\/pages\/36299","targetHints":{"allow":["GET"]}}],"collection":[{"href":"https:\/\/dge.qroo.gob.mx\/index.php\/wp-json\/wp\/v2\/pages"}],"about":[{"href":"https:\/\/dge.qroo.gob.mx\/index.php\/wp-json\/wp\/v2\/types\/page"}],"author":[{"embeddable":true,"href":"https:\/\/dge.qroo.gob.mx\/index.php\/wp-json\/wp\/v2\/users\/4"}],"replies":[{"embeddable":true,"href":"https:\/\/dge.qroo.gob.mx\/index.php\/wp-json\/wp\/v2\/comments?post=36299"}],"version-history":[{"count":13,"href":"https:\/\/dge.qroo.gob.mx\/index.php\/wp-json\/wp\/v2\/pages\/36299\/revisions"}],"predecessor-version":[{"id":38197,"href":"https:\/\/dge.qroo.gob.mx\/index.php\/wp-json\/wp\/v2\/pages\/36299\/revisions\/38197"}],"wp:attachment":[{"href":"https:\/\/dge.qroo.gob.mx\/index.php\/wp-json\/wp\/v2\/media?parent=36299"}],"curies":[{"name":"wp","href":"https:\/\/api.w.org\/{rel}","templated":true}]}}