{"id":36281,"date":"2024-08-27T14:36:03","date_gmt":"2024-08-27T19:36:03","guid":{"rendered":"https:\/\/dge.qroo.gob.mx\/?page_id=36281"},"modified":"2026-02-18T14:27:25","modified_gmt":"2026-02-18T19:27:25","slug":"denuncias-por-incumplimiento-a-las-obligaciones-de-transparenc","status":"publish","type":"page","link":"https:\/\/dge.qroo.gob.mx\/index.php\/denuncias-por-incumplimiento-a-las-obligaciones-de-transparenc\/","title":{"rendered":"Denuncias por incumplimiento a las obligaciones de Transparencia"},"content":{"rendered":"\t\t<div data-elementor-type=\"wp-page\" data-elementor-id=\"36281\" class=\"elementor elementor-36281\">\n\t\t\t\t<div class=\"elementor-element elementor-element-3cb06391 e-flex e-con-boxed e-con e-parent\" data-id=\"3cb06391\" data-element_type=\"container\" data-e-type=\"container\">\n\t\t\t\t\t<div class=\"e-con-inner\">\n\t\t\t\t<div class=\"elementor-element elementor-element-7720d5c6 elementor-widget elementor-widget-text-editor\" data-id=\"7720d5c6\" data-element_type=\"widget\" data-e-type=\"widget\" data-widget_type=\"text-editor.default\">\n\t\t\t\t<div class=\"elementor-widget-container\">\n\t\t\t\t\t\t\t\t\t<h3 class=\"wp-block-heading\">Sujeto Obligado: UNIDADES DE ASESORIA, APOYO T\u00c9CNICO, JUR\u00cdDICO Y DE COORDINACION ADSCRITAS AL DESPACHO DE LA GOBERNADORA<\/h3>\n<p><!-- \/wp:heading --><\/p>\n<p><!-- wp:table {\"hasFixedLayout\":false,\"className\":\"is-style-regular\",\"fontSize\":\"medium\"} --><\/p>\n<figure class=\"wp-block-table is-style-regular has-medium-font-size\">\n<table style=\"height: 540px;\" width=\"474\">\n<tbody>\n<tr>\n<th>Ejercicio<\/th>\n<th>N\u00famero de Denuncia<\/th>\n<th>DETERMINACI\u00d3N\/FALLO (RESOLUCI\u00d3N, DESECHAMIENTO, SOBRESEIMIENTO) (H\u00cdPERVINCULO A LA DETERMINACI\u00d3N EN CASO DE CONFIGURARSE ALG\u00daN SUPUESTO)<\/th>\n<\/tr>\n<tr>\n<td>2018<\/td>\n<td>&#8211;<\/td>\n<td>No hubo denuncias en este a\u00f1o.<\/td>\n<\/tr>\n<tr>\n<td>2019<\/td>\n<td>&#8211;<\/td>\n<td>No hubo denuncias en este a\u00f1o.<\/td>\n<\/tr>\n<tr>\n<td>2020<\/td>\n<td>&#8211;<\/td>\n<td>No hubo denuncias en este a\u00f1o.<\/td>\n<\/tr>\n<tr>\n<td>2021<\/td>\n<td>&#8211;<\/td>\n<td>No hubo denuncias en este a\u00f1o.<\/td>\n<\/tr>\n<tr>\n<td>2022<\/td>\n<td>&#8211;<\/td>\n<td>No hubo denuncias en este a\u00f1o.<\/td>\n<\/tr>\n<tr>\n<td>2023<\/td>\n<td>&#8211;<\/td>\n<td>No hubo denuncias en este a\u00f1o.<\/td>\n<\/tr>\n<tr>\n<td>2024<\/td>\n<td>&#8211;<\/td>\n<td>No hubo denuncias en este a\u00f1o.<\/td>\n<\/tr>\n<tr>\n<td>2025<\/td>\n<td>\u00a0<\/td>\n<td>No hubo denuncias en este a\u00f1o<\/td>\n<\/tr>\n<tr>\n<td>\u00a0<\/td>\n<td>\u00a0<\/td>\n<td>\u00a0<\/td>\n<\/tr>\n<tr>\n<td>\u00a0<\/td>\n<td>\u00a0<\/td>\n<td>\u00a0<\/td>\n<\/tr>\n<tr>\n<td>\u00a0<\/td>\n<td>\u00a0<\/td>\n<td>\u00a0<\/td>\n<\/tr>\n<\/tbody>\n<\/table>\n<\/figure>\n<p><!-- \/wp:table --><\/p>\n<p><!-- wp:file {\"id\":36282,\"href\":\"https:\/\/dge.qroo.gob.mx\/wp-content\/uploads\/2024\/08\/Denuncias-por-incumplimiento-2\u00b0-TRIMESTRE-2024.pdf\",\"displayPreview\":true} --><\/p>\n<p><!-- \/wp:file --><\/p>\t\t\t\t\t\t\t\t<\/div>\n\t\t\t\t<\/div>\n\t\t\t\t<div class=\"elementor-element elementor-element-6bf000f elementor-widget elementor-widget-heading\" data-id=\"6bf000f\" data-element_type=\"widget\" data-e-type=\"widget\" data-widget_type=\"heading.default\">\n\t\t\t\t<div class=\"elementor-widget-container\">\n\t\t\t\t\t<h3 class=\"elementor-heading-title elementor-size-default\"><a href=\"https:\/\/dge.qroo.gob.mx\/wp-content\/uploads\/2026\/02\/Denuncias-por-incumplimiento-2026.pdf\" target=\"_blank\">Descargar<\/a><\/h3>\t\t\t\t<\/div>\n\t\t\t\t<\/div>\n\t\t\t\t<div class=\"elementor-element elementor-element-78d27fc elementor-widget-divider--view-line elementor-widget elementor-widget-divider\" data-id=\"78d27fc\" data-element_type=\"widget\" data-e-type=\"widget\" data-widget_type=\"divider.default\">\n\t\t\t\t<div class=\"elementor-widget-container\">\n\t\t\t\t\t\t\t<div class=\"elementor-divider\">\n\t\t\t<span class=\"elementor-divider-separator\">\n\t\t\t\t\t\t<\/span>\n\t\t<\/div>\n\t\t\t\t\t\t<\/div>\n\t\t\t\t<\/div>\n\t\t<div class=\"elementor-element elementor-element-c2fa656 e-con-full e-flex e-con e-child\" data-id=\"c2fa656\" data-element_type=\"container\" data-e-type=\"container\">\n\t\t\t\t<\/div>\n\t\t\t\t\t<\/div>\n\t\t\t\t<\/div>\n\t\t\t\t<\/div>\n\t\t","protected":false},"excerpt":{"rendered":"<p>Sujeto Obligado: UNIDADES DE ASESORIA, APOYO T\u00c9CNICO, JUR\u00cdDICO Y DE COORDINACION ADSCRITAS AL DESPACHO DE LA GOBERNADORA Ejercicio N\u00famero de Denuncia DETERMINACI\u00d3N\/FALLO (RESOLUCI\u00d3N, DESECHAMIENTO, SOBRESEIMIENTO) (H\u00cdPERVINCULO A LA DETERMINACI\u00d3N EN CASO DE CONFIGURARSE ALG\u00daN SUPUESTO) 2018 &#8211; No hubo denuncias en este a\u00f1o. 2019 &#8211; No hubo denuncias en este a\u00f1o. 2020 &#8211; No hubo &#8230; <a title=\"Denuncias por incumplimiento a las obligaciones de Transparencia\" class=\"read-more\" href=\"https:\/\/dge.qroo.gob.mx\/index.php\/denuncias-por-incumplimiento-a-las-obligaciones-de-transparenc\/\" aria-label=\"Leer m\u00e1s sobre Denuncias por incumplimiento a las obligaciones de Transparencia\">Leer m\u00e1s<\/a><\/p>\n","protected":false},"author":4,"featured_media":0,"parent":0,"menu_order":0,"comment_status":"closed","ping_status":"closed","template":"","meta":{"footnotes":""},"class_list":["post-36281","page","type-page","status-publish"],"yoast_head":"<!-- This site is optimized with the Yoast SEO plugin v27.4 - https:\/\/yoast.com\/product\/yoast-seo-wordpress\/ -->\n<title>Denuncias por incumplimiento a las obligaciones de Transparencia - Despacho de la Gubernatura de Quintana Roo<\/title>\n<meta name=\"robots\" content=\"index, follow, max-snippet:-1, max-image-preview:large, max-video-preview:-1\" \/>\n<link rel=\"canonical\" href=\"https:\/\/dge.qroo.gob.mx\/index.php\/denuncias-por-incumplimiento-a-las-obligaciones-de-transparenc\/\" \/>\n<meta property=\"og:locale\" content=\"es_MX\" \/>\n<meta property=\"og:type\" content=\"article\" \/>\n<meta property=\"og:title\" content=\"Denuncias por incumplimiento a las obligaciones de Transparencia - Despacho de la Gubernatura de Quintana Roo\" \/>\n<meta property=\"og:description\" content=\"Sujeto Obligado: UNIDADES DE ASESORIA, APOYO T\u00c9CNICO, JUR\u00cdDICO Y DE COORDINACION ADSCRITAS AL DESPACHO DE LA GOBERNADORA Ejercicio N\u00famero de Denuncia DETERMINACI\u00d3N\/FALLO (RESOLUCI\u00d3N, DESECHAMIENTO, SOBRESEIMIENTO) (H\u00cdPERVINCULO A LA DETERMINACI\u00d3N EN CASO DE CONFIGURARSE ALG\u00daN SUPUESTO) 2018 &#8211; No hubo denuncias en este a\u00f1o. 2019 &#8211; No hubo denuncias en este a\u00f1o. 2020 &#8211; No hubo ... Leer m\u00e1s\" \/>\n<meta property=\"og:url\" content=\"https:\/\/dge.qroo.gob.mx\/index.php\/denuncias-por-incumplimiento-a-las-obligaciones-de-transparenc\/\" \/>\n<meta property=\"og:site_name\" content=\"Despacho de la Gubernatura de Quintana Roo\" \/>\n<meta property=\"article:modified_time\" content=\"2026-02-18T19:27:25+00:00\" \/>\n<meta name=\"twitter:card\" content=\"summary_large_image\" \/>\n<meta name=\"twitter:label1\" content=\"Tiempo de lectura\" \/>\n\t<meta name=\"twitter:data1\" content=\"1 minuto\" \/>\n<script type=\"application\/ld+json\" class=\"yoast-schema-graph\">{\"@context\":\"https:\\\/\\\/schema.org\",\"@graph\":[{\"@type\":\"WebPage\",\"@id\":\"https:\\\/\\\/dge.qroo.gob.mx\\\/index.php\\\/denuncias-por-incumplimiento-a-las-obligaciones-de-transparenc\\\/\",\"url\":\"https:\\\/\\\/dge.qroo.gob.mx\\\/index.php\\\/denuncias-por-incumplimiento-a-las-obligaciones-de-transparenc\\\/\",\"name\":\"Denuncias por incumplimiento a las obligaciones de Transparencia - Despacho de la Gubernatura de Quintana Roo\",\"isPartOf\":{\"@id\":\"https:\\\/\\\/dge.qroo.gob.mx\\\/#website\"},\"datePublished\":\"2024-08-27T19:36:03+00:00\",\"dateModified\":\"2026-02-18T19:27:25+00:00\",\"breadcrumb\":{\"@id\":\"https:\\\/\\\/dge.qroo.gob.mx\\\/index.php\\\/denuncias-por-incumplimiento-a-las-obligaciones-de-transparenc\\\/#breadcrumb\"},\"inLanguage\":\"es\",\"potentialAction\":[{\"@type\":\"ReadAction\",\"target\":[\"https:\\\/\\\/dge.qroo.gob.mx\\\/index.php\\\/denuncias-por-incumplimiento-a-las-obligaciones-de-transparenc\\\/\"]}]},{\"@type\":\"BreadcrumbList\",\"@id\":\"https:\\\/\\\/dge.qroo.gob.mx\\\/index.php\\\/denuncias-por-incumplimiento-a-las-obligaciones-de-transparenc\\\/#breadcrumb\",\"itemListElement\":[{\"@type\":\"ListItem\",\"position\":1,\"name\":\"Inicio\",\"item\":\"https:\\\/\\\/dge.qroo.gob.mx\\\/\"},{\"@type\":\"ListItem\",\"position\":2,\"name\":\"Denuncias por incumplimiento a las obligaciones de Transparencia\"}]},{\"@type\":\"WebSite\",\"@id\":\"https:\\\/\\\/dge.qroo.gob.mx\\\/#website\",\"url\":\"https:\\\/\\\/dge.qroo.gob.mx\\\/\",\"name\":\"Despacho de la Gubernatura de Quintana Roo\",\"description\":\"\",\"publisher\":{\"@id\":\"https:\\\/\\\/dge.qroo.gob.mx\\\/#organization\"},\"potentialAction\":[{\"@type\":\"SearchAction\",\"target\":{\"@type\":\"EntryPoint\",\"urlTemplate\":\"https:\\\/\\\/dge.qroo.gob.mx\\\/?s={search_term_string}\"},\"query-input\":{\"@type\":\"PropertyValueSpecification\",\"valueRequired\":true,\"valueName\":\"search_term_string\"}}],\"inLanguage\":\"es\"},{\"@type\":\"Organization\",\"@id\":\"https:\\\/\\\/dge.qroo.gob.mx\\\/#organization\",\"name\":\"Despacho de la Gubernatura de Quintana Roo\",\"url\":\"https:\\\/\\\/dge.qroo.gob.mx\\\/\",\"logo\":{\"@type\":\"ImageObject\",\"inLanguage\":\"es\",\"@id\":\"https:\\\/\\\/dge.qroo.gob.mx\\\/#\\\/schema\\\/logo\\\/image\\\/\",\"url\":\"https:\\\/\\\/dge.qroo.gob.mx\\\/wp-content\\\/uploads\\\/2026\\\/01\\\/DGROO-DESPACHO-DE-LA-GUBERNATURA-scaled.jpg\",\"contentUrl\":\"https:\\\/\\\/dge.qroo.gob.mx\\\/wp-content\\\/uploads\\\/2026\\\/01\\\/DGROO-DESPACHO-DE-LA-GUBERNATURA-scaled.jpg\",\"width\":2560,\"height\":619,\"caption\":\"Despacho de la Gubernatura de Quintana Roo\"},\"image\":{\"@id\":\"https:\\\/\\\/dge.qroo.gob.mx\\\/#\\\/schema\\\/logo\\\/image\\\/\"}}]}<\/script>\n<!-- \/ Yoast SEO plugin. -->","yoast_head_json":{"title":"Denuncias por incumplimiento a las obligaciones de Transparencia - Despacho de la Gubernatura de Quintana Roo","robots":{"index":"index","follow":"follow","max-snippet":"max-snippet:-1","max-image-preview":"max-image-preview:large","max-video-preview":"max-video-preview:-1"},"canonical":"https:\/\/dge.qroo.gob.mx\/index.php\/denuncias-por-incumplimiento-a-las-obligaciones-de-transparenc\/","og_locale":"es_MX","og_type":"article","og_title":"Denuncias por incumplimiento a las obligaciones de Transparencia - Despacho de la Gubernatura de Quintana Roo","og_description":"Sujeto Obligado: UNIDADES DE ASESORIA, APOYO T\u00c9CNICO, JUR\u00cdDICO Y DE COORDINACION ADSCRITAS AL DESPACHO DE LA GOBERNADORA Ejercicio N\u00famero de Denuncia DETERMINACI\u00d3N\/FALLO (RESOLUCI\u00d3N, DESECHAMIENTO, SOBRESEIMIENTO) (H\u00cdPERVINCULO A LA DETERMINACI\u00d3N EN CASO DE CONFIGURARSE ALG\u00daN SUPUESTO) 2018 &#8211; No hubo denuncias en este a\u00f1o. 2019 &#8211; No hubo denuncias en este a\u00f1o. 2020 &#8211; No hubo ... Leer m\u00e1s","og_url":"https:\/\/dge.qroo.gob.mx\/index.php\/denuncias-por-incumplimiento-a-las-obligaciones-de-transparenc\/","og_site_name":"Despacho de la Gubernatura de Quintana Roo","article_modified_time":"2026-02-18T19:27:25+00:00","twitter_card":"summary_large_image","twitter_misc":{"Tiempo de lectura":"1 minuto"},"schema":{"@context":"https:\/\/schema.org","@graph":[{"@type":"WebPage","@id":"https:\/\/dge.qroo.gob.mx\/index.php\/denuncias-por-incumplimiento-a-las-obligaciones-de-transparenc\/","url":"https:\/\/dge.qroo.gob.mx\/index.php\/denuncias-por-incumplimiento-a-las-obligaciones-de-transparenc\/","name":"Denuncias por incumplimiento a las obligaciones de Transparencia - Despacho de la Gubernatura de Quintana Roo","isPartOf":{"@id":"https:\/\/dge.qroo.gob.mx\/#website"},"datePublished":"2024-08-27T19:36:03+00:00","dateModified":"2026-02-18T19:27:25+00:00","breadcrumb":{"@id":"https:\/\/dge.qroo.gob.mx\/index.php\/denuncias-por-incumplimiento-a-las-obligaciones-de-transparenc\/#breadcrumb"},"inLanguage":"es","potentialAction":[{"@type":"ReadAction","target":["https:\/\/dge.qroo.gob.mx\/index.php\/denuncias-por-incumplimiento-a-las-obligaciones-de-transparenc\/"]}]},{"@type":"BreadcrumbList","@id":"https:\/\/dge.qroo.gob.mx\/index.php\/denuncias-por-incumplimiento-a-las-obligaciones-de-transparenc\/#breadcrumb","itemListElement":[{"@type":"ListItem","position":1,"name":"Inicio","item":"https:\/\/dge.qroo.gob.mx\/"},{"@type":"ListItem","position":2,"name":"Denuncias por incumplimiento a las obligaciones de Transparencia"}]},{"@type":"WebSite","@id":"https:\/\/dge.qroo.gob.mx\/#website","url":"https:\/\/dge.qroo.gob.mx\/","name":"Despacho de la Gubernatura de Quintana Roo","description":"","publisher":{"@id":"https:\/\/dge.qroo.gob.mx\/#organization"},"potentialAction":[{"@type":"SearchAction","target":{"@type":"EntryPoint","urlTemplate":"https:\/\/dge.qroo.gob.mx\/?s={search_term_string}"},"query-input":{"@type":"PropertyValueSpecification","valueRequired":true,"valueName":"search_term_string"}}],"inLanguage":"es"},{"@type":"Organization","@id":"https:\/\/dge.qroo.gob.mx\/#organization","name":"Despacho de la Gubernatura de Quintana Roo","url":"https:\/\/dge.qroo.gob.mx\/","logo":{"@type":"ImageObject","inLanguage":"es","@id":"https:\/\/dge.qroo.gob.mx\/#\/schema\/logo\/image\/","url":"https:\/\/dge.qroo.gob.mx\/wp-content\/uploads\/2026\/01\/DGROO-DESPACHO-DE-LA-GUBERNATURA-scaled.jpg","contentUrl":"https:\/\/dge.qroo.gob.mx\/wp-content\/uploads\/2026\/01\/DGROO-DESPACHO-DE-LA-GUBERNATURA-scaled.jpg","width":2560,"height":619,"caption":"Despacho de la Gubernatura de Quintana Roo"},"image":{"@id":"https:\/\/dge.qroo.gob.mx\/#\/schema\/logo\/image\/"}}]}},"_links":{"self":[{"href":"https:\/\/dge.qroo.gob.mx\/index.php\/wp-json\/wp\/v2\/pages\/36281","targetHints":{"allow":["GET"]}}],"collection":[{"href":"https:\/\/dge.qroo.gob.mx\/index.php\/wp-json\/wp\/v2\/pages"}],"about":[{"href":"https:\/\/dge.qroo.gob.mx\/index.php\/wp-json\/wp\/v2\/types\/page"}],"author":[{"embeddable":true,"href":"https:\/\/dge.qroo.gob.mx\/index.php\/wp-json\/wp\/v2\/users\/4"}],"replies":[{"embeddable":true,"href":"https:\/\/dge.qroo.gob.mx\/index.php\/wp-json\/wp\/v2\/comments?post=36281"}],"version-history":[{"count":41,"href":"https:\/\/dge.qroo.gob.mx\/index.php\/wp-json\/wp\/v2\/pages\/36281\/revisions"}],"predecessor-version":[{"id":38861,"href":"https:\/\/dge.qroo.gob.mx\/index.php\/wp-json\/wp\/v2\/pages\/36281\/revisions\/38861"}],"wp:attachment":[{"href":"https:\/\/dge.qroo.gob.mx\/index.php\/wp-json\/wp\/v2\/media?parent=36281"}],"curies":[{"name":"wp","href":"https:\/\/api.w.org\/{rel}","templated":true}]}}