{"id":36231,"date":"2024-08-27T11:51:12","date_gmt":"2024-08-27T16:51:12","guid":{"rendered":"https:\/\/dge.qroo.gob.mx\/?page_id=36231"},"modified":"2025-08-11T10:11:45","modified_gmt":"2025-08-11T15:11:45","slug":"informe-semestral-de-capacitacion","status":"publish","type":"page","link":"https:\/\/dge.qroo.gob.mx\/index.php\/informe-semestral-de-capacitacion\/","title":{"rendered":"Informe Semestral de Capacitaci\u00f3n"},"content":{"rendered":"\n<h3 class=\"wp-block-heading\"><strong>&#8220;Capacitaci\u00f3n Proporcionada a los Servidores P\u00fablicos de las Unidades de Asesor\u00eda, Apoyo T\u00e9cnico, Jur\u00eddico y de Coordinaci\u00f3n adscritas a la Gobernadora del Estado&#8221;<\/strong><\/h3>\n\n\n\n<p>En cumplimiento al numeral 54 fracciones IV y XIX&nbsp;de la Ley de Transparencia y Acceso a la Informaci\u00f3n P\u00fablica para el Estado de Quintana Roo, el cual establece dentro de sus fracciones las obligaciones que tienen los Sujetos Obligados, seg\u00fan corresponda, de acuerdo a su naturaleza:&nbsp;<\/p>\n\n\n\n<p>IV. Capacitar y actualizar, de forma permanente, a todos sus servidores p\u00fablicos en materia del derecho de acceso a la informaci\u00f3n, a tr\u00e1ves de los medios que se considere pertinente y particularmente al personal que forme parte de los Comit\u00e9s y Unidades de Transparencia.&nbsp;<\/p>\n\n\n\n<p>XIX. Informar semestralmente al Instituto, y publicar en su portal de Internet, sobre la capacitaci\u00f3n proporcionada al personal que forme parte de los Comit\u00e9s y Unidades de Transparencia.&nbsp;<\/p>\n\n\n\n<h4 class=\"wp-block-heading\"><strong>2024<\/strong><\/h4>\n\n\n\n<ul class=\"wp-block-list\">\n<li><a href=\"https:\/\/drive.google.com\/file\/d\/1ypLcIaIA1CTPe23AXYzqYKG_AJDp6oVU\/view?usp=sharing\" target=\"_BLANK\" rel=\"noreferrer noopener\">Primer Semestre 2024<\/a><\/li>\n\n\n\n<li><a href=\"https:\/\/drive.google.com\/file\/d\/1gGzYZVPIIhPfMsNwVxUaP4POwY3ofbMC\/view?usp=sharing\" target=\"_blank\" rel=\"noreferrer noopener\">Segundo Semestre 2024<\/a><\/li>\n<\/ul>\n\n\n\n<h4 class=\"wp-block-heading\"><strong>2025<\/strong><\/h4>\n\n\n\n<ul class=\"wp-block-list\">\n<li><a href=\"https:\/\/drive.google.com\/file\/d\/1FRIIl9W9QI54kfuN3ivFXhlMpPzk6ZmH\/view?usp=sharing\">Primer Semestre 2025<\/a><\/li>\n<\/ul>\n","protected":false},"excerpt":{"rendered":"<p>&#8220;Capacitaci\u00f3n Proporcionada a los Servidores P\u00fablicos de las Unidades de Asesor\u00eda, Apoyo T\u00e9cnico, Jur\u00eddico y de Coordinaci\u00f3n adscritas a la Gobernadora del Estado&#8221; En cumplimiento al numeral 54 fracciones IV y XIX&nbsp;de la Ley de Transparencia y Acceso a la Informaci\u00f3n P\u00fablica para el Estado de Quintana Roo, el cual establece dentro de sus fracciones &#8230; <a title=\"Informe Semestral de Capacitaci\u00f3n\" class=\"read-more\" href=\"https:\/\/dge.qroo.gob.mx\/index.php\/informe-semestral-de-capacitacion\/\" aria-label=\"Leer m\u00e1s sobre Informe Semestral de Capacitaci\u00f3n\">Leer m\u00e1s<\/a><\/p>\n","protected":false},"author":4,"featured_media":0,"parent":0,"menu_order":0,"comment_status":"closed","ping_status":"closed","template":"","meta":{"footnotes":""},"class_list":["post-36231","page","type-page","status-publish"],"yoast_head":"<!-- This site is optimized with the Yoast SEO plugin v27.4 - https:\/\/yoast.com\/product\/yoast-seo-wordpress\/ -->\n<title>Informe Semestral de Capacitaci\u00f3n - Despacho de la Gubernatura de Quintana Roo<\/title>\n<meta name=\"robots\" content=\"index, follow, max-snippet:-1, max-image-preview:large, max-video-preview:-1\" \/>\n<link rel=\"canonical\" href=\"https:\/\/dge.qroo.gob.mx\/index.php\/informe-semestral-de-capacitacion\/\" \/>\n<meta property=\"og:locale\" content=\"es_MX\" \/>\n<meta property=\"og:type\" content=\"article\" \/>\n<meta property=\"og:title\" content=\"Informe Semestral de Capacitaci\u00f3n - Despacho de la Gubernatura de Quintana Roo\" \/>\n<meta property=\"og:description\" content=\"&#8220;Capacitaci\u00f3n Proporcionada a los Servidores P\u00fablicos de las Unidades de Asesor\u00eda, Apoyo T\u00e9cnico, Jur\u00eddico y de Coordinaci\u00f3n adscritas a la Gobernadora del Estado&#8221; En cumplimiento al numeral 54 fracciones IV y XIX&nbsp;de la Ley de Transparencia y Acceso a la Informaci\u00f3n P\u00fablica para el Estado de Quintana Roo, el cual establece dentro de sus fracciones ... Leer m\u00e1s\" \/>\n<meta property=\"og:url\" content=\"https:\/\/dge.qroo.gob.mx\/index.php\/informe-semestral-de-capacitacion\/\" \/>\n<meta property=\"og:site_name\" content=\"Despacho de la Gubernatura de Quintana Roo\" \/>\n<meta property=\"article:modified_time\" content=\"2025-08-11T15:11:45+00:00\" \/>\n<meta name=\"twitter:card\" content=\"summary_large_image\" \/>\n<meta name=\"twitter:label1\" content=\"Tiempo de lectura\" \/>\n\t<meta name=\"twitter:data1\" content=\"1 minuto\" \/>\n<script type=\"application\/ld+json\" class=\"yoast-schema-graph\">{\"@context\":\"https:\\\/\\\/schema.org\",\"@graph\":[{\"@type\":\"WebPage\",\"@id\":\"https:\\\/\\\/dge.qroo.gob.mx\\\/index.php\\\/informe-semestral-de-capacitacion\\\/\",\"url\":\"https:\\\/\\\/dge.qroo.gob.mx\\\/index.php\\\/informe-semestral-de-capacitacion\\\/\",\"name\":\"Informe Semestral de Capacitaci\u00f3n - Despacho de la Gubernatura de Quintana Roo\",\"isPartOf\":{\"@id\":\"https:\\\/\\\/dge.qroo.gob.mx\\\/#website\"},\"datePublished\":\"2024-08-27T16:51:12+00:00\",\"dateModified\":\"2025-08-11T15:11:45+00:00\",\"breadcrumb\":{\"@id\":\"https:\\\/\\\/dge.qroo.gob.mx\\\/index.php\\\/informe-semestral-de-capacitacion\\\/#breadcrumb\"},\"inLanguage\":\"es\",\"potentialAction\":[{\"@type\":\"ReadAction\",\"target\":[\"https:\\\/\\\/dge.qroo.gob.mx\\\/index.php\\\/informe-semestral-de-capacitacion\\\/\"]}]},{\"@type\":\"BreadcrumbList\",\"@id\":\"https:\\\/\\\/dge.qroo.gob.mx\\\/index.php\\\/informe-semestral-de-capacitacion\\\/#breadcrumb\",\"itemListElement\":[{\"@type\":\"ListItem\",\"position\":1,\"name\":\"Inicio\",\"item\":\"https:\\\/\\\/dge.qroo.gob.mx\\\/\"},{\"@type\":\"ListItem\",\"position\":2,\"name\":\"Informe Semestral de Capacitaci\u00f3n\"}]},{\"@type\":\"WebSite\",\"@id\":\"https:\\\/\\\/dge.qroo.gob.mx\\\/#website\",\"url\":\"https:\\\/\\\/dge.qroo.gob.mx\\\/\",\"name\":\"Despacho de la Gubernatura de Quintana Roo\",\"description\":\"\",\"publisher\":{\"@id\":\"https:\\\/\\\/dge.qroo.gob.mx\\\/#organization\"},\"potentialAction\":[{\"@type\":\"SearchAction\",\"target\":{\"@type\":\"EntryPoint\",\"urlTemplate\":\"https:\\\/\\\/dge.qroo.gob.mx\\\/?s={search_term_string}\"},\"query-input\":{\"@type\":\"PropertyValueSpecification\",\"valueRequired\":true,\"valueName\":\"search_term_string\"}}],\"inLanguage\":\"es\"},{\"@type\":\"Organization\",\"@id\":\"https:\\\/\\\/dge.qroo.gob.mx\\\/#organization\",\"name\":\"Despacho de la Gubernatura de Quintana Roo\",\"url\":\"https:\\\/\\\/dge.qroo.gob.mx\\\/\",\"logo\":{\"@type\":\"ImageObject\",\"inLanguage\":\"es\",\"@id\":\"https:\\\/\\\/dge.qroo.gob.mx\\\/#\\\/schema\\\/logo\\\/image\\\/\",\"url\":\"https:\\\/\\\/dge.qroo.gob.mx\\\/wp-content\\\/uploads\\\/2026\\\/01\\\/DGROO-DESPACHO-DE-LA-GUBERNATURA-scaled.jpg\",\"contentUrl\":\"https:\\\/\\\/dge.qroo.gob.mx\\\/wp-content\\\/uploads\\\/2026\\\/01\\\/DGROO-DESPACHO-DE-LA-GUBERNATURA-scaled.jpg\",\"width\":2560,\"height\":619,\"caption\":\"Despacho de la Gubernatura de Quintana Roo\"},\"image\":{\"@id\":\"https:\\\/\\\/dge.qroo.gob.mx\\\/#\\\/schema\\\/logo\\\/image\\\/\"}}]}<\/script>\n<!-- \/ Yoast SEO plugin. -->","yoast_head_json":{"title":"Informe Semestral de Capacitaci\u00f3n - Despacho de la Gubernatura de Quintana Roo","robots":{"index":"index","follow":"follow","max-snippet":"max-snippet:-1","max-image-preview":"max-image-preview:large","max-video-preview":"max-video-preview:-1"},"canonical":"https:\/\/dge.qroo.gob.mx\/index.php\/informe-semestral-de-capacitacion\/","og_locale":"es_MX","og_type":"article","og_title":"Informe Semestral de Capacitaci\u00f3n - Despacho de la Gubernatura de Quintana Roo","og_description":"&#8220;Capacitaci\u00f3n Proporcionada a los Servidores P\u00fablicos de las Unidades de Asesor\u00eda, Apoyo T\u00e9cnico, Jur\u00eddico y de Coordinaci\u00f3n adscritas a la Gobernadora del Estado&#8221; En cumplimiento al numeral 54 fracciones IV y XIX&nbsp;de la Ley de Transparencia y Acceso a la Informaci\u00f3n P\u00fablica para el Estado de Quintana Roo, el cual establece dentro de sus fracciones ... Leer m\u00e1s","og_url":"https:\/\/dge.qroo.gob.mx\/index.php\/informe-semestral-de-capacitacion\/","og_site_name":"Despacho de la Gubernatura de Quintana Roo","article_modified_time":"2025-08-11T15:11:45+00:00","twitter_card":"summary_large_image","twitter_misc":{"Tiempo de lectura":"1 minuto"},"schema":{"@context":"https:\/\/schema.org","@graph":[{"@type":"WebPage","@id":"https:\/\/dge.qroo.gob.mx\/index.php\/informe-semestral-de-capacitacion\/","url":"https:\/\/dge.qroo.gob.mx\/index.php\/informe-semestral-de-capacitacion\/","name":"Informe Semestral de Capacitaci\u00f3n - Despacho de la Gubernatura de Quintana Roo","isPartOf":{"@id":"https:\/\/dge.qroo.gob.mx\/#website"},"datePublished":"2024-08-27T16:51:12+00:00","dateModified":"2025-08-11T15:11:45+00:00","breadcrumb":{"@id":"https:\/\/dge.qroo.gob.mx\/index.php\/informe-semestral-de-capacitacion\/#breadcrumb"},"inLanguage":"es","potentialAction":[{"@type":"ReadAction","target":["https:\/\/dge.qroo.gob.mx\/index.php\/informe-semestral-de-capacitacion\/"]}]},{"@type":"BreadcrumbList","@id":"https:\/\/dge.qroo.gob.mx\/index.php\/informe-semestral-de-capacitacion\/#breadcrumb","itemListElement":[{"@type":"ListItem","position":1,"name":"Inicio","item":"https:\/\/dge.qroo.gob.mx\/"},{"@type":"ListItem","position":2,"name":"Informe Semestral de Capacitaci\u00f3n"}]},{"@type":"WebSite","@id":"https:\/\/dge.qroo.gob.mx\/#website","url":"https:\/\/dge.qroo.gob.mx\/","name":"Despacho de la Gubernatura de Quintana Roo","description":"","publisher":{"@id":"https:\/\/dge.qroo.gob.mx\/#organization"},"potentialAction":[{"@type":"SearchAction","target":{"@type":"EntryPoint","urlTemplate":"https:\/\/dge.qroo.gob.mx\/?s={search_term_string}"},"query-input":{"@type":"PropertyValueSpecification","valueRequired":true,"valueName":"search_term_string"}}],"inLanguage":"es"},{"@type":"Organization","@id":"https:\/\/dge.qroo.gob.mx\/#organization","name":"Despacho de la Gubernatura de Quintana Roo","url":"https:\/\/dge.qroo.gob.mx\/","logo":{"@type":"ImageObject","inLanguage":"es","@id":"https:\/\/dge.qroo.gob.mx\/#\/schema\/logo\/image\/","url":"https:\/\/dge.qroo.gob.mx\/wp-content\/uploads\/2026\/01\/DGROO-DESPACHO-DE-LA-GUBERNATURA-scaled.jpg","contentUrl":"https:\/\/dge.qroo.gob.mx\/wp-content\/uploads\/2026\/01\/DGROO-DESPACHO-DE-LA-GUBERNATURA-scaled.jpg","width":2560,"height":619,"caption":"Despacho de la Gubernatura de Quintana Roo"},"image":{"@id":"https:\/\/dge.qroo.gob.mx\/#\/schema\/logo\/image\/"}}]}},"_links":{"self":[{"href":"https:\/\/dge.qroo.gob.mx\/index.php\/wp-json\/wp\/v2\/pages\/36231","targetHints":{"allow":["GET"]}}],"collection":[{"href":"https:\/\/dge.qroo.gob.mx\/index.php\/wp-json\/wp\/v2\/pages"}],"about":[{"href":"https:\/\/dge.qroo.gob.mx\/index.php\/wp-json\/wp\/v2\/types\/page"}],"author":[{"embeddable":true,"href":"https:\/\/dge.qroo.gob.mx\/index.php\/wp-json\/wp\/v2\/users\/4"}],"replies":[{"embeddable":true,"href":"https:\/\/dge.qroo.gob.mx\/index.php\/wp-json\/wp\/v2\/comments?post=36231"}],"version-history":[{"count":4,"href":"https:\/\/dge.qroo.gob.mx\/index.php\/wp-json\/wp\/v2\/pages\/36231\/revisions"}],"predecessor-version":[{"id":37761,"href":"https:\/\/dge.qroo.gob.mx\/index.php\/wp-json\/wp\/v2\/pages\/36231\/revisions\/37761"}],"wp:attachment":[{"href":"https:\/\/dge.qroo.gob.mx\/index.php\/wp-json\/wp\/v2\/media?parent=36231"}],"curies":[{"name":"wp","href":"https:\/\/api.w.org\/{rel}","templated":true}]}}