{"id":36101,"date":"2024-08-20T15:43:04","date_gmt":"2024-08-20T20:43:04","guid":{"rendered":"https:\/\/dge.qroo.gob.mx\/?page_id=36101"},"modified":"2026-03-02T15:17:20","modified_gmt":"2026-03-02T20:17:20","slug":"comites","status":"publish","type":"page","link":"https:\/\/dge.qroo.gob.mx\/index.php\/comites\/","title":{"rendered":"COEPCI"},"content":{"rendered":"\t\t<div data-elementor-type=\"wp-page\" data-elementor-id=\"36101\" class=\"elementor elementor-36101\">\n\t\t\t\t<div class=\"elementor-element elementor-element-79379586 e-flex e-con-boxed e-con e-parent\" data-id=\"79379586\" data-element_type=\"container\" data-e-type=\"container\">\n\t\t\t\t\t<div class=\"e-con-inner\">\n\t\t\t\t<div class=\"elementor-element elementor-element-751e3d01 elementor-widget elementor-widget-text-editor\" data-id=\"751e3d01\" data-element_type=\"widget\" data-e-type=\"widget\" data-widget_type=\"text-editor.default\">\n\t\t\t\t<div class=\"elementor-widget-container\">\n\t\t\t\t\t\t\t\t\t<h4 style=\"text-align: center;\">COMIT\u00c9 DE \u00c9TICA Y PREVENCI\u00d3N DE CONFLICTO DE INTER\u00c9S (COEPCI) DEL DESPACHO DE LA GUBERNATURA DE QUINTANA ROO<\/h4>\n<ul><!-- \/wp:list-item --><\/ul>\n<p><!-- \/wp:list --><\/p>\t\t\t\t\t\t\t\t<\/div>\n\t\t\t\t<\/div>\n\t\t\t\t<div class=\"elementor-element elementor-element-60afe1f elementor-widget elementor-widget-image\" data-id=\"60afe1f\" data-element_type=\"widget\" data-e-type=\"widget\" data-widget_type=\"image.default\">\n\t\t\t\t<div class=\"elementor-widget-container\">\n\t\t\t\t\t\t\t\t\t\t\t\t\t\t\t<img fetchpriority=\"high\" decoding=\"async\" width=\"768\" height=\"576\" src=\"https:\/\/dge.qroo.gob.mx\/wp-content\/uploads\/2025\/09\/DIAGRAMA-COEPCI-768x576.png\" class=\"attachment-medium_large size-medium_large wp-image-37880\" alt=\"\" srcset=\"https:\/\/dge.qroo.gob.mx\/wp-content\/uploads\/2025\/09\/DIAGRAMA-COEPCI-768x576.png 768w, https:\/\/dge.qroo.gob.mx\/wp-content\/uploads\/2025\/09\/DIAGRAMA-COEPCI-300x225.png 300w, https:\/\/dge.qroo.gob.mx\/wp-content\/uploads\/2025\/09\/DIAGRAMA-COEPCI.png 1024w\" sizes=\"(max-width: 768px) 100vw, 768px\" \/>\t\t\t\t\t\t\t\t\t\t\t\t\t\t\t<\/div>\n\t\t\t\t<\/div>\n\t\t\t\t<div class=\"elementor-element elementor-element-88c0866 elementor-tabs-view-horizontal elementor-widget elementor-widget-tabs\" data-id=\"88c0866\" data-element_type=\"widget\" data-e-type=\"widget\" data-widget_type=\"tabs.default\">\n\t\t\t\t<div class=\"elementor-widget-container\">\n\t\t\t\t\t\t\t<div class=\"elementor-tabs\">\n\t\t\t<div class=\"elementor-tabs-wrapper\" role=\"tablist\" >\n\t\t\t\t\t\t\t\t\t<div id=\"elementor-tab-title-1431\" class=\"elementor-tab-title elementor-tab-desktop-title\" aria-selected=\"true\" data-tab=\"1\" role=\"tab\" tabindex=\"0\" aria-controls=\"elementor-tab-content-1431\" aria-expanded=\"false\">2025<\/div>\n\t\t\t\t\t\t\t\t\t<div id=\"elementor-tab-title-1432\" class=\"elementor-tab-title elementor-tab-desktop-title\" aria-selected=\"false\" data-tab=\"2\" role=\"tab\" tabindex=\"-1\" aria-controls=\"elementor-tab-content-1432\" aria-expanded=\"false\">2024<\/div>\n\t\t\t\t\t\t\t\t\t<div id=\"elementor-tab-title-1433\" class=\"elementor-tab-title elementor-tab-desktop-title\" aria-selected=\"false\" data-tab=\"3\" role=\"tab\" tabindex=\"-1\" aria-controls=\"elementor-tab-content-1433\" aria-expanded=\"false\">2023<\/div>\n\t\t\t\t\t\t\t<\/div>\n\t\t\t<div class=\"elementor-tabs-content-wrapper\" role=\"tablist\" aria-orientation=\"vertical\">\n\t\t\t\t\t\t\t\t\t<div class=\"elementor-tab-title elementor-tab-mobile-title\" aria-selected=\"true\" data-tab=\"1\" role=\"tab\" tabindex=\"0\" aria-controls=\"elementor-tab-content-1431\" aria-expanded=\"false\">2025<\/div>\n\t\t\t\t\t<div id=\"elementor-tab-content-1431\" class=\"elementor-tab-content elementor-clearfix\" data-tab=\"1\" role=\"tabpanel\" aria-labelledby=\"elementor-tab-title-1431\" tabindex=\"0\" hidden=\"false\"><h5><span style=\"color: #000000;\">Sesiones del COEPCI:<\/span><\/h5>\n<ul>\n<li>\n<h6><strong><span style=\"color: #000000;\">1ra Sesi\u00f3n Ordinaria (<a href=\"https:\/\/dge.qroo.gob.mx\/wp-content\/uploads\/2026\/03\/ACTA-1RA-SESION-ORDINARIA-COEPCI-2025-2.pdf\" target=\"_blank\" rel=\"noopener\">Ver<\/a>)<\/span><\/strong><\/h6>\n<\/li>\n<\/ul>\n<hr \/>\n<ul>\n<li>\n<h5><span style=\"color: #000000;\"><a style=\"color: #000000;\" href=\"https:\/\/dge.qroo.gob.mx\/wp-content\/uploads\/2025\/09\/PLAN-DE-TRABAJO-2025.pdf\" target=\"_blank\" rel=\"noopener\">Plan Anual de Trabajo<\/a><\/span><\/h5>\n<\/li>\n<li>\n<h5><span style=\"color: #000000;\"><a style=\"color: #000000;\" href=\"https:\/\/dge.qroo.gob.mx\/wp-content\/uploads\/2025\/10\/CRONOGRAMA-DE-TRABAJO-2025.pdf\" target=\"_blank\" rel=\"noopener\">Cronograma del Programa de Trabajo 2025<\/a><\/span><\/h5>\n<\/li>\n<li>\n<h5><span style=\"color: #000000;\"><a style=\"color: #000000;\" href=\"https:\/\/dge.qroo.gob.mx\/wp-content\/uploads\/2025\/09\/COEPCI-2025-TRIPTICO.pdf\" target=\"_blank\" rel=\"noopener\">Tr\u00edptico<\/a><\/span><\/h5>\n<\/li>\n<li>\n<h5><span style=\"color: #000000;\"><a style=\"color: #000000;\" href=\"https:\/\/dge.qroo.gob.mx\/wp-content\/uploads\/2025\/09\/FORMATO-DE-DELACION-DEL-COEPCI.pdf\" target=\"_blank\" rel=\"noopener\">Formato de Delaci\u00f3n\u00a0<\/a><\/span><\/h5>\n<\/li>\n<li>\n<h5><span style=\"color: #000000;\">Correo Electr\u00f3nico COEPCI<\/span><\/h5>\n<ul>\n<li>\n<h6><span style=\"color: #000000;\">DGE:\u00a0<strong>coepcidge@gmail.com<\/strong><\/span><\/h6>\n<\/li>\n<\/ul>\n<\/li>\n<\/ul><\/div>\n\t\t\t\t\t\t\t\t\t<div class=\"elementor-tab-title elementor-tab-mobile-title\" aria-selected=\"false\" data-tab=\"2\" role=\"tab\" tabindex=\"-1\" aria-controls=\"elementor-tab-content-1432\" aria-expanded=\"false\">2024<\/div>\n\t\t\t\t\t<div id=\"elementor-tab-content-1432\" class=\"elementor-tab-content elementor-clearfix\" data-tab=\"2\" role=\"tabpanel\" aria-labelledby=\"elementor-tab-title-1432\" tabindex=\"0\" hidden=\"hidden\"><p style=\"text-align: center;\"><span style=\"color: #000000;\"><strong>Sesiones del COEPCI<\/strong><\/span><\/p>\n<p><span style=\"text-decoration: underline; color: #000000;\"><strong>Ordinarias<\/strong><\/span><\/p>\n<p>\u2022 1ra. Sesi\u00f3n ordinaria<\/p>\n<p>\u2022 Plan anual de trabajo<\/p>\n<p>\u2022 <a href=\"https:\/\/dge.qroo.gob.mx\/wp-content\/uploads\/2024\/11\/PROGRAMA-DE-TRABAJO-COMISION-REDACTORA-DEL-COEPCI.pdf\" target=\"_blank\" rel=\"noopener\">Plan de trabajo de la comisi\u00f3n redactora.<\/a><\/p>\n<p><span style=\"text-decoration: underline; color: #000000;\"><strong>Extraordinarias<\/strong><\/span><\/p>\n<p>\u20221ra. Sesi\u00f3n extraordinaria<\/p>\n<hr \/>\n<p>\u00d8\u00a0<a href=\"https:\/\/dge.qroo.gob.mx\/wp-content\/uploads\/2024\/11\/TRIPTICO-COEPCI-del-2024-1.pdf\" target=\"_blank\" rel=\"noopener\"> Tr\u00edptico<\/a><\/p>\n<p>\u00d8\u00a0<a href=\"https:\/\/dge.qroo.gob.mx\/wp-content\/uploads\/2024\/11\/FORMATO-DE-DELACION-DEL-COEPCI-OFICIAL-1.pdf\" target=\"_blank\" rel=\"noopener\"> Formato de Delaci\u00f3n<\/a><\/p>\n<p>\u00d8\u00a0 Correo electr\u00f3nico para recepci\u00f3n de delaciones de las personas servidoras p\u00fablicas del DGE: <span style=\"color: #993366;\"><strong>coepcidge@gmail.com<\/strong><\/span><\/p><\/div>\n\t\t\t\t\t\t\t\t\t<div class=\"elementor-tab-title elementor-tab-mobile-title\" aria-selected=\"false\" data-tab=\"3\" role=\"tab\" tabindex=\"-1\" aria-controls=\"elementor-tab-content-1433\" aria-expanded=\"false\">2023<\/div>\n\t\t\t\t\t<div id=\"elementor-tab-content-1433\" class=\"elementor-tab-content elementor-clearfix\" data-tab=\"3\" role=\"tabpanel\" aria-labelledby=\"elementor-tab-title-1433\" tabindex=\"0\" hidden=\"hidden\"><ul>\n<li><a href=\"https:\/\/qroo.gob.mx\/convocatoria-para-la-eleccion-de-miembros-del-comite-de-etica-y-prevencion-de-delitos\" target=\"_blank\" rel=\"noreferrer noopener\">Convocatoria<\/a><\/li>\n<!-- \/wp:list-item --><!-- wp:list-item -->\n<li><a href=\"https:\/\/dge.qroo.gob.mx\/index.php\/resultados-de-la-votacion-para-la-eleccion-de-los-integrantes-del-coepci\/\">Proceso de elecci\u00f3n<\/a><\/li>\n<\/ul>\n<p><!-- \/wp:heading --><!-- wp:list --><\/p>\n<ul><!-- wp:list-item -->\n<li><a href=\"https:\/\/dge.qroo.gob.mx\/wp-content\/uploads\/2024\/08\/Acta-de-Instalacion-I.-S.E.-COEPCI.-DGE.pdf\" target=\"_blank\" rel=\"noreferrer noopener\">Acta de Instalaci\u00f3n del comit\u00e9 (COEPCI)<\/a><\/li>\n<!-- \/wp:list-item --><!-- wp:list-item -->\n<li><a href=\"https:\/\/dge.qroo.gob.mx\/wp-content\/uploads\/2024\/08\/Acta-de-aprobacion-del-Programa-Anual-del-Trabajo.pdf\" target=\"_blank\" rel=\"noreferrer noopener\">Acta de aprobaci\u00f3n del Programa Anual de Trabajo.<\/a><\/li>\n<!-- \/wp:list-item --><!-- wp:list-item -->\n<li><a href=\"https:\/\/dge.qroo.gob.mx\/wp-content\/uploads\/2024\/08\/PLAN-ANUAL-DE-TRABAJO-COEPCI.pdf\" target=\"_blank\" rel=\"noreferrer noopener\">Programa Anual de Trabajo<\/a><\/li>\n<!-- \/wp:list-item --><\/ul>\n<p><!-- \/wp:list --><!-- wp:list --><\/p>\n<ul>\n<li style=\"list-style-type: none;\">\n<ul><!-- wp:list-item -->\n<li><a href=\"https:\/\/dge.qroo.gob.mx\/wp-content\/uploads\/2024\/08\/Integrantes-del-Comite.jpg\" target=\"_blank\" rel=\"noreferrer noopener\">Integrantes del comit\u00e9<\/a>\u00a0<\/li>\n<li><a href=\"https:\/\/dge.qroo.gob.mx\/index.php\/formato-de-delacion-y-triptico-informativo-de-la-coepci\/\">Formato de Delaci\u00f3n y Tr\u00edptico Informativo de la COEPCI<\/a><\/li>\n<li>Correo electr\u00f3nico para recepci\u00f3n de delaciones de las personas servidoras p\u00fablicas del DGE:\u00a0<a href=\"mailto:coepcidge@gmail.com\"><strong>coepcidge@gmail.com<\/strong><\/a><strong>\u00a0<\/strong><br \/>\u00a0 \u00a0 \u00a0 \u00a0 \u00a0 \u00a0 \u00a0 \u00a0 \u00a0 \u00a0 \u00a0 \u00a0 \u00a0 \u00a0 \u00a0 \u00a0 \u00a0 \u00a0 \u00a0 \u00a0<img decoding=\"async\" width=\"300\" height=\"206\" class=\"wp-image-36122\" style=\"width: 300px;\" src=\"https:\/\/dge.qroo.gob.mx\/wp-content\/uploads\/2024\/08\/descarga.jpg\" alt=\"\" srcset=\"https:\/\/dge.qroo.gob.mx\/wp-content\/uploads\/2024\/08\/descarga.jpg 451w, https:\/\/dge.qroo.gob.mx\/wp-content\/uploads\/2024\/08\/descarga-300x206.jpg 300w\" sizes=\"(max-width: 300px) 100vw, 300px\" \/><\/li>\n<\/ul>\n<\/li>\n<\/ul><\/div>\n\t\t\t\t\t\t\t<\/div>\n\t\t<\/div>\n\t\t\t\t\t\t<\/div>\n\t\t\t\t<\/div>\n\t\t\t\t\t<\/div>\n\t\t\t\t<\/div>\n\t\t\t\t<\/div>\n\t\t","protected":false},"excerpt":{"rendered":"<p>COMIT\u00c9 DE \u00c9TICA Y PREVENCI\u00d3N DE CONFLICTO DE INTER\u00c9S (COEPCI) DEL DESPACHO DE LA GUBERNATURA DE QUINTANA ROO 2025 2024 2023 2025 Sesiones del COEPCI: 1ra Sesi\u00f3n Ordinaria (Ver) Plan Anual de Trabajo Cronograma del Programa de Trabajo 2025 Tr\u00edptico Formato de Delaci\u00f3n\u00a0 Correo Electr\u00f3nico COEPCI DGE:\u00a0coepcidge@gmail.com 2024 Sesiones del COEPCI Ordinarias \u2022 1ra. Sesi\u00f3n &#8230; <a title=\"COEPCI\" class=\"read-more\" href=\"https:\/\/dge.qroo.gob.mx\/index.php\/comites\/\" aria-label=\"Leer m\u00e1s sobre COEPCI\">Leer m\u00e1s<\/a><\/p>\n","protected":false},"author":4,"featured_media":0,"parent":0,"menu_order":0,"comment_status":"closed","ping_status":"closed","template":"","meta":{"footnotes":""},"class_list":["post-36101","page","type-page","status-publish"],"yoast_head":"<!-- This site is optimized with the Yoast SEO plugin v27.4 - https:\/\/yoast.com\/product\/yoast-seo-wordpress\/ -->\n<title>COEPCI - Despacho de la Gubernatura de Quintana Roo<\/title>\n<meta name=\"robots\" content=\"index, follow, max-snippet:-1, max-image-preview:large, max-video-preview:-1\" \/>\n<link rel=\"canonical\" href=\"https:\/\/dge.qroo.gob.mx\/index.php\/comites\/\" \/>\n<meta property=\"og:locale\" content=\"es_MX\" \/>\n<meta property=\"og:type\" content=\"article\" \/>\n<meta property=\"og:title\" content=\"COEPCI - Despacho de la Gubernatura de Quintana Roo\" \/>\n<meta property=\"og:description\" content=\"COMIT\u00c9 DE \u00c9TICA Y PREVENCI\u00d3N DE CONFLICTO DE INTER\u00c9S (COEPCI) DEL DESPACHO DE LA GUBERNATURA DE QUINTANA ROO 2025 2024 2023 2025 Sesiones del COEPCI: 1ra Sesi\u00f3n Ordinaria (Ver) Plan Anual de Trabajo Cronograma del Programa de Trabajo 2025 Tr\u00edptico Formato de Delaci\u00f3n\u00a0 Correo Electr\u00f3nico COEPCI DGE:\u00a0coepcidge@gmail.com 2024 Sesiones del COEPCI Ordinarias \u2022 1ra. Sesi\u00f3n ... Leer m\u00e1s\" \/>\n<meta property=\"og:url\" content=\"https:\/\/dge.qroo.gob.mx\/index.php\/comites\/\" \/>\n<meta property=\"og:site_name\" content=\"Despacho de la Gubernatura de Quintana Roo\" \/>\n<meta property=\"article:modified_time\" content=\"2026-03-02T20:17:20+00:00\" \/>\n<meta property=\"og:image\" content=\"https:\/\/dge.qroo.gob.mx\/wp-content\/uploads\/2025\/09\/DIAGRAMA-COEPCI.png\" \/>\n\t<meta property=\"og:image:width\" content=\"1024\" \/>\n\t<meta property=\"og:image:height\" content=\"768\" \/>\n\t<meta property=\"og:image:type\" content=\"image\/png\" \/>\n<meta name=\"twitter:card\" content=\"summary_large_image\" \/>\n<meta name=\"twitter:label1\" content=\"Tiempo de lectura\" \/>\n\t<meta name=\"twitter:data1\" content=\"2 minutos\" \/>\n<script type=\"application\/ld+json\" class=\"yoast-schema-graph\">{\"@context\":\"https:\\\/\\\/schema.org\",\"@graph\":[{\"@type\":\"WebPage\",\"@id\":\"https:\\\/\\\/dge.qroo.gob.mx\\\/index.php\\\/comites\\\/\",\"url\":\"https:\\\/\\\/dge.qroo.gob.mx\\\/index.php\\\/comites\\\/\",\"name\":\"COEPCI - Despacho de la Gubernatura de Quintana Roo\",\"isPartOf\":{\"@id\":\"https:\\\/\\\/dge.qroo.gob.mx\\\/#website\"},\"primaryImageOfPage\":{\"@id\":\"https:\\\/\\\/dge.qroo.gob.mx\\\/index.php\\\/comites\\\/#primaryimage\"},\"image\":{\"@id\":\"https:\\\/\\\/dge.qroo.gob.mx\\\/index.php\\\/comites\\\/#primaryimage\"},\"thumbnailUrl\":\"https:\\\/\\\/dge.qroo.gob.mx\\\/wp-content\\\/uploads\\\/2025\\\/09\\\/DIAGRAMA-COEPCI-768x576.png\",\"datePublished\":\"2024-08-20T20:43:04+00:00\",\"dateModified\":\"2026-03-02T20:17:20+00:00\",\"breadcrumb\":{\"@id\":\"https:\\\/\\\/dge.qroo.gob.mx\\\/index.php\\\/comites\\\/#breadcrumb\"},\"inLanguage\":\"es\",\"potentialAction\":[{\"@type\":\"ReadAction\",\"target\":[\"https:\\\/\\\/dge.qroo.gob.mx\\\/index.php\\\/comites\\\/\"]}]},{\"@type\":\"ImageObject\",\"inLanguage\":\"es\",\"@id\":\"https:\\\/\\\/dge.qroo.gob.mx\\\/index.php\\\/comites\\\/#primaryimage\",\"url\":\"https:\\\/\\\/dge.qroo.gob.mx\\\/wp-content\\\/uploads\\\/2025\\\/09\\\/DIAGRAMA-COEPCI.png\",\"contentUrl\":\"https:\\\/\\\/dge.qroo.gob.mx\\\/wp-content\\\/uploads\\\/2025\\\/09\\\/DIAGRAMA-COEPCI.png\",\"width\":1024,\"height\":768},{\"@type\":\"BreadcrumbList\",\"@id\":\"https:\\\/\\\/dge.qroo.gob.mx\\\/index.php\\\/comites\\\/#breadcrumb\",\"itemListElement\":[{\"@type\":\"ListItem\",\"position\":1,\"name\":\"Inicio\",\"item\":\"https:\\\/\\\/dge.qroo.gob.mx\\\/\"},{\"@type\":\"ListItem\",\"position\":2,\"name\":\"COEPCI\"}]},{\"@type\":\"WebSite\",\"@id\":\"https:\\\/\\\/dge.qroo.gob.mx\\\/#website\",\"url\":\"https:\\\/\\\/dge.qroo.gob.mx\\\/\",\"name\":\"Despacho de la Gubernatura de Quintana Roo\",\"description\":\"\",\"publisher\":{\"@id\":\"https:\\\/\\\/dge.qroo.gob.mx\\\/#organization\"},\"potentialAction\":[{\"@type\":\"SearchAction\",\"target\":{\"@type\":\"EntryPoint\",\"urlTemplate\":\"https:\\\/\\\/dge.qroo.gob.mx\\\/?s={search_term_string}\"},\"query-input\":{\"@type\":\"PropertyValueSpecification\",\"valueRequired\":true,\"valueName\":\"search_term_string\"}}],\"inLanguage\":\"es\"},{\"@type\":\"Organization\",\"@id\":\"https:\\\/\\\/dge.qroo.gob.mx\\\/#organization\",\"name\":\"Despacho de la Gubernatura de Quintana Roo\",\"url\":\"https:\\\/\\\/dge.qroo.gob.mx\\\/\",\"logo\":{\"@type\":\"ImageObject\",\"inLanguage\":\"es\",\"@id\":\"https:\\\/\\\/dge.qroo.gob.mx\\\/#\\\/schema\\\/logo\\\/image\\\/\",\"url\":\"https:\\\/\\\/dge.qroo.gob.mx\\\/wp-content\\\/uploads\\\/2026\\\/01\\\/DGROO-DESPACHO-DE-LA-GUBERNATURA-scaled.jpg\",\"contentUrl\":\"https:\\\/\\\/dge.qroo.gob.mx\\\/wp-content\\\/uploads\\\/2026\\\/01\\\/DGROO-DESPACHO-DE-LA-GUBERNATURA-scaled.jpg\",\"width\":2560,\"height\":619,\"caption\":\"Despacho de la Gubernatura de Quintana Roo\"},\"image\":{\"@id\":\"https:\\\/\\\/dge.qroo.gob.mx\\\/#\\\/schema\\\/logo\\\/image\\\/\"}}]}<\/script>\n<!-- \/ Yoast SEO plugin. -->","yoast_head_json":{"title":"COEPCI - Despacho de la Gubernatura de Quintana Roo","robots":{"index":"index","follow":"follow","max-snippet":"max-snippet:-1","max-image-preview":"max-image-preview:large","max-video-preview":"max-video-preview:-1"},"canonical":"https:\/\/dge.qroo.gob.mx\/index.php\/comites\/","og_locale":"es_MX","og_type":"article","og_title":"COEPCI - Despacho de la Gubernatura de Quintana Roo","og_description":"COMIT\u00c9 DE \u00c9TICA Y PREVENCI\u00d3N DE CONFLICTO DE INTER\u00c9S (COEPCI) DEL DESPACHO DE LA GUBERNATURA DE QUINTANA ROO 2025 2024 2023 2025 Sesiones del COEPCI: 1ra Sesi\u00f3n Ordinaria (Ver) Plan Anual de Trabajo Cronograma del Programa de Trabajo 2025 Tr\u00edptico Formato de Delaci\u00f3n\u00a0 Correo Electr\u00f3nico COEPCI DGE:\u00a0coepcidge@gmail.com 2024 Sesiones del COEPCI Ordinarias \u2022 1ra. Sesi\u00f3n ... Leer m\u00e1s","og_url":"https:\/\/dge.qroo.gob.mx\/index.php\/comites\/","og_site_name":"Despacho de la Gubernatura de Quintana Roo","article_modified_time":"2026-03-02T20:17:20+00:00","og_image":[{"width":1024,"height":768,"url":"https:\/\/dge.qroo.gob.mx\/wp-content\/uploads\/2025\/09\/DIAGRAMA-COEPCI.png","type":"image\/png"}],"twitter_card":"summary_large_image","twitter_misc":{"Tiempo de lectura":"2 minutos"},"schema":{"@context":"https:\/\/schema.org","@graph":[{"@type":"WebPage","@id":"https:\/\/dge.qroo.gob.mx\/index.php\/comites\/","url":"https:\/\/dge.qroo.gob.mx\/index.php\/comites\/","name":"COEPCI - Despacho de la Gubernatura de Quintana Roo","isPartOf":{"@id":"https:\/\/dge.qroo.gob.mx\/#website"},"primaryImageOfPage":{"@id":"https:\/\/dge.qroo.gob.mx\/index.php\/comites\/#primaryimage"},"image":{"@id":"https:\/\/dge.qroo.gob.mx\/index.php\/comites\/#primaryimage"},"thumbnailUrl":"https:\/\/dge.qroo.gob.mx\/wp-content\/uploads\/2025\/09\/DIAGRAMA-COEPCI-768x576.png","datePublished":"2024-08-20T20:43:04+00:00","dateModified":"2026-03-02T20:17:20+00:00","breadcrumb":{"@id":"https:\/\/dge.qroo.gob.mx\/index.php\/comites\/#breadcrumb"},"inLanguage":"es","potentialAction":[{"@type":"ReadAction","target":["https:\/\/dge.qroo.gob.mx\/index.php\/comites\/"]}]},{"@type":"ImageObject","inLanguage":"es","@id":"https:\/\/dge.qroo.gob.mx\/index.php\/comites\/#primaryimage","url":"https:\/\/dge.qroo.gob.mx\/wp-content\/uploads\/2025\/09\/DIAGRAMA-COEPCI.png","contentUrl":"https:\/\/dge.qroo.gob.mx\/wp-content\/uploads\/2025\/09\/DIAGRAMA-COEPCI.png","width":1024,"height":768},{"@type":"BreadcrumbList","@id":"https:\/\/dge.qroo.gob.mx\/index.php\/comites\/#breadcrumb","itemListElement":[{"@type":"ListItem","position":1,"name":"Inicio","item":"https:\/\/dge.qroo.gob.mx\/"},{"@type":"ListItem","position":2,"name":"COEPCI"}]},{"@type":"WebSite","@id":"https:\/\/dge.qroo.gob.mx\/#website","url":"https:\/\/dge.qroo.gob.mx\/","name":"Despacho de la Gubernatura de Quintana Roo","description":"","publisher":{"@id":"https:\/\/dge.qroo.gob.mx\/#organization"},"potentialAction":[{"@type":"SearchAction","target":{"@type":"EntryPoint","urlTemplate":"https:\/\/dge.qroo.gob.mx\/?s={search_term_string}"},"query-input":{"@type":"PropertyValueSpecification","valueRequired":true,"valueName":"search_term_string"}}],"inLanguage":"es"},{"@type":"Organization","@id":"https:\/\/dge.qroo.gob.mx\/#organization","name":"Despacho de la Gubernatura de Quintana Roo","url":"https:\/\/dge.qroo.gob.mx\/","logo":{"@type":"ImageObject","inLanguage":"es","@id":"https:\/\/dge.qroo.gob.mx\/#\/schema\/logo\/image\/","url":"https:\/\/dge.qroo.gob.mx\/wp-content\/uploads\/2026\/01\/DGROO-DESPACHO-DE-LA-GUBERNATURA-scaled.jpg","contentUrl":"https:\/\/dge.qroo.gob.mx\/wp-content\/uploads\/2026\/01\/DGROO-DESPACHO-DE-LA-GUBERNATURA-scaled.jpg","width":2560,"height":619,"caption":"Despacho de la Gubernatura de Quintana Roo"},"image":{"@id":"https:\/\/dge.qroo.gob.mx\/#\/schema\/logo\/image\/"}}]}},"_links":{"self":[{"href":"https:\/\/dge.qroo.gob.mx\/index.php\/wp-json\/wp\/v2\/pages\/36101","targetHints":{"allow":["GET"]}}],"collection":[{"href":"https:\/\/dge.qroo.gob.mx\/index.php\/wp-json\/wp\/v2\/pages"}],"about":[{"href":"https:\/\/dge.qroo.gob.mx\/index.php\/wp-json\/wp\/v2\/types\/page"}],"author":[{"embeddable":true,"href":"https:\/\/dge.qroo.gob.mx\/index.php\/wp-json\/wp\/v2\/users\/4"}],"replies":[{"embeddable":true,"href":"https:\/\/dge.qroo.gob.mx\/index.php\/wp-json\/wp\/v2\/comments?post=36101"}],"version-history":[{"count":93,"href":"https:\/\/dge.qroo.gob.mx\/index.php\/wp-json\/wp\/v2\/pages\/36101\/revisions"}],"predecessor-version":[{"id":38920,"href":"https:\/\/dge.qroo.gob.mx\/index.php\/wp-json\/wp\/v2\/pages\/36101\/revisions\/38920"}],"wp:attachment":[{"href":"https:\/\/dge.qroo.gob.mx\/index.php\/wp-json\/wp\/v2\/media?parent=36101"}],"curies":[{"name":"wp","href":"https:\/\/api.w.org\/{rel}","templated":true}]}}