{"id":36099,"date":"2024-08-20T15:28:39","date_gmt":"2024-08-20T20:28:39","guid":{"rendered":"https:\/\/dge.qroo.gob.mx\/?page_id=36099"},"modified":"2026-04-10T17:14:16","modified_gmt":"2026-04-10T22:14:16","slug":"normatividad","status":"publish","type":"page","link":"https:\/\/dge.qroo.gob.mx\/index.php\/normatividad\/","title":{"rendered":"NORMATIVIDAD"},"content":{"rendered":"\t\t<div data-elementor-type=\"wp-page\" data-elementor-id=\"36099\" class=\"elementor elementor-36099\">\n\t\t\t\t<div class=\"elementor-element elementor-element-6e9d13b8 e-flex e-con-boxed e-con e-parent\" data-id=\"6e9d13b8\" data-element_type=\"container\" data-e-type=\"container\">\n\t\t\t\t\t<div class=\"e-con-inner\">\n\t\t\t\t<div class=\"elementor-element elementor-element-4f656bc0 elementor-widget elementor-widget-text-editor\" data-id=\"4f656bc0\" data-element_type=\"widget\" data-e-type=\"widget\" data-widget_type=\"text-editor.default\">\n\t\t\t\t<div class=\"elementor-widget-container\">\n\t\t\t\t\t\t\t\t\t\n<p><strong>MARCO NORMATIVO<\/strong><\/p>\n\n<p><strong>CONSTITUCIONES<\/strong><\/p>\n\n<ul class=\"wp-block-list\">\n<li><a href=\"https:\/\/www.diputados.gob.mx\/LeyesBiblio\/pdf\/CPEUM.pdf\" target=\"_blank\" rel=\"noreferrer noopener\">Constituci\u00f3n Pol\u00edtica de los Estados Unidos Mexicanos.<\/a><\/li>\n\n<li><a href=\"https:\/\/documentos.congresoqroo.gob.mx\/leyes\/L176-XVIII-20251124-CN1820251124153-Constituci%C3%B3n.pdf\" target=\"_blank\" rel=\"noreferrer noopener\">Constituci\u00f3n Pol\u00edtica del Estado Libre y Soberano de Quintana Roo.<\/a><\/li>\n<\/ul>\n\n<p><strong>TRATADOS INTERNACIONALES<\/strong><\/p>\n\n<ul class=\"wp-block-list\">\n<li><a href=\"https:\/\/drive.google.com\/open?id=1yvQxX2Lf4nTtyhjIMVYf0V4dUPUQrJ7V\" target=\"_blank\" rel=\"noreferrer noopener\">Convenci\u00f3n Americana sobre Derechos Humanos.<\/a><\/li>\n\n<li><a href=\"https:\/\/drive.google.com\/open?id=1Ta_jxd_z-SqpmMbS44Yy-H__kjHNZbST\" target=\"_blank\" rel=\"noreferrer noopener\">Pacto Internacional de Derechos Civiles y Pol\u00edticos.<\/a><\/li>\n\n<li><a href=\"https:\/\/drive.google.com\/open?id=1oR5VDmhO-Ma3cO56fARVSGnFBcelkprc\" target=\"_blank\" rel=\"noreferrer noopener\">Pacto Internacional de Derechos Econ\u00f3micos, Sociales y Culturales.<\/a><\/li>\n<\/ul>\n\n<p><strong>LEYES<\/strong><\/p>\n\n<p><strong>FEDERALES<\/strong><\/p>\n\n<ul class=\"wp-block-list\">\n<li style=\"list-style-type: none;\">\n<ul>\n<li><a href=\"https:\/\/www.diputados.gob.mx\/LeyesBiblio\/pdf\/LGTAIP.pdf\" target=\"_blank\" rel=\"noreferrer noopener\">Ley Federal de Transparencia y Acceso a la Informaci\u00f3n P\u00fablica.<\/a><\/li>\n\n<li><a href=\"https:\/\/www.ordenjuridico.gob.mx\/Documentos\/Federal\/pdf\/wo114654.pdf\" target=\"_blank\" rel=\"noreferrer noopener\">Ley Federal de Responsabilidades de los Servidores P\u00fablicos.<\/a><\/li>\n\n<li><a href=\"https:\/\/drive.google.com\/file\/d\/167uSPBhg1pIsHMGbZTehM2qR3N5nmera\/view?usp=sharing\" target=\"_blank\" rel=\"noreferrer noopener\">Ley de Disciplina Financiera de las Entidades Federativas y los Municipios.<\/a><\/li>\n\n<li><a href=\"https:\/\/www.diputados.gob.mx\/LeyesBiblio\/pdf\/LGCG.pdf\" target=\"_blank\" rel=\"noreferrer noopener\">Ley General de Contabilidad Gubernamental.<\/a><\/li>\n\n<li><a href=\"https:\/\/www.diputados.gob.mx\/LeyesBiblio\/pdf\/LGRA.pdf\" target=\"_blank\" rel=\"noreferrer noopener\">Ley General de Responsabilidades Administrativas.<\/a><\/li>\n\n<li><a href=\"https:\/\/drive.google.com\/file\/d\/1ZMvreFhRlDEjNhbszQGWaGXJVKGR7jNA\/view?usp=sharing\" target=\"_blank\" rel=\"noreferrer noopener\">Ley General de Transparencia y Acceso a la Informaci\u00f3n P\u00fablica.\u00a0<\/a><\/li>\n\n<li><a href=\"https:\/\/www.diputados.gob.mx\/LeyesBiblio\/pdf\/LGSNA_200521.pdf\" target=\"_blank\" rel=\"noreferrer noopener\">Ley General del Sistema Nacional Anticorrupci\u00f3n.<\/a><\/li>\n\n<li><a href=\"https:\/\/www.diputados.gob.mx\/LeyesBiblio\/pdf\/LGPDPPSO.pdf\" target=\"_blank\" rel=\"noreferrer noopener\">Ley General de Protecci\u00f3n de Datos Personales en Posesi\u00f3n de Sujetos Obligados.<\/a><\/li>\n<li><a href=\"https:\/\/www.diputados.gob.mx\/LeyesBiblio\/pdf\/LNETB.pdf\" target=\"_blank\" rel=\"noopener\">Ley General para eliminar Tr\u00e1mites Burocr\u00e1ticos.<\/a><\/li>\n<\/ul>\n<\/li>\n<\/ul>\n<p>\u00a0<\/p>\n<ul><\/ul>\n\n<p><strong>ESTATALES<\/strong><\/p>\n\n<ul class=\"wp-block-list\">\n<li><a href=\"https:\/\/documentos.congresoqroo.gob.mx\/leyes\/L33-XVIII-20251216-L1820251216188-Ley-organica-de-la-admon-publica1.pdf\" target=\"_blank\" rel=\"noreferrer noopener\">Ley Org\u00e1nica de la Administraci\u00f3n P\u00fablica del Estado de Quintana Roo.<\/a><\/li>\n\n<li><a href=\"https:\/\/dge.qroo.gob.mx\/wp-content\/uploads\/2024\/12\/LEY-DE-AQUISICIONES-ARRENDAMIENTOS-Y-PRESTACION-DE-SERVICIOS-RELACIONADOS-CON-BIENES-MUEBLES-DEL-ESTADO-DE-QUINTANA-ROO.pdf\" target=\"_blank\" rel=\"noreferrer noopener\">Ley de Adquisiciones, Arrendamientos y Prestaci\u00f3n de Servicios Relacionados con Bienes Muebles del Estado de Quintana Roo.<\/a><\/li>\n\n<li><a href=\"https:\/\/documentos.congresoqroo.gob.mx\/leyes\/L205-XVIII-20241009-L1820241009234.pdf\" target=\"_blank\" rel=\"noreferrer noopener\">Ley de Mejora Regulatoria del Estado de Quintana Roo y sus Municipios.<\/a><\/li>\n\n<li><a href=\"https:\/\/drive.google.com\/file\/d\/1ILk9IIQPiClnq9TegtKB1f4axF6oS7iw\/view?usp=sharing\" target=\"_blank\" rel=\"noreferrer noopener\">Ley de los Trabajadores al Servicio de los Poderes Legislativo, Ejecutivo y Judicial, de los Ayuntamientos y Organismos Descentralizados del Estado de Quintana Roo.<\/a><\/li>\n\n<li><a href=\"https:\/\/documentos.congresoqroo.gob.mx\/leyes\/L181-XVII-20231221-L1720231221185.pdf\" target=\"_blank\" rel=\"noreferrer noopener\">Ley del Sistema Anticorrupci\u00f3n del Estado de Quintana Roo.<\/a><\/li>\n\n<li><a href=\"https:\/\/documentos.congresoqroo.gob.mx\/leyes\/L180-XVIII-20251010-L1820251010146.pdf\" target=\"_blank\" rel=\"noreferrer noopener\">Ley de Fiscalizaci\u00f3n y Rendici\u00f3n de Cuentas del Estado de Quintana Roo.<\/a><\/li>\n\n<li><a href=\"https:\/\/sefiplan.qroo.gob.mx\/sistemas\/marco_legal\/subidos\/1729708548_2_512.pdf\" target=\"_blank\" rel=\"noreferrer noopener\">Ley de Presupuesto y Gasto P\u00fablico del Estado de Quintana Roo.<\/a><\/li>\n\n<li><a href=\"https:\/\/documentos.congresoqroo.gob.mx\/leyes\/L337-XVIII-20251125-L1820251125154-Ley-de-Tranparncia.pdf\" target=\"_blank\" rel=\"noreferrer noopener\">Ley de Transparencia y Acceso a la Informaci\u00f3n P\u00fablica para el Estado de Quintana Roo.<\/a><\/li>\n\n<li><a href=\"https:\/\/documentos.congresoqroo.gob.mx\/leyes\/L338-XVIII-20251125-L1820251125154-ley-de-Protecci%C3%B3n-de-Datos-Personales.pdf\" target=\"_blank\" rel=\"noreferrer noopener\">Ley de Protecci\u00f3n de Datos Personales en Posesi\u00f3n de Sujetos Obligados para el Estado de Quintana Roo.<\/a><\/li>\n\n<li><a href=\"https:\/\/documentos.congresoqroo.gob.mx\/leyes\/L245-XVIII-20240724-L1720240724257-9-mayo.pdf\" target=\"_blank\" rel=\"noreferrer noopener\">Ley de Entrega y Recepci\u00f3n de los Poderes P\u00fablicos, Ayuntamientos, \u00d3rganos P\u00fablicos Aut\u00f3nomos y de las Entidades de la Administraci\u00f3n P\u00fablica Paraestatal del Estado de Quintana Roo<\/a><\/li>\n\n<li><a href=\"https:\/\/documentos.congresoqroo.gob.mx\/leyes\/L285-XVII-20231222-L1720231222201.pdf\" target=\"_blank\" rel=\"noreferrer noopener\">Ley de Archivos del Estado de Quintana Roo.<\/a><\/li>\n\n<li><a href=\"https:\/\/documentos.congresoqroo.gob.mx\/leyes\/L195-XVIII-20251218-L1820251216196-Ley-de-Derechos.pdf\" target=\"_blank\" rel=\"noreferrer noopener\">Ley de Derechos del Estado de Quintana Roo.<\/a><\/li>\n<li><a href=\"https:\/\/documentos.congresoqroo.gob.mx\/leyes\/L312-XVIII-20241015-L1820241009007.pdf\" target=\"_blank\" rel=\"noopener\">Ley de Responsabilidades Administrativas del Estado de Quintana Roo y sus Municipios.<\/a><\/li>\n<li><a href=\"https:\/\/documentos.congresoqroo.gob.mx\/leyes\/L122-XVIII-20251210-L1820251210184-Ley-de-Acceso-a-las-Mujeres-a-una-Vida.pdf\" target=\"_blank\" rel=\"noopener\">Ley de Acceso de las Mujeres a una vida libre de violencia del Estado de Quintana Roo.<\/a><\/li>\n<\/ul>\n\n<p><strong>LINEAMIENTOS<\/strong><\/p>\n\n<p><strong>FEDERALES<\/strong><\/p>\n\n<ul class=\"wp-block-list\">\n<li><a href=\"https:\/\/snt.org.mx\/wp-content\/uploads\/Lineamientos-Tecnicos-Generales-Version-Integrada.pdf\" target=\"_blank\" rel=\"noreferrer noopener\">Lineamientos T\u00e9cnicos Generales para la publicaci\u00f3n, homologaci\u00f3n y estandarizaci\u00f3n de la informaci\u00f3n de las obligaciones establecidas en el t\u00edtulo quinto y en la fracci\u00f3n IV del art\u00edculo 31 de la Ley General de Transparencia y Acceso a la Informaci\u00f3n P\u00fablica, que deben de difundir los sujetos obligados en los portales de Internet y en la Plataforma Nacional de Transparencia.<\/a><\/li>\n\n<li><a href=\"https:\/\/drive.google.com\/file\/d\/1QyLeI_N6p7dp2t9c8k5asW2puzhnr_nu\/view?usp=sharing\" target=\"_blank\" rel=\"noreferrer noopener\">Lineamientos Generales en Materia de Clasificaci\u00f3n y Desclasificaci\u00f3n de la Informaci\u00f3n, as\u00ed como para la Elaboraci\u00f3n de Versiones P\u00fablicas<\/a><a href=\"https:\/\/drive.google.com\/file\/d\/1QyLeI_N6p7dp2t9c8k5asW2puzhnr_nu\/view?usp=sharing\">.<\/a><\/li>\n\n<li><a href=\"https:\/\/drive.google.com\/file\/d\/1WEPYSlzW8fH2GC5sUu9_Vd6HQV9_eTWf\/view?usp=sharing\" target=\"_blank\" rel=\"noreferrer noopener\">Lineamientos Generales para la Integraci\u00f3n, Organizaci\u00f3n y Funcionamientos de los Comit\u00e9s de Transparencia de los Sujetos Obligados de la Ley de Transparencia y Acceso a la Informaci\u00f3n del Estado de Quintana Roo.<\/a><\/li>\n\n<li><a href=\"https:\/\/sefiplan.qroo.gob.mx\/sistemas\/marco_legal\/subidos\/1679583968_2_383.pdf\" target=\"_blank\" rel=\"noreferrer noopener\">Lineamientos Generales para el Proceso de Entrega y Recepci\u00f3n de los Recursos Asignados a los Servidores P\u00fablicos de la Administraci\u00f3n P\u00fablica Estatal.<\/a><\/li>\n\n<li><a href=\"https:\/\/drive.google.com\/file\/d\/1_rDPeIiwdnRp3CwgysXM09DZViynkzRE\/view?usp=sharing\" target=\"_blank\" rel=\"noreferrer noopener\">Lineamientos de la Funcionalidad, Operaci\u00f3n y Mejoras de la Plataforma Nacional de Transparencia.<\/a><\/li>\n<li><a href=\"http:\/\/www.iqtp.gob.mx\/archivos\/marco_juridico\/li01_lineamientostecnicosgenerales_ltgot.pdf\" target=\"_blank\" rel=\"noopener\">Lineamientos T\u00e9cnicos Generales para Publicaci\u00f3n,<b>\u00a0<\/b>Homologaci\u00f3n y Estandarizaci\u00f3n de la Informaci\u00f3n de las Obligaciones de Transparencia.<\/a><\/li>\n<\/ul>\n\n<p><strong>ESTATALES<\/strong><\/p>\n\n<ul class=\"wp-block-list\">\n<li><a href=\"https:\/\/drive.google.com\/file\/d\/1AEd5xW-mRhFyfOfXRPbc-XBOgQDq4_wB\/view?usp=sharing\" target=\"_blank\" rel=\"noreferrer noopener\">Lineamientos para el Ejercicio, Control y Comprobaci\u00f3n del Gasto P\u00fablico Destinado al Pago de Vi\u00e1ticos, Pasajes y dem\u00e1s Erogaciones Relacionadas con las Comisiones Oficiales Efectuadas por las Personas Servidoras P\u00fablicas de la Administraci\u00f3n P\u00fablica Central y Paraestatal del Poder Ejecutivo del Gobierno del Estado de Quintana Roo.<\/a>\u00a0<\/li>\n\n<li><a href=\"https:\/\/drive.google.com\/file\/d\/1myjzTMHawNkiVwN_q1yljNX09TiOnij3\/view?usp=share_link\" target=\"_blank\" rel=\"noreferrer noopener\">Lineamientos del Programa Denominado Excelencia en el Servicio P\u00fablico Dentro de la Administraci\u00f3n P\u00fablica del Estado de Quintana Roo.<\/a><\/li>\n<li><a href=\"https:\/\/dge.qroo.gob.mx\/wp-content\/uploads\/2026\/01\/Lineamientos-PMR-publicados.-PeriodicoOficial_EXTRAORDINARIO_2024-06-28_11zon.pdf\" target=\"_blank\" rel=\"noopener\">Lineamientos de los programas de mejora regulatoria de los sujetos obligados de la administraci\u00f3n p\u00fablica estatal.<\/a><\/li>\n<li><a href=\"https:\/\/dge.qroo.gob.mx\/wp-content\/uploads\/2026\/04\/Lineamientos-para-Regular-el-Proceso-de-Ingreso-de-Personal-a-las-Dependencias-y-O\u0301rganos-Desconcentrados-de-la-Administracio\u0301n-Pu\u0301blica-Central-del-Estado-de-Quintana-Roo.pdf\" target=\"_blank\" rel=\"noopener\">Lineamientos para Regular el Proceso de Ingreso de Personal a las Dependencias y O\u0301rganos Desconcentrados de la Administracio\u0301n Pu\u0301blica Central del Estado de Quintana Roo.<\/a><\/li>\n<\/ul>\n\n<p><strong>C\u00d3DIGOS<\/strong><\/p>\n\n<ul class=\"wp-block-list\">\n<li><a href=\"http:\/\/documentos.congresoqroo.gob.mx\/codigos\/C7-XV-14062019-L15201906142019.pdf\" target=\"_blank\" rel=\"noreferrer noopener\">C\u00f3digo de Procedimientos Civiles para el Estado Libre y Soberano de Quintana Roo.<\/a><\/li>\n\n<li><a href=\"https:\/\/dge.qroo.gob.mx\/wp-content\/uploads\/2024\/11\/CODIGO-DE-ETICA-DE-LAS-PERSONAS-SERVIDORAS-PUBLICAS-QROO-2023.pdf\" target=\"_blank\" rel=\"noreferrer noopener\">C\u00f3digo de \u00c9tica de los Servidores P\u00fablicos del Poder Ejecutivo del Estado de Quintana Roo.<\/a><\/li>\n\n<li><a href=\"https:\/\/dge.qroo.gob.mx\/wp-content\/uploads\/2024\/11\/CODIGO-CONDUCTA-ETICA.pdf\" target=\"_blank\" rel=\"noreferrer noopener\">C\u00f3digo de Conducta de los Servidores P\u00fablicos del Poder Ejecutivo del Estado de Quintana Roo.<\/a><\/li>\n\n<li><a href=\"https:\/\/drive.google.com\/file\/d\/1T7cFEFfkVyA_tc8tgq7HM9RH_PdxaQHB\/view?usp=sharing\" target=\"_blank\" rel=\"noreferrer noopener\">C\u00f3digo de Justicia Administrativa del Estado de Quintana Roo.<\/a><\/li>\n<li><a href=\"https:\/\/documentos.congresoqroo.gob.mx\/codigos\/C12-XVIII-09102024-20241018T095006-L1820241009013.pdf\" target=\"_blank\" rel=\"noopener\">C\u00f3digo de Procedimientos y Justicia Administrativa del Estado de Quintana Roo.<\/a><\/li>\n<\/ul>\n\n<p><strong>ACUERDOS<\/strong><\/p>\n\n<ul class=\"wp-block-list\">\n<li><a href=\"https:\/\/drive.google.com\/open?id=1LiM1iLUUQa6LJZOTYyw4fCIC6rT1Afvp\" target=\"_blank\" rel=\"noreferrer noopener\">Acuerdo por el que se suprimen las Unidades Administrativas denominadas Secretar\u00eda Particular, Secretar\u00eda Privada, Despacho del Gobernador y Coordinaci\u00f3n General de Gabinete, como \u00f3rganos desconcentrados auxiliares de la Administraci\u00f3n P\u00fablica Estatal.<\/a><\/li>\n<li><a href=\"https:\/\/dge.qroo.gob.mx\/wp-content\/uploads\/2026\/01\/59.-METODOLOGIA-E-INFORME-DEL-EDO-QUE-GUARDA-EL-SCI_Red.pdf\" target=\"_blank\" rel=\"noopener\">Acuerdo por el que se emite la Metodolog\u00eda para determinar el Estado que Guarda el Sistema de Control Interno Institucional y los Lineamientos para la Elaboraci\u00f3n y Presentaci\u00f3n de su Informe, para la Administraci\u00f3n P\u00fablica Central y Paraestatal del Estado de Quintana Roo.<\/a><\/li>\n<li><a href=\"https:\/\/dge.qroo.gob.mx\/wp-content\/uploads\/2025\/03\/Lineam.IntegrYFunc.ComitesControlYDesempenoInstitucional.pdf\" target=\"_blank\" rel=\"noopener\">Acuerdo por el que se emiten las Pol\u00edticas de Administraci\u00f3n de Riesgos y los Lineamientos de la Metodolog\u00eda para la Identificaci\u00f3n y Evaluaci\u00f3n de Riesgos para la Administraci\u00f3n P\u00fablica Central y Paraestatal del Estado de Quintana Roo<\/a><\/li>\n<li><a href=\"https:\/\/dge.qroo.gob.mx\/wp-content\/uploads\/2025\/03\/Lineam.IntegrYFunc.ComitesControlYDesempenoInstitucional.pdf\" target=\"_blank\" rel=\"noopener\">Acuerdo por el cual se emiten los Lineamientos para la Integraci\u00f3n y Funcionamiento de los Comit\u00e9s de Control y Desempe\u00f1o Institucional para la Administraci\u00f3n P\u00fablica Central y Paraestatal del Estado de Quintana Roo<\/a><\/li>\n<li><a href=\"https:\/\/dge.qroo.gob.mx\/wp-content\/uploads\/2025\/03\/ESTRATEGIA-DE-CAPACITACION-EN-MATERIA-DE-CONTROL-INTERNO-Y-RIESGOS-28.Jun_.2022.pdf\" target=\"_blank\" rel=\"noopener\">Acuerdo por el que se emite la Estrategia de Capacitaci\u00f3n en Materia de Control Interno y Riesgos para la Administraci\u00f3n P\u00fablica Central y Paraestatal del Estado de Quintana Roo<\/a><\/li>\n<li><a href=\"https:\/\/dge.qroo.gob.mx\/wp-content\/uploads\/2026\/01\/51-ACUERDO-POR-EL-QUE-SE-DA-A-CONOCER-EL-PROCESO-PARA-EL-REGISTRO-DE-LOS-PROYECTOS-DE-MANUALES-ADMINISTRATIVOS.pdf\" target=\"_blank\" rel=\"noopener\">Acuerdo por el que se da a conocer el proceso para el registro de los proyectos manuales administrativos.<\/a><\/li>\n<\/ul>\n\n<p><strong>MANUALES<\/strong><\/p>\n\n<ul class=\"wp-block-list\">\n<li><a href=\"https:\/\/drive.google.com\/file\/d\/1yboRXvzWvZ6kb6944eaa6aruCEoCNGCP\/view?usp=sharing\" target=\"_blank\" rel=\"noreferrer noopener\">Manual de Procedimientos para la Atenci\u00f3n de Solicitudes de Informaci\u00f3n.<\/a><\/li>\n\n<li><a href=\"https:\/\/drive.google.com\/file\/d\/1MQWs8rH5fnLC94R4N7aAANQlYKdkIAJY\/view?usp=share_link\" target=\"_blank\" rel=\"noreferrer noopener\">Manual de organizaci\u00f3n de las Unidades Administrativas Adscritas al Despacho del Gobernador del Estado.<\/a><\/li>\n<li><a href=\"https:\/\/dge.qroo.gob.mx\/wp-content\/uploads\/2024\/12\/MANUAL-PARA-LA-INTEGRACION-Y-FUCIONAMIENTO-DEL-COMITE-DEL-DGE-1.pdf\" target=\"_blank\" rel=\"noopener\">Manual de Integraci\u00f3n normatividad relativa a las adquisiciones, arrendamientos, bienes y\/ o servicios, obras y servicios relacionados a la obra P\u00fablica<\/a><\/li>\n<\/ul>\n<p><strong>PROGRAMA PARA FACILITAR LA OBTENCI\u00d3N DE INFORMACI\u00d3N P\u00daBLICA<\/strong><\/p>\n<ul>\n<li><a href=\"https:\/\/drive.google.com\/file\/d\/1x1JAP4q4xe5c372EpQC7EzHGV82FyQrx\/view?usp=sharing\" target=\"_blank\" rel=\"noopener\">Programa para Facilitar la obtenci\u00f3n de Informaci\u00f3n P\u00fablica.<\/a><\/li>\n<\/ul>\n\n<p><strong>REGLAS<\/strong><\/p>\n\n<ul class=\"wp-block-list\">\n<li><a href=\"https:\/\/drive.google.com\/file\/d\/1FLtg_qJiiZH1_EsRWCXsSIfjsTm7dbLR\/view?usp=sharing\" target=\"_blank\" rel=\"noreferrer noopener\">Reglas de Integridad para el Ejercicio de la Funci\u00f3n P\u00fablica.<\/a><\/li>\n<li><a href=\"https:\/\/drive.google.com\/file\/d\/1ud-5aIOzEgJWzJ52V5QOaqB7FYlzQUTF\/view?usp=sharing\" target=\"_blank\" rel=\"noopener\">Reglas de Operaci\u00f3n del Grupo Interdisciplinario de Archivos\u00a0 de las Unidades de Asesor\u00eda, Apoyo T\u00e9cnico, Jur\u00eddico de Coordinaci\u00f3n del Despacho de la Gobernadora<\/a><\/li>\n<\/ul>\n\n<p><strong>OTRAS DISPOSICIONES<\/strong><\/p>\n\n<ul class=\"wp-block-list\">\n<li><a href=\"https:\/\/dge.qroo.gob.mx\/wp-content\/uploads\/2026\/01\/Presupuesto_de_Egresos_2026_PO.pdf\" target=\"_blank\" rel=\"noreferrer noopener\">Presupuesto de Egresos del Gobierno del Estado de Quintana Roo, para el Ejercicio 2026.<\/a><\/li>\n<li><a href=\"https:\/\/drive.google.com\/file\/d\/1BnbYFF1sjJG5ZyDkBWbw7bO-4VtoKvC6\/view?usp=sharing\" target=\"_blank\" rel=\"noopener\">Documento de Seguridad de las Unidades de Asesor\u00eda, Apoyo T\u00e9cnico, Jur\u00eddico y de Coordinaci\u00f3n adscritas al Gobernador del Estado.<\/a><\/li>\n<\/ul>\n\t\t\t\t\t\t\t\t<\/div>\n\t\t\t\t<\/div>\n\t\t\t\t\t<\/div>\n\t\t\t\t<\/div>\n\t\t\t\t<\/div>\n\t\t","protected":false},"excerpt":{"rendered":"<p>MARCO NORMATIVO CONSTITUCIONES TRATADOS INTERNACIONALES LEYES FEDERALES ESTATALES LINEAMIENTOS FEDERALES ESTATALES C\u00d3DIGOS ACUERDOS MANUALES REGLAS OTRAS DISPOSICIONES<\/p>\n","protected":false},"author":4,"featured_media":0,"parent":0,"menu_order":0,"comment_status":"closed","ping_status":"closed","template":"","meta":{"footnotes":""},"class_list":["post-36099","page","type-page","status-publish"],"yoast_head":"<!-- This site is optimized with the Yoast SEO plugin v27.4 - https:\/\/yoast.com\/product\/yoast-seo-wordpress\/ -->\n<title>NORMATIVIDAD - Despacho de la Gubernatura de Quintana Roo<\/title>\n<meta name=\"robots\" content=\"index, follow, max-snippet:-1, max-image-preview:large, max-video-preview:-1\" \/>\n<link rel=\"canonical\" href=\"https:\/\/dge.qroo.gob.mx\/index.php\/normatividad\/\" \/>\n<meta property=\"og:locale\" content=\"es_MX\" \/>\n<meta property=\"og:type\" content=\"article\" \/>\n<meta property=\"og:title\" content=\"NORMATIVIDAD - Despacho de la Gubernatura de Quintana Roo\" \/>\n<meta property=\"og:description\" content=\"MARCO NORMATIVO CONSTITUCIONES TRATADOS INTERNACIONALES LEYES FEDERALES ESTATALES LINEAMIENTOS FEDERALES ESTATALES C\u00d3DIGOS ACUERDOS MANUALES REGLAS OTRAS DISPOSICIONES\" \/>\n<meta property=\"og:url\" content=\"https:\/\/dge.qroo.gob.mx\/index.php\/normatividad\/\" \/>\n<meta property=\"og:site_name\" content=\"Despacho de la Gubernatura de Quintana Roo\" \/>\n<meta property=\"article:modified_time\" content=\"2026-04-10T22:14:16+00:00\" \/>\n<meta name=\"twitter:card\" content=\"summary_large_image\" \/>\n<meta name=\"twitter:label1\" content=\"Tiempo de lectura\" \/>\n\t<meta name=\"twitter:data1\" content=\"5 minutos\" \/>\n<script type=\"application\/ld+json\" class=\"yoast-schema-graph\">{\"@context\":\"https:\\\/\\\/schema.org\",\"@graph\":[{\"@type\":\"WebPage\",\"@id\":\"https:\\\/\\\/dge.qroo.gob.mx\\\/index.php\\\/normatividad\\\/\",\"url\":\"https:\\\/\\\/dge.qroo.gob.mx\\\/index.php\\\/normatividad\\\/\",\"name\":\"NORMATIVIDAD - Despacho de la Gubernatura de Quintana Roo\",\"isPartOf\":{\"@id\":\"https:\\\/\\\/dge.qroo.gob.mx\\\/#website\"},\"datePublished\":\"2024-08-20T20:28:39+00:00\",\"dateModified\":\"2026-04-10T22:14:16+00:00\",\"breadcrumb\":{\"@id\":\"https:\\\/\\\/dge.qroo.gob.mx\\\/index.php\\\/normatividad\\\/#breadcrumb\"},\"inLanguage\":\"es\",\"potentialAction\":[{\"@type\":\"ReadAction\",\"target\":[\"https:\\\/\\\/dge.qroo.gob.mx\\\/index.php\\\/normatividad\\\/\"]}]},{\"@type\":\"BreadcrumbList\",\"@id\":\"https:\\\/\\\/dge.qroo.gob.mx\\\/index.php\\\/normatividad\\\/#breadcrumb\",\"itemListElement\":[{\"@type\":\"ListItem\",\"position\":1,\"name\":\"Inicio\",\"item\":\"https:\\\/\\\/dge.qroo.gob.mx\\\/\"},{\"@type\":\"ListItem\",\"position\":2,\"name\":\"NORMATIVIDAD\"}]},{\"@type\":\"WebSite\",\"@id\":\"https:\\\/\\\/dge.qroo.gob.mx\\\/#website\",\"url\":\"https:\\\/\\\/dge.qroo.gob.mx\\\/\",\"name\":\"Despacho de la Gubernatura de Quintana Roo\",\"description\":\"\",\"publisher\":{\"@id\":\"https:\\\/\\\/dge.qroo.gob.mx\\\/#organization\"},\"potentialAction\":[{\"@type\":\"SearchAction\",\"target\":{\"@type\":\"EntryPoint\",\"urlTemplate\":\"https:\\\/\\\/dge.qroo.gob.mx\\\/?s={search_term_string}\"},\"query-input\":{\"@type\":\"PropertyValueSpecification\",\"valueRequired\":true,\"valueName\":\"search_term_string\"}}],\"inLanguage\":\"es\"},{\"@type\":\"Organization\",\"@id\":\"https:\\\/\\\/dge.qroo.gob.mx\\\/#organization\",\"name\":\"Despacho de la Gubernatura de Quintana Roo\",\"url\":\"https:\\\/\\\/dge.qroo.gob.mx\\\/\",\"logo\":{\"@type\":\"ImageObject\",\"inLanguage\":\"es\",\"@id\":\"https:\\\/\\\/dge.qroo.gob.mx\\\/#\\\/schema\\\/logo\\\/image\\\/\",\"url\":\"https:\\\/\\\/dge.qroo.gob.mx\\\/wp-content\\\/uploads\\\/2026\\\/01\\\/DGROO-DESPACHO-DE-LA-GUBERNATURA-scaled.jpg\",\"contentUrl\":\"https:\\\/\\\/dge.qroo.gob.mx\\\/wp-content\\\/uploads\\\/2026\\\/01\\\/DGROO-DESPACHO-DE-LA-GUBERNATURA-scaled.jpg\",\"width\":2560,\"height\":619,\"caption\":\"Despacho de la Gubernatura de Quintana Roo\"},\"image\":{\"@id\":\"https:\\\/\\\/dge.qroo.gob.mx\\\/#\\\/schema\\\/logo\\\/image\\\/\"}}]}<\/script>\n<!-- \/ Yoast SEO plugin. -->","yoast_head_json":{"title":"NORMATIVIDAD - Despacho de la Gubernatura de Quintana Roo","robots":{"index":"index","follow":"follow","max-snippet":"max-snippet:-1","max-image-preview":"max-image-preview:large","max-video-preview":"max-video-preview:-1"},"canonical":"https:\/\/dge.qroo.gob.mx\/index.php\/normatividad\/","og_locale":"es_MX","og_type":"article","og_title":"NORMATIVIDAD - Despacho de la Gubernatura de Quintana Roo","og_description":"MARCO NORMATIVO CONSTITUCIONES TRATADOS INTERNACIONALES LEYES FEDERALES ESTATALES LINEAMIENTOS FEDERALES ESTATALES C\u00d3DIGOS ACUERDOS MANUALES REGLAS OTRAS DISPOSICIONES","og_url":"https:\/\/dge.qroo.gob.mx\/index.php\/normatividad\/","og_site_name":"Despacho de la Gubernatura de Quintana Roo","article_modified_time":"2026-04-10T22:14:16+00:00","twitter_card":"summary_large_image","twitter_misc":{"Tiempo de lectura":"5 minutos"},"schema":{"@context":"https:\/\/schema.org","@graph":[{"@type":"WebPage","@id":"https:\/\/dge.qroo.gob.mx\/index.php\/normatividad\/","url":"https:\/\/dge.qroo.gob.mx\/index.php\/normatividad\/","name":"NORMATIVIDAD - Despacho de la Gubernatura de Quintana Roo","isPartOf":{"@id":"https:\/\/dge.qroo.gob.mx\/#website"},"datePublished":"2024-08-20T20:28:39+00:00","dateModified":"2026-04-10T22:14:16+00:00","breadcrumb":{"@id":"https:\/\/dge.qroo.gob.mx\/index.php\/normatividad\/#breadcrumb"},"inLanguage":"es","potentialAction":[{"@type":"ReadAction","target":["https:\/\/dge.qroo.gob.mx\/index.php\/normatividad\/"]}]},{"@type":"BreadcrumbList","@id":"https:\/\/dge.qroo.gob.mx\/index.php\/normatividad\/#breadcrumb","itemListElement":[{"@type":"ListItem","position":1,"name":"Inicio","item":"https:\/\/dge.qroo.gob.mx\/"},{"@type":"ListItem","position":2,"name":"NORMATIVIDAD"}]},{"@type":"WebSite","@id":"https:\/\/dge.qroo.gob.mx\/#website","url":"https:\/\/dge.qroo.gob.mx\/","name":"Despacho de la Gubernatura de Quintana Roo","description":"","publisher":{"@id":"https:\/\/dge.qroo.gob.mx\/#organization"},"potentialAction":[{"@type":"SearchAction","target":{"@type":"EntryPoint","urlTemplate":"https:\/\/dge.qroo.gob.mx\/?s={search_term_string}"},"query-input":{"@type":"PropertyValueSpecification","valueRequired":true,"valueName":"search_term_string"}}],"inLanguage":"es"},{"@type":"Organization","@id":"https:\/\/dge.qroo.gob.mx\/#organization","name":"Despacho de la Gubernatura de Quintana Roo","url":"https:\/\/dge.qroo.gob.mx\/","logo":{"@type":"ImageObject","inLanguage":"es","@id":"https:\/\/dge.qroo.gob.mx\/#\/schema\/logo\/image\/","url":"https:\/\/dge.qroo.gob.mx\/wp-content\/uploads\/2026\/01\/DGROO-DESPACHO-DE-LA-GUBERNATURA-scaled.jpg","contentUrl":"https:\/\/dge.qroo.gob.mx\/wp-content\/uploads\/2026\/01\/DGROO-DESPACHO-DE-LA-GUBERNATURA-scaled.jpg","width":2560,"height":619,"caption":"Despacho de la Gubernatura de Quintana Roo"},"image":{"@id":"https:\/\/dge.qroo.gob.mx\/#\/schema\/logo\/image\/"}}]}},"_links":{"self":[{"href":"https:\/\/dge.qroo.gob.mx\/index.php\/wp-json\/wp\/v2\/pages\/36099","targetHints":{"allow":["GET"]}}],"collection":[{"href":"https:\/\/dge.qroo.gob.mx\/index.php\/wp-json\/wp\/v2\/pages"}],"about":[{"href":"https:\/\/dge.qroo.gob.mx\/index.php\/wp-json\/wp\/v2\/types\/page"}],"author":[{"embeddable":true,"href":"https:\/\/dge.qroo.gob.mx\/index.php\/wp-json\/wp\/v2\/users\/4"}],"replies":[{"embeddable":true,"href":"https:\/\/dge.qroo.gob.mx\/index.php\/wp-json\/wp\/v2\/comments?post=36099"}],"version-history":[{"count":94,"href":"https:\/\/dge.qroo.gob.mx\/index.php\/wp-json\/wp\/v2\/pages\/36099\/revisions"}],"predecessor-version":[{"id":39098,"href":"https:\/\/dge.qroo.gob.mx\/index.php\/wp-json\/wp\/v2\/pages\/36099\/revisions\/39098"}],"wp:attachment":[{"href":"https:\/\/dge.qroo.gob.mx\/index.php\/wp-json\/wp\/v2\/media?parent=36099"}],"curies":[{"name":"wp","href":"https:\/\/api.w.org\/{rel}","templated":true}]}}