{"id":36092,"date":"2024-08-20T15:26:06","date_gmt":"2024-08-20T20:26:06","guid":{"rendered":"https:\/\/dge.qroo.gob.mx\/?page_id=36092"},"modified":"2024-08-20T15:26:07","modified_gmt":"2024-08-20T20:26:07","slug":"excelencia-en-el-servicio-publico","status":"publish","type":"page","link":"https:\/\/dge.qroo.gob.mx\/index.php\/excelencia-en-el-servicio-publico\/","title":{"rendered":"EXCELENCIA EN EL SERVICIO P\u00daBLICO"},"content":{"rendered":"\n<hr class=\"wp-block-separator has-alpha-channel-opacity\"\/>\n\n\n\n<blockquote class=\"wp-block-quote is-layout-flow wp-block-quote-is-layout-flow\">\n<p>La oficina del Despacho de la Gobernadora recibe distintivo\u00a0de \u201cExcelencia en el Servicio P\u00fablico\u201d<\/p>\n\n\n\n<p><em>Jueves, 23 de Noviembre de 2023<\/em><\/p>\n\n\n\n<figure class=\"wp-block-image size-large\"><img fetchpriority=\"high\" decoding=\"async\" width=\"1024\" height=\"452\" src=\"https:\/\/dge.qroo.gob.mx\/wp-content\/uploads\/2024\/08\/ESP_DGE-1024x452.jpeg\" alt=\"\" class=\"wp-image-36093\" srcset=\"https:\/\/dge.qroo.gob.mx\/wp-content\/uploads\/2024\/08\/ESP_DGE-1024x452.jpeg 1024w, https:\/\/dge.qroo.gob.mx\/wp-content\/uploads\/2024\/08\/ESP_DGE-300x133.jpeg 300w, https:\/\/dge.qroo.gob.mx\/wp-content\/uploads\/2024\/08\/ESP_DGE-768x339.jpeg 768w, https:\/\/dge.qroo.gob.mx\/wp-content\/uploads\/2024\/08\/ESP_DGE-1536x679.jpeg 1536w, https:\/\/dge.qroo.gob.mx\/wp-content\/uploads\/2024\/08\/ESP_DGE.jpeg 1600w\" sizes=\"(max-width: 1024px) 100vw, 1024px\" \/><\/figure>\n\n\n\n<p>La oficina del Despacho de la Gobernadora ubicada en el Palacio de Gobierno, la oficina de la\u00a0<a href=\"https:\/\/www.facebook.com\/STYPSQROO?__cft__[0]=AZVUBGBV03Cw_xsmsnP7e8N_06TXE26gGHE1MmuFlmHiky2UGLIwtr3o59VgUBIJtNhNhiK4l-Lpoy5IozVZJfBCTlDxQxB2-VQp95N2GXjTCYsZ8N9_EGEkOWqH4owuesueHG-szidWkLWo6sIykuNL&amp;__tn__=-]K-R\" target=\"_blank\" rel=\"noreferrer noopener\">Secretar\u00eda del Trabajo y Previsi\u00f3n Social Quintana Roo<\/a>, as\u00ed como las oficinas centrales del\u00a0<a href=\"https:\/\/www.facebook.com\/ifeqroo?__cft__[0]=AZVUBGBV03Cw_xsmsnP7e8N_06TXE26gGHE1MmuFlmHiky2UGLIwtr3o59VgUBIJtNhNhiK4l-Lpoy5IozVZJfBCTlDxQxB2-VQp95N2GXjTCYsZ8N9_EGEkOWqH4owuesueHG-szidWkLWo6sIykuNL&amp;__tn__=-]K-R\" target=\"_blank\" rel=\"noreferrer noopener\">IFEQROO<\/a>, las tres ubicadas en la capital del Estado, recibieron el distintivo correspondiente una vez que el grupo interdisciplinario conformado por servidores p\u00fablicos de\u00a0<a href=\"https:\/\/www.facebook.com\/sefiplan?__cft__[0]=AZVUBGBV03Cw_xsmsnP7e8N_06TXE26gGHE1MmuFlmHiky2UGLIwtr3o59VgUBIJtNhNhiK4l-Lpoy5IozVZJfBCTlDxQxB2-VQp95N2GXjTCYsZ8N9_EGEkOWqH4owuesueHG-szidWkLWo6sIykuNL&amp;__tn__=-]K-R\" target=\"_blank\" rel=\"noreferrer noopener\">Sefiplan Q. Roo<\/a>,\u00a0<a href=\"https:\/\/www.facebook.com\/cemer.qroo?__cft__[0]=AZVUBGBV03Cw_xsmsnP7e8N_06TXE26gGHE1MmuFlmHiky2UGLIwtr3o59VgUBIJtNhNhiK4l-Lpoy5IozVZJfBCTlDxQxB2-VQp95N2GXjTCYsZ8N9_EGEkOWqH4owuesueHG-szidWkLWo6sIykuNL&amp;__tn__=-]K-R\" target=\"_blank\" rel=\"noreferrer noopener\">Comisi\u00f3n Estatal de Mejora Regulatoria QROO<\/a>, Protecci\u00f3n Civil del Estado,\u00a0<a href=\"https:\/\/www.facebook.com\/hashtag\/secoes?__eep__=6&amp;__cft__[0]=AZVUBGBV03Cw_xsmsnP7e8N_06TXE26gGHE1MmuFlmHiky2UGLIwtr3o59VgUBIJtNhNhiK4l-Lpoy5IozVZJfBCTlDxQxB2-VQp95N2GXjTCYsZ8N9_EGEkOWqH4owuesueHG-szidWkLWo6sIykuNL&amp;__tn__=*NK-R\" target=\"_blank\" rel=\"noreferrer noopener\">#SECOES<\/a>\u00a0y por la ciudadan\u00eda corrobor\u00f3 el cumplimiento de todos los par\u00e1metros.<\/p>\n\n\n\n<p>Este programa impulsado por el Gobierno del Estado, a trav\u00e9s de\u00a0<a href=\"https:\/\/www.facebook.com\/hashtag\/secoes?__eep__=6&amp;__cft__[0]=AZVUBGBV03Cw_xsmsnP7e8N_06TXE26gGHE1MmuFlmHiky2UGLIwtr3o59VgUBIJtNhNhiK4l-Lpoy5IozVZJfBCTlDxQxB2-VQp95N2GXjTCYsZ8N9_EGEkOWqH4owuesueHG-szidWkLWo6sIykuNL&amp;__tn__=*NK-R\" target=\"_blank\" rel=\"noreferrer noopener\">#SECOES<\/a>, tiene como objetivo lograr que la ciudadan\u00eda reconozca en este gobierno, el compromiso de brindar un Servicio P\u00fablico de excelencia; con servidoras y servidores p\u00fablicos que trabajen con eficiencia, eficacia, honradez y pleno respeto a los derechos humanos, adem\u00e1s de impulsar un gobierno abierto, en el que las y los quintanarroenses participen en las acciones de gobierno y en la medici\u00f3n de los resultados obtenidos.<\/p>\n<cite>PADR\u00d3N DE OFICINAS ACREDITADAS:\u00a0<a href=\"http:\/\/excelenciaenelserviciopublico.qroo.gob.mx\/sitio\/\">http:\/\/excelenciaenelserviciopublico.qroo.gob.mx\/sitio\/<\/a><\/cite><\/blockquote>\n\n\n\n<figure class=\"wp-block-gallery has-nested-images columns-default is-cropped wp-block-gallery-1 is-layout-flex wp-block-gallery-is-layout-flex\">\n<figure class=\"wp-block-image size-large\"><img decoding=\"async\" width=\"1024\" height=\"682\" data-id=\"36097\" src=\"https:\/\/dge.qroo.gob.mx\/wp-content\/uploads\/2024\/08\/ESP_DGE_4-1024x682.jpeg\" alt=\"\" class=\"wp-image-36097\" srcset=\"https:\/\/dge.qroo.gob.mx\/wp-content\/uploads\/2024\/08\/ESP_DGE_4-1024x682.jpeg 1024w, https:\/\/dge.qroo.gob.mx\/wp-content\/uploads\/2024\/08\/ESP_DGE_4-300x200.jpeg 300w, https:\/\/dge.qroo.gob.mx\/wp-content\/uploads\/2024\/08\/ESP_DGE_4-768x512.jpeg 768w, https:\/\/dge.qroo.gob.mx\/wp-content\/uploads\/2024\/08\/ESP_DGE_4-1536x1023.jpeg 1536w, https:\/\/dge.qroo.gob.mx\/wp-content\/uploads\/2024\/08\/ESP_DGE_4.jpeg 1600w\" sizes=\"(max-width: 1024px) 100vw, 1024px\" \/><\/figure>\n\n\n\n<figure class=\"wp-block-image size-large\"><img decoding=\"async\" width=\"1024\" height=\"682\" data-id=\"36094\" src=\"https:\/\/dge.qroo.gob.mx\/wp-content\/uploads\/2024\/08\/ESP_DGE_3-1024x682.jpeg\" alt=\"\" class=\"wp-image-36094\" srcset=\"https:\/\/dge.qroo.gob.mx\/wp-content\/uploads\/2024\/08\/ESP_DGE_3-1024x682.jpeg 1024w, https:\/\/dge.qroo.gob.mx\/wp-content\/uploads\/2024\/08\/ESP_DGE_3-300x200.jpeg 300w, https:\/\/dge.qroo.gob.mx\/wp-content\/uploads\/2024\/08\/ESP_DGE_3-768x512.jpeg 768w, https:\/\/dge.qroo.gob.mx\/wp-content\/uploads\/2024\/08\/ESP_DGE_3-1536x1023.jpeg 1536w, https:\/\/dge.qroo.gob.mx\/wp-content\/uploads\/2024\/08\/ESP_DGE_3.jpeg 1600w\" sizes=\"(max-width: 1024px) 100vw, 1024px\" \/><\/figure>\n\n\n\n<figure class=\"wp-block-image size-large\"><img loading=\"lazy\" decoding=\"async\" width=\"1024\" height=\"682\" data-id=\"36095\" src=\"https:\/\/dge.qroo.gob.mx\/wp-content\/uploads\/2024\/08\/ESP_DGE_2-1024x682.jpeg\" alt=\"\" class=\"wp-image-36095\" srcset=\"https:\/\/dge.qroo.gob.mx\/wp-content\/uploads\/2024\/08\/ESP_DGE_2-1024x682.jpeg 1024w, https:\/\/dge.qroo.gob.mx\/wp-content\/uploads\/2024\/08\/ESP_DGE_2-300x200.jpeg 300w, https:\/\/dge.qroo.gob.mx\/wp-content\/uploads\/2024\/08\/ESP_DGE_2-768x512.jpeg 768w, https:\/\/dge.qroo.gob.mx\/wp-content\/uploads\/2024\/08\/ESP_DGE_2-1536x1023.jpeg 1536w, https:\/\/dge.qroo.gob.mx\/wp-content\/uploads\/2024\/08\/ESP_DGE_2.jpeg 1600w\" sizes=\"(max-width: 1024px) 100vw, 1024px\" \/><\/figure>\n\n\n\n<figure class=\"wp-block-image size-large\"><img loading=\"lazy\" decoding=\"async\" width=\"1024\" height=\"682\" data-id=\"36096\" src=\"https:\/\/dge.qroo.gob.mx\/wp-content\/uploads\/2024\/08\/ESP_DGE_1-1024x682.jpeg\" alt=\"\" class=\"wp-image-36096\" srcset=\"https:\/\/dge.qroo.gob.mx\/wp-content\/uploads\/2024\/08\/ESP_DGE_1-1024x682.jpeg 1024w, https:\/\/dge.qroo.gob.mx\/wp-content\/uploads\/2024\/08\/ESP_DGE_1-300x200.jpeg 300w, https:\/\/dge.qroo.gob.mx\/wp-content\/uploads\/2024\/08\/ESP_DGE_1-768x512.jpeg 768w, https:\/\/dge.qroo.gob.mx\/wp-content\/uploads\/2024\/08\/ESP_DGE_1-1536x1023.jpeg 1536w, https:\/\/dge.qroo.gob.mx\/wp-content\/uploads\/2024\/08\/ESP_DGE_1.jpeg 1600w\" sizes=\"(max-width: 1024px) 100vw, 1024px\" \/><\/figure>\n<\/figure>\n","protected":false},"excerpt":{"rendered":"","protected":false},"author":4,"featured_media":0,"parent":0,"menu_order":0,"comment_status":"closed","ping_status":"closed","template":"","meta":{"footnotes":""},"class_list":["post-36092","page","type-page","status-publish"],"yoast_head":"<!-- This site is optimized with the Yoast SEO plugin v27.4 - https:\/\/yoast.com\/product\/yoast-seo-wordpress\/ -->\n<title>EXCELENCIA EN EL SERVICIO P\u00daBLICO - Despacho de la Gubernatura de Quintana Roo<\/title>\n<meta name=\"robots\" content=\"index, follow, max-snippet:-1, max-image-preview:large, max-video-preview:-1\" \/>\n<link rel=\"canonical\" href=\"https:\/\/dge.qroo.gob.mx\/index.php\/excelencia-en-el-servicio-publico\/\" \/>\n<meta property=\"og:locale\" content=\"es_MX\" \/>\n<meta property=\"og:type\" content=\"article\" \/>\n<meta property=\"og:title\" content=\"EXCELENCIA EN EL SERVICIO P\u00daBLICO - Despacho de la Gubernatura de Quintana Roo\" \/>\n<meta property=\"og:url\" content=\"https:\/\/dge.qroo.gob.mx\/index.php\/excelencia-en-el-servicio-publico\/\" \/>\n<meta property=\"og:site_name\" content=\"Despacho de la Gubernatura de Quintana Roo\" \/>\n<meta property=\"article:modified_time\" content=\"2024-08-20T20:26:07+00:00\" \/>\n<meta property=\"og:image\" content=\"https:\/\/dge.qroo.gob.mx\/wp-content\/uploads\/2024\/08\/ESP_DGE-1024x452.jpeg\" \/>\n<meta name=\"twitter:card\" content=\"summary_large_image\" \/>\n<meta name=\"twitter:label1\" content=\"Tiempo de lectura\" \/>\n\t<meta name=\"twitter:data1\" content=\"1 minuto\" \/>\n<script type=\"application\/ld+json\" class=\"yoast-schema-graph\">{\"@context\":\"https:\\\/\\\/schema.org\",\"@graph\":[{\"@type\":\"WebPage\",\"@id\":\"https:\\\/\\\/dge.qroo.gob.mx\\\/index.php\\\/excelencia-en-el-servicio-publico\\\/\",\"url\":\"https:\\\/\\\/dge.qroo.gob.mx\\\/index.php\\\/excelencia-en-el-servicio-publico\\\/\",\"name\":\"EXCELENCIA EN EL SERVICIO P\u00daBLICO - Despacho de la Gubernatura de Quintana Roo\",\"isPartOf\":{\"@id\":\"https:\\\/\\\/dge.qroo.gob.mx\\\/#website\"},\"primaryImageOfPage\":{\"@id\":\"https:\\\/\\\/dge.qroo.gob.mx\\\/index.php\\\/excelencia-en-el-servicio-publico\\\/#primaryimage\"},\"image\":{\"@id\":\"https:\\\/\\\/dge.qroo.gob.mx\\\/index.php\\\/excelencia-en-el-servicio-publico\\\/#primaryimage\"},\"thumbnailUrl\":\"https:\\\/\\\/dge.qroo.gob.mx\\\/wp-content\\\/uploads\\\/2024\\\/08\\\/ESP_DGE-1024x452.jpeg\",\"datePublished\":\"2024-08-20T20:26:06+00:00\",\"dateModified\":\"2024-08-20T20:26:07+00:00\",\"breadcrumb\":{\"@id\":\"https:\\\/\\\/dge.qroo.gob.mx\\\/index.php\\\/excelencia-en-el-servicio-publico\\\/#breadcrumb\"},\"inLanguage\":\"es\",\"potentialAction\":[{\"@type\":\"ReadAction\",\"target\":[\"https:\\\/\\\/dge.qroo.gob.mx\\\/index.php\\\/excelencia-en-el-servicio-publico\\\/\"]}]},{\"@type\":\"ImageObject\",\"inLanguage\":\"es\",\"@id\":\"https:\\\/\\\/dge.qroo.gob.mx\\\/index.php\\\/excelencia-en-el-servicio-publico\\\/#primaryimage\",\"url\":\"https:\\\/\\\/dge.qroo.gob.mx\\\/wp-content\\\/uploads\\\/2024\\\/08\\\/ESP_DGE.jpeg\",\"contentUrl\":\"https:\\\/\\\/dge.qroo.gob.mx\\\/wp-content\\\/uploads\\\/2024\\\/08\\\/ESP_DGE.jpeg\",\"width\":1600,\"height\":707},{\"@type\":\"BreadcrumbList\",\"@id\":\"https:\\\/\\\/dge.qroo.gob.mx\\\/index.php\\\/excelencia-en-el-servicio-publico\\\/#breadcrumb\",\"itemListElement\":[{\"@type\":\"ListItem\",\"position\":1,\"name\":\"Inicio\",\"item\":\"https:\\\/\\\/dge.qroo.gob.mx\\\/\"},{\"@type\":\"ListItem\",\"position\":2,\"name\":\"EXCELENCIA EN EL SERVICIO P\u00daBLICO\"}]},{\"@type\":\"WebSite\",\"@id\":\"https:\\\/\\\/dge.qroo.gob.mx\\\/#website\",\"url\":\"https:\\\/\\\/dge.qroo.gob.mx\\\/\",\"name\":\"Despacho de la Gubernatura de Quintana Roo\",\"description\":\"\",\"publisher\":{\"@id\":\"https:\\\/\\\/dge.qroo.gob.mx\\\/#organization\"},\"potentialAction\":[{\"@type\":\"SearchAction\",\"target\":{\"@type\":\"EntryPoint\",\"urlTemplate\":\"https:\\\/\\\/dge.qroo.gob.mx\\\/?s={search_term_string}\"},\"query-input\":{\"@type\":\"PropertyValueSpecification\",\"valueRequired\":true,\"valueName\":\"search_term_string\"}}],\"inLanguage\":\"es\"},{\"@type\":\"Organization\",\"@id\":\"https:\\\/\\\/dge.qroo.gob.mx\\\/#organization\",\"name\":\"Despacho de la Gubernatura de Quintana Roo\",\"url\":\"https:\\\/\\\/dge.qroo.gob.mx\\\/\",\"logo\":{\"@type\":\"ImageObject\",\"inLanguage\":\"es\",\"@id\":\"https:\\\/\\\/dge.qroo.gob.mx\\\/#\\\/schema\\\/logo\\\/image\\\/\",\"url\":\"https:\\\/\\\/dge.qroo.gob.mx\\\/wp-content\\\/uploads\\\/2026\\\/01\\\/DGROO-DESPACHO-DE-LA-GUBERNATURA-scaled.jpg\",\"contentUrl\":\"https:\\\/\\\/dge.qroo.gob.mx\\\/wp-content\\\/uploads\\\/2026\\\/01\\\/DGROO-DESPACHO-DE-LA-GUBERNATURA-scaled.jpg\",\"width\":2560,\"height\":619,\"caption\":\"Despacho de la Gubernatura de Quintana Roo\"},\"image\":{\"@id\":\"https:\\\/\\\/dge.qroo.gob.mx\\\/#\\\/schema\\\/logo\\\/image\\\/\"}}]}<\/script>\n<!-- \/ Yoast SEO plugin. -->","yoast_head_json":{"title":"EXCELENCIA EN EL SERVICIO P\u00daBLICO - Despacho de la Gubernatura de Quintana Roo","robots":{"index":"index","follow":"follow","max-snippet":"max-snippet:-1","max-image-preview":"max-image-preview:large","max-video-preview":"max-video-preview:-1"},"canonical":"https:\/\/dge.qroo.gob.mx\/index.php\/excelencia-en-el-servicio-publico\/","og_locale":"es_MX","og_type":"article","og_title":"EXCELENCIA EN EL SERVICIO P\u00daBLICO - Despacho de la Gubernatura de Quintana Roo","og_url":"https:\/\/dge.qroo.gob.mx\/index.php\/excelencia-en-el-servicio-publico\/","og_site_name":"Despacho de la Gubernatura de Quintana Roo","article_modified_time":"2024-08-20T20:26:07+00:00","og_image":[{"url":"https:\/\/dge.qroo.gob.mx\/wp-content\/uploads\/2024\/08\/ESP_DGE-1024x452.jpeg","type":"","width":"","height":""}],"twitter_card":"summary_large_image","twitter_misc":{"Tiempo de lectura":"1 minuto"},"schema":{"@context":"https:\/\/schema.org","@graph":[{"@type":"WebPage","@id":"https:\/\/dge.qroo.gob.mx\/index.php\/excelencia-en-el-servicio-publico\/","url":"https:\/\/dge.qroo.gob.mx\/index.php\/excelencia-en-el-servicio-publico\/","name":"EXCELENCIA EN EL SERVICIO P\u00daBLICO - Despacho de la Gubernatura de Quintana Roo","isPartOf":{"@id":"https:\/\/dge.qroo.gob.mx\/#website"},"primaryImageOfPage":{"@id":"https:\/\/dge.qroo.gob.mx\/index.php\/excelencia-en-el-servicio-publico\/#primaryimage"},"image":{"@id":"https:\/\/dge.qroo.gob.mx\/index.php\/excelencia-en-el-servicio-publico\/#primaryimage"},"thumbnailUrl":"https:\/\/dge.qroo.gob.mx\/wp-content\/uploads\/2024\/08\/ESP_DGE-1024x452.jpeg","datePublished":"2024-08-20T20:26:06+00:00","dateModified":"2024-08-20T20:26:07+00:00","breadcrumb":{"@id":"https:\/\/dge.qroo.gob.mx\/index.php\/excelencia-en-el-servicio-publico\/#breadcrumb"},"inLanguage":"es","potentialAction":[{"@type":"ReadAction","target":["https:\/\/dge.qroo.gob.mx\/index.php\/excelencia-en-el-servicio-publico\/"]}]},{"@type":"ImageObject","inLanguage":"es","@id":"https:\/\/dge.qroo.gob.mx\/index.php\/excelencia-en-el-servicio-publico\/#primaryimage","url":"https:\/\/dge.qroo.gob.mx\/wp-content\/uploads\/2024\/08\/ESP_DGE.jpeg","contentUrl":"https:\/\/dge.qroo.gob.mx\/wp-content\/uploads\/2024\/08\/ESP_DGE.jpeg","width":1600,"height":707},{"@type":"BreadcrumbList","@id":"https:\/\/dge.qroo.gob.mx\/index.php\/excelencia-en-el-servicio-publico\/#breadcrumb","itemListElement":[{"@type":"ListItem","position":1,"name":"Inicio","item":"https:\/\/dge.qroo.gob.mx\/"},{"@type":"ListItem","position":2,"name":"EXCELENCIA EN EL SERVICIO P\u00daBLICO"}]},{"@type":"WebSite","@id":"https:\/\/dge.qroo.gob.mx\/#website","url":"https:\/\/dge.qroo.gob.mx\/","name":"Despacho de la Gubernatura de Quintana Roo","description":"","publisher":{"@id":"https:\/\/dge.qroo.gob.mx\/#organization"},"potentialAction":[{"@type":"SearchAction","target":{"@type":"EntryPoint","urlTemplate":"https:\/\/dge.qroo.gob.mx\/?s={search_term_string}"},"query-input":{"@type":"PropertyValueSpecification","valueRequired":true,"valueName":"search_term_string"}}],"inLanguage":"es"},{"@type":"Organization","@id":"https:\/\/dge.qroo.gob.mx\/#organization","name":"Despacho de la Gubernatura de Quintana Roo","url":"https:\/\/dge.qroo.gob.mx\/","logo":{"@type":"ImageObject","inLanguage":"es","@id":"https:\/\/dge.qroo.gob.mx\/#\/schema\/logo\/image\/","url":"https:\/\/dge.qroo.gob.mx\/wp-content\/uploads\/2026\/01\/DGROO-DESPACHO-DE-LA-GUBERNATURA-scaled.jpg","contentUrl":"https:\/\/dge.qroo.gob.mx\/wp-content\/uploads\/2026\/01\/DGROO-DESPACHO-DE-LA-GUBERNATURA-scaled.jpg","width":2560,"height":619,"caption":"Despacho de la Gubernatura de Quintana Roo"},"image":{"@id":"https:\/\/dge.qroo.gob.mx\/#\/schema\/logo\/image\/"}}]}},"_links":{"self":[{"href":"https:\/\/dge.qroo.gob.mx\/index.php\/wp-json\/wp\/v2\/pages\/36092","targetHints":{"allow":["GET"]}}],"collection":[{"href":"https:\/\/dge.qroo.gob.mx\/index.php\/wp-json\/wp\/v2\/pages"}],"about":[{"href":"https:\/\/dge.qroo.gob.mx\/index.php\/wp-json\/wp\/v2\/types\/page"}],"author":[{"embeddable":true,"href":"https:\/\/dge.qroo.gob.mx\/index.php\/wp-json\/wp\/v2\/users\/4"}],"replies":[{"embeddable":true,"href":"https:\/\/dge.qroo.gob.mx\/index.php\/wp-json\/wp\/v2\/comments?post=36092"}],"version-history":[{"count":1,"href":"https:\/\/dge.qroo.gob.mx\/index.php\/wp-json\/wp\/v2\/pages\/36092\/revisions"}],"predecessor-version":[{"id":36098,"href":"https:\/\/dge.qroo.gob.mx\/index.php\/wp-json\/wp\/v2\/pages\/36092\/revisions\/36098"}],"wp:attachment":[{"href":"https:\/\/dge.qroo.gob.mx\/index.php\/wp-json\/wp\/v2\/media?parent=36092"}],"curies":[{"name":"wp","href":"https:\/\/api.w.org\/{rel}","templated":true}]}}