{"id":36024,"date":"2024-08-19T16:45:23","date_gmt":"2024-08-19T21:45:23","guid":{"rendered":"https:\/\/dge.qroo.gob.mx\/?page_id=36024"},"modified":"2026-01-08T16:21:42","modified_gmt":"2026-01-08T21:21:42","slug":"avisos-de-privacidad","status":"publish","type":"page","link":"https:\/\/dge.qroo.gob.mx\/index.php\/avisos-de-privacidad\/","title":{"rendered":"AVISOS DE PRIVACIDAD"},"content":{"rendered":"\t\t<div data-elementor-type=\"wp-page\" data-elementor-id=\"36024\" class=\"elementor elementor-36024\">\n\t\t\t\t<div class=\"elementor-element elementor-element-32890719 e-flex e-con-boxed e-con e-parent\" data-id=\"32890719\" data-element_type=\"container\" data-e-type=\"container\">\n\t\t\t\t\t<div class=\"e-con-inner\">\n\t\t\t\t<div class=\"elementor-element elementor-element-e750d44 elementor-widget elementor-widget-text-editor\" data-id=\"e750d44\" data-element_type=\"widget\" data-e-type=\"widget\" data-widget_type=\"text-editor.default\">\n\t\t\t\t<div class=\"elementor-widget-container\">\n\t\t\t\t\t\t\t\t\t<figure class=\"wp-block-table aligncenter is-style-stripes\">\n<table>\n<thead>\n<tr>\n<th>AVISOS DE PRIVACIDAD<\/th>\n<th style=\"text-align: left;\">INTEGRAL&nbsp; &nbsp; &nbsp;<\/th>\n<th style=\"text-align: left;\">SIMPLIFICADO&nbsp; &nbsp; &nbsp; &nbsp;<\/th>\n<\/tr>\n<\/thead>\n<tbody>\n<tr>\n<td><strong>Aviso de privacidad para el apoyo escolar a los empleados<\/strong><\/td>\n<td><a href=\"https:\/\/dge.qroo.gob.mx\/wp-content\/uploads\/2024\/08\/1AVISO-INTEGRAL-PARA-EL-APOYO-ESCOLAR-A-LOS-EMPLEADOS.pdf\" target=\"_blank\" rel=\"noreferrer noopener\">VER<\/a><\/td>\n<td><a href=\"https:\/\/dge.qroo.gob.mx\/wp-content\/uploads\/2024\/08\/1AVISO-SIMPLIFICADO-PARA-EL-APOYO-ESCOLAR-A-LOS-EMPLEADOS-DEL-DGE.pdf\" target=\"_blank\" rel=\"noreferrer noopener\">VER<\/a><\/td>\n<\/tr>\n<tr>\n<td><strong>Aviso de privacidad para el apoyo de gastos funerarios<\/strong><\/td>\n<td><a href=\"https:\/\/dge.qroo.gob.mx\/wp-content\/uploads\/2024\/08\/2AVISO-INTEGRAL-PARA-EL-APOYO-DE-GASTOS-FUNERARIOS.pdf\" target=\"_blank\" rel=\"noreferrer noopener\">VER<\/a><\/td>\n<td><a href=\"https:\/\/dge.qroo.gob.mx\/wp-content\/uploads\/2024\/08\/2AVISO-SIMPLIFICADO-PARA-EL-APOYO-DE-GASTOS-FUNERARIOS.pdf\" target=\"_blank\" rel=\"noreferrer noopener\">VER<\/a><\/td>\n<\/tr>\n<tr>\n<td><strong>Aviso de privacidad para el apoyo de lentes a los empleados<\/strong><\/td>\n<td><a href=\"https:\/\/dge.qroo.gob.mx\/wp-content\/uploads\/2024\/08\/3AVISO-INTEGRAL-PARA-EL-APOYO-DE-LENTES-A-LOS-EMPLEADOS.pdf\" target=\"_blank\" rel=\"noreferrer noopener\">VER<\/a><\/td>\n<td><a href=\"https:\/\/dge.qroo.gob.mx\/wp-content\/uploads\/2024\/08\/3AVISO-SIMPLIFICADO-PARA-EL-APOYO-DE-LENTES-A-LOS-EMPLEADOS.pdf\" target=\"_blank\" rel=\"noreferrer noopener\">VER<\/a><\/td>\n<\/tr>\n<tr>\n<td><strong>Aviso de privacidad para el reloj checador<\/strong><\/td>\n<td><a href=\"https:\/\/dge.qroo.gob.mx\/wp-content\/uploads\/2024\/08\/4AVISO-INTEGRAL-PARA-EL-RELOJ-CHECADOR.pdf\" target=\"_blank\" rel=\"noreferrer noopener\">VER<\/a><\/td>\n<td><a href=\"https:\/\/dge.qroo.gob.mx\/wp-content\/uploads\/2024\/08\/4AVISO-SIMPLIFICADO-PARA-EL-RELOJ-CHECADOR-DEL-DGE.pdf\" target=\"_blank\" rel=\"noreferrer noopener\">VER<\/a><\/td>\n<\/tr>\n<tr>\n<td><strong>Aviso de privacidad para el tr\u00e1mite del seguro de vida de los empleados<\/strong><\/td>\n<td><a href=\"https:\/\/dge.qroo.gob.mx\/wp-content\/uploads\/2024\/08\/5AVISO-INTEGRAL-PARA-EL-TRAMITE-DEL-SEGURO-DE-VIDA-DE-LOS-EMPLEADOS.pdf\" target=\"_blank\" rel=\"noreferrer noopener\">VER<\/a><\/td>\n<td><a href=\"https:\/\/dge.qroo.gob.mx\/wp-content\/uploads\/2024\/08\/5AVISO-SIMPLIFICADO-PARA-EL-TRAMITE-DEL-SEGURO-DE-VIDA-DE-LOS-EMPLEADOS-DEL-DGE.pdf\" target=\"_blank\" rel=\"noreferrer noopener\">VER<\/a><\/td>\n<\/tr>\n<tr>\n<td><strong>Aviso de privacidad para integrar los expedientes del personal<\/strong><\/td>\n<td><a href=\"https:\/\/dge.qroo.gob.mx\/wp-content\/uploads\/2024\/08\/6AVISO-INTEGRAL-PARA-INTEGRAR-LOS-EXPEDIENTES-DEL-PERSONAL.pdf\" target=\"_blank\" rel=\"noreferrer noopener\">VER<\/a><\/td>\n<td><a href=\"https:\/\/dge.qroo.gob.mx\/wp-content\/uploads\/2024\/08\/6AVISO-SIMPLIFICADO-PARA-INTEGRAR-LOS-EXPEDIENTES-DEL-PERSONAL-DEL-DGE.pdf\" target=\"_blank\" rel=\"noreferrer noopener\">VER<\/a><\/td>\n<\/tr>\n<tr>\n<td><strong>Aviso de privacidad para integrar los fondos revolventes otorgados al personal con nivel de coordinaci\u00f3n.<\/strong><\/td>\n<td><a href=\"https:\/\/dge.qroo.gob.mx\/wp-content\/uploads\/2024\/08\/7AVISO-INTEGRAL-PARA-INTEGRAR-LOS-FONDOS-REVOLVENTES-OTORGADOS-AL-PERSONAL.pdf\" target=\"_blank\" rel=\"noreferrer noopener\">VER<\/a><\/td>\n<td><a href=\"https:\/\/dge.qroo.gob.mx\/wp-content\/uploads\/2024\/08\/7AVISO-SIMPLIFICADO-PARA-INTEGRAR-LOS-FONDOS-REVOLVENTES.pdf\" target=\"_blank\" rel=\"noreferrer noopener\">VER<\/a><\/td>\n<\/tr>\n<tr>\n<td><strong>Aviso de privacidad para integrar los gastos a comprobar<\/strong><\/td>\n<td><a href=\"https:\/\/dge.qroo.gob.mx\/wp-content\/uploads\/2024\/08\/8AVISO-INTEGRAL-PARA-INTEGRAR-LOS-GASTOS-A-COMPROBAR.pdf\" target=\"_blank\" rel=\"noreferrer noopener\">VER<\/a><\/td>\n<td><a href=\"https:\/\/dge.qroo.gob.mx\/wp-content\/uploads\/2024\/08\/8AVISO-SIMPLIFICADO-PARA-INTEGRAR-LOS-GASTOS-A-COMPROBAR.pdf\" target=\"_blank\" rel=\"noreferrer noopener\">VER<\/a><\/td>\n<\/tr>\n<tr>\n<td><strong>Aviso de privacidad para las transferencias a las cuentas bancarias de los empleados<\/strong><\/td>\n<td><a href=\"https:\/\/dge.qroo.gob.mx\/wp-content\/uploads\/2024\/08\/9AVISO-INTEGRAL-PARA-LAS-TRANSFERENCIAS-A-LAS-CUENTAS.pdf\" target=\"_blank\" rel=\"noreferrer noopener\">VER<\/a><\/td>\n<td><a href=\"https:\/\/dge.qroo.gob.mx\/wp-content\/uploads\/2024\/08\/9AVISO-SIMPLIFICADO-PARA-LAS-TRANSFERENCIAS-A-LAS-CUENTAS-BANCARIAS-DE-LOS-EMPLEADOS.pdf\" target=\"_blank\" rel=\"noreferrer noopener\">VER<\/a><\/td>\n<\/tr>\n<tr>\n<td><strong>Aviso de privacidad para realizar las \u00f3rdenes de compra<\/strong><\/td>\n<td><a href=\"https:\/\/dge.qroo.gob.mx\/wp-content\/uploads\/2024\/08\/10AVISO-INTEGRAL-PARA-REALIZAR-LAS-ORDENES-DE-COMPRA.pdf\" target=\"_blank\" rel=\"noreferrer noopener\">VER<\/a><\/td>\n<td><a href=\"https:\/\/dge.qroo.gob.mx\/wp-content\/uploads\/2024\/08\/10AVISO-SIMPLIFICADO-PARA-REALIZAR-LAS-ORDENES-DE-COMPRA.pdf\" target=\"_blank\" rel=\"noreferrer noopener\">VER<\/a><\/td>\n<\/tr>\n<tr>\n<td><strong>Avisos de privacidad para el directorio<\/strong><\/td>\n<td><a href=\"https:\/\/dge.qroo.gob.mx\/wp-content\/uploads\/2024\/08\/11AVISO-INTEGRAL-PARA-EL-DIRECTORIO_0.pdf\" target=\"_blank\" rel=\"noopener\">VER<\/a><\/td>\n<td><a href=\"https:\/\/dge.qroo.gob.mx\/wp-content\/uploads\/2024\/08\/11AVISO-SIMPLIFICADO-PARA-EL-DIRECTORIO-DEL-DGE_0.pdf\" target=\"_blank\" rel=\"noopener\">VER<\/a><\/td>\n<\/tr>\n<tr>\n<td><strong>Avisos de privacidad para el registro de documentaci\u00f3n en el sistema de control de gesti\u00f3n<\/strong><\/td>\n<td><a href=\"https:\/\/dge.qroo.gob.mx\/wp-content\/uploads\/2024\/08\/12AVISO-INTEGRAL-PARA-EL-REGISTRO-DE-DOCUMENTACION-EN-EL-SISTEMA_0.pdf\" target=\"_blank\" rel=\"noopener\">VER<\/a><\/td>\n<td><a href=\"https:\/\/dge.qroo.gob.mx\/wp-content\/uploads\/2024\/08\/12AVISO-SIMPLIFICADO-PARA-EL-REGISTRO-DE-DOCUMENTACION-EN-EL-SISTEMA-DE-CONTROL-DE-GESTION_0.pdf\" target=\"_blank\" rel=\"noopener\">VER<\/a><\/td>\n<\/tr>\n<tr>\n<td><strong>Avisos de privacidad para la agenda<\/strong><\/td>\n<td><a href=\"https:\/\/dge.qroo.gob.mx\/wp-content\/uploads\/2024\/08\/13AVISO-INTEGRAL-PARA-LA-AGENDA_0.pdf\" target=\"_blank\" rel=\"noopener\">VER<\/a><\/td>\n<td><a href=\"https:\/\/dge.qroo.gob.mx\/wp-content\/uploads\/2024\/08\/13AVISO-SIMPLIFICADO-PARA-LA-AGENDA-DEL-DGE_0.pdf\" target=\"_blank\" rel=\"noopener\">VER<\/a><\/td>\n<\/tr>\n<tr>\n<td><strong>Avisos de privacidad para la lista de asistencia de las reuniones a las que convoca la Secretar\u00eda Particular de la Gobernadora<\/strong><\/td>\n<td><a href=\"https:\/\/dge.qroo.gob.mx\/wp-content\/uploads\/2024\/08\/14AVISO-INTEGRAL-PARA-LA-LISTA-DE-ASISTENCIA-DE-LAS-REUNIONES_0.pdf\" target=\"_blank\" rel=\"noopener\">VER<\/a><\/td>\n<td><a href=\"https:\/\/dge.qroo.gob.mx\/wp-content\/uploads\/2024\/08\/14AVISO-SIMPLIFICADO-PARA-LA-LISTA-DE-ASISTENCIA-DE-LAS-REUNIONES-A-LAS-QUE-CONVOCA-LA-SECRETARIA-PARTICULAR_0.pdf\" target=\"_blank\" rel=\"noopener\">VER<\/a><\/td>\n<\/tr>\n<tr>\n<td><strong>Avisos de privacidad para la solicitud de audiencias a trav\u00e9s de la Secretar\u00eda Particular de la Gobernadora<\/strong><\/td>\n<td><a href=\"https:\/\/dge.qroo.gob.mx\/wp-content\/uploads\/2024\/08\/15AVISO-INTEGRAL-PARA-LA-SOLICITUD-DE-AUDIENCIAS-A-TRAVES_0.pdf\" target=\"_blank\" rel=\"noopener\">VER<\/a><\/td>\n<td><a href=\"https:\/\/dge.qroo.gob.mx\/wp-content\/uploads\/2024\/08\/15AVISO-SIMPLIFICADO-PARA-LA-SOLICITUD-DE-AUDIENCIAS-A-TRAVES-DE-LA-SECRETARIA-PARTICULAR_0.pdf\" target=\"_blank\" rel=\"noopener\">VER<\/a><\/td>\n<\/tr>\n<tr>\n<td><strong>Avisos de privacidad para las invitaciones<\/strong><\/td>\n<td><a href=\"https:\/\/dge.qroo.gob.mx\/wp-content\/uploads\/2024\/08\/16AVISO-INTEGRAL-PARA-LAS-INVITACIONES_0.pdf\" target=\"_blank\" rel=\"noopener\">VER<\/a><\/td>\n<td><a href=\"https:\/\/dge.qroo.gob.mx\/wp-content\/uploads\/2024\/08\/16AVISO-SIMPLIFICADO-PARA-LAS-INVITACIONES-DEL-DGE_0.pdf\" target=\"_blank\" rel=\"noopener\">VER<\/a><\/td>\n<\/tr>\n<tr>\n<td><strong>Avisos de privacidad para las peticiones y quejas<\/strong><\/td>\n<td><a href=\"https:\/\/dge.qroo.gob.mx\/wp-content\/uploads\/2024\/08\/17AVISO-INTEGRAL-PARA-LAS-PETICIONES-Y-QUEJAS_0.pdf\" target=\"_blank\" rel=\"noopener\">VER<\/a><\/td>\n<td><a href=\"https:\/\/dge.qroo.gob.mx\/wp-content\/uploads\/2024\/08\/17AVISO-SIMPLIFICADO-PARA-LAS-PETICIONES-Y-QUEJAS_0.pdf\" target=\"_blank\" rel=\"noopener\">VER<\/a><\/td>\n<\/tr>\n<tr>\n<td><strong>Avisos de privacidad para Fichas T\u00e9cnicas de Eventos<\/strong><\/td>\n<td><a href=\"https:\/\/dge.qroo.gob.mx\/wp-content\/uploads\/2024\/08\/18AVISO-INTEGRAL-PARA-FICHAS-TECNICAS-DE-EVENTOS_0.pdf\" target=\"_blank\" rel=\"noopener\">VER<\/a><\/td>\n<td><a href=\"https:\/\/dge.qroo.gob.mx\/wp-content\/uploads\/2024\/08\/18AVISO-SIMPLIFICADO-PARA-FICHAS-TECNICAS-DE-EVENTOS_0.pdf\" target=\"_blank\" rel=\"noopener\">VER<\/a><\/td>\n<\/tr>\n<tr>\n<td><strong>Avisos de privacidad para el listado de los cursos a los que asiste el personal<\/strong><\/td>\n<td><a href=\"https:\/\/dge.qroo.gob.mx\/wp-content\/uploads\/2024\/08\/19AVISO-INTEGRAL-PARA-EL-LISTADO-DE-LOS-CURSOS-A-LOS-QUE-ASISTE-EL-PERSONAL-1.pdf\" target=\"_blank\" rel=\"noopener\">VER<\/a><\/td>\n<td><a href=\"https:\/\/dge.qroo.gob.mx\/wp-content\/uploads\/2024\/08\/19AVISO-SIMPLIFICADO-PARA-EL-LISTADO-DE-LOS-CURSOS-A-LOS-QUE-ASISTE-EL-PERSONAL_0.pdf\" target=\"_blank\" rel=\"noopener\">VER<\/a><\/td>\n<\/tr>\n<tr>\n<td><strong>Avisos de privacidad para el registro de permisos del personal.<\/strong><\/td>\n<td><a href=\"https:\/\/dge.qroo.gob.mx\/wp-content\/uploads\/2024\/08\/20AVISO-INTEGRAL-PARA-EL-REGISTRO-DE-PERMISOS-DEL-PERSONAL-1.pdf\" target=\"_blank\" rel=\"noopener\">VER<\/a><\/td>\n<td><a href=\"https:\/\/dge.qroo.gob.mx\/wp-content\/uploads\/2024\/08\/20AVISO-SIMPLIFICADO-PARA-EL-REGISTRO-DE-PERMISOS-DEL-PERSONAL_0.pdf\" target=\"_blank\" rel=\"noopener\">VER<\/a><\/td>\n<\/tr>\n<tr>\n<td><strong>Avisos de privacidad para eventos masivos<\/strong><\/td>\n<td><a href=\"https:\/\/dge.qroo.gob.mx\/wp-content\/uploads\/2024\/08\/21AVISO-INTEGRAL-PARA-EVENTOS-MASIVOS-1.pdf\" target=\"_blank\" rel=\"noopener\">VER<\/a><\/td>\n<td><a href=\"https:\/\/dge.qroo.gob.mx\/wp-content\/uploads\/2024\/08\/21AVISO-SIMPLIFICADO-PARA-EVENTOS-MASIVOS._0.pdf\" target=\"_blank\" rel=\"noopener\">VER<\/a><\/td>\n<\/tr>\n<tr>\n<td><strong>Avisos de privacidad para las acciones de capacitaci\u00f3n de la Unidad de Transparencia, Acceso a la Informaci\u00f3n P\u00fablica y Protecci\u00f3n de Datos Personales<\/strong><\/td>\n<td><a href=\"https:\/\/dge.qroo.gob.mx\/wp-content\/uploads\/2024\/08\/22AVISO-INTEGRAL-PARA-LAS-ACCIONES-DE-CAPACITACION-DE-LA-UTAIPPDP-1.pdf\" target=\"_blank\" rel=\"noopener\">VER<\/a><\/td>\n<td><a href=\"https:\/\/dge.qroo.gob.mx\/wp-content\/uploads\/2024\/08\/22AVISO-SIMPLIFICADO-PARA-LAS-ACCIONES-DE-CAPACITACION-DE-LA-UTAIPPDP_0.pdf\" target=\"_blank\" rel=\"noopener\">VER<\/a><\/td>\n<\/tr>\n<tr>\n<td><strong>Avisos de privacidad para las solicitudes de informaci\u00f3n p\u00fablica.<\/strong><\/td>\n<td><a href=\"https:\/\/dge.qroo.gob.mx\/wp-content\/uploads\/2024\/08\/23AVISO-INTEGRAL-PARA-LAS-SOLICITUDES-DE-INFORMACION-PUBLICA-1.pdf\" target=\"_blank\" rel=\"noopener\">VER<\/a><\/td>\n<td><a href=\"https:\/\/dge.qroo.gob.mx\/wp-content\/uploads\/2024\/08\/23AVISO-SIMPLIFICADO-PARA-LAS-SOLICITUDES-DE-INFORMACION-PUBLICA_0.pdf\" target=\"_blank\" rel=\"noopener\">VER<\/a><\/td>\n<\/tr>\n<tr>\n<td><strong>Avisos de privacidad para las solicitudes de los derechos ARCOP.<\/strong><\/td>\n<td><a href=\"https:\/\/dge.qroo.gob.mx\/wp-content\/uploads\/2024\/08\/24AVISO-INTEGRAL-PARA-LAS-SOLICITUDES-DE-LOS-DERECHOS-ARCOP-1.pdf\" target=\"_blank\" rel=\"noopener\">VER<\/a><\/td>\n<td><a href=\"https:\/\/dge.qroo.gob.mx\/wp-content\/uploads\/2024\/08\/24AVISO-SIMPLIFICADO-PARA-LAS-SOLICITUDES-DE-LOS-DERECHOS-ARCOP_0.pdf\" target=\"_blank\" rel=\"noopener\">VER<\/a><\/td>\n<\/tr>\n<tr>\n<td><strong>Avisos de privacidad para las audiencias p\u00fablicas que realice la gobernadora del estado.<\/strong><\/td>\n<td><a href=\"https:\/\/dge.qroo.gob.mx\/wp-content\/uploads\/2024\/12\/AVISO-INTEGRAL-PARA-LAS-AUDIENCIAS-PU\u0301BLICAS-QUE-REALICE-LA-GOBERNADORA-DEL-ESTADO.pdf\" target=\"_blank\" rel=\"noopener\">VER<\/a><\/td>\n<td><a href=\"https:\/\/dge.qroo.gob.mx\/wp-content\/uploads\/2024\/12\/AVISO-SIMPLIFICADO-PARA-LAS-AUDIENCIAS-PU\u0301BLICAS-QUE-REALICE-LA-GOBERNADORA.pdf\" target=\"_blank\" rel=\"noopener\">VER<\/a><\/td>\n<\/tr>\n<tr>\n<td><strong>Avisos de privacidad para el registro de asistencia de los invitados a las reuniones celebradas en la Oficina de la Gobernadora<\/strong><\/td>\n<td><a href=\"https:\/\/dge.qroo.gob.mx\/wp-content\/uploads\/2025\/02\/AVISO-INTEGRAL-REUNIONES-DE-LA-OG-.pdf\" target=\"_blank\" rel=\"noopener\">VER<\/a><\/td>\n<td><a href=\"https:\/\/dge.qroo.gob.mx\/wp-content\/uploads\/2025\/02\/AVISO-SIMPLIFICADO-PARA-LAS-REUNIONES-DE-LA-OG.pdf\" target=\"_blank\" rel=\"noopener\">VER<\/a><\/td>\n<\/tr>\n<tr>\n<td><strong>Avisos de privacidad para las fichas t\u00e9cnicas de los eventos en los que se requiera la presencia de la Gobernadora del Estado<\/strong><\/td>\n<td><a href=\"https:\/\/dge.qroo.gob.mx\/wp-content\/uploads\/2025\/04\/Aviso-de-privacidad-integral-para-las-fichas-tecnicas-de-los-eventos-en-los-que-se-requiera-la-presencia-de-la-Gobernadora-del-Estado.pdf\" target=\"_blank\" rel=\"noopener\">VER<\/a><\/td>\n<td><a href=\"https:\/\/dge.qroo.gob.mx\/wp-content\/uploads\/2025\/04\/Aviso-de-privacidad-simplificado-para-las-fichas-tecnicas-de-los-eventos-en-los-que-se-requiera-la-presencia-de-la-Gobernadora-del-Estado.pdf\" target=\"_blank\" rel=\"noopener\">VER<\/a><\/td>\n<\/tr>\n<tr>\n<td><strong>Avisos de privacidad para las fichas t\u00e9cnicas de las reuniones privadas con la Gobernadora del Estado<\/strong><\/td>\n<td><a href=\"https:\/\/dge.qroo.gob.mx\/wp-content\/uploads\/2025\/04\/Aviso-de-privacidad-integral-para-las-fichas-tecnicas-de-las-reuniones-privadas-con-la-Gobernadora-del-Estado.pdf\" target=\"_blank\" rel=\"noopener\">VER<\/a><\/td>\n<td><a href=\"https:\/\/dge.qroo.gob.mx\/wp-content\/uploads\/2025\/04\/Aviso-de-privacidad-simplificado-para-las-fichas-tecnicas-de-las-reuniones-privadas-con-la-Gobernadora-del-Estado.pdf\" target=\"_blank\" rel=\"noopener\">VER<\/a><\/td>\n<\/tr>\n<tr>\n<td><strong>Avisos de privacidad para el registro de los datos que se proporcionen en el censo de Protecci\u00f3n Civil DGE 2025<\/strong><\/td>\n<td><a href=\"https:\/\/dge.qroo.gob.mx\/wp-content\/uploads\/2025\/04\/Aviso-de-privacidad-integral-para-el-registro-de-los-datos-que-se-proporcionen-en-el-Censo-de-Proteccion-Civil-DGE-2025.pdf\" target=\"_blank\" rel=\"noopener\">VER<\/a><\/td>\n<td>VER<\/td>\n<\/tr>\n<\/tbody>\n<\/table>\n<\/figure>\n<p><!-- \/wp:table --><\/p>\t\t\t\t\t\t\t\t<\/div>\n\t\t\t\t<\/div>\n\t\t\t\t\t<\/div>\n\t\t\t\t<\/div>\n\t\t\t\t<\/div>\n\t\t","protected":false},"excerpt":{"rendered":"<p>AVISOS DE PRIVACIDAD INTEGRAL&nbsp; &nbsp; &nbsp; SIMPLIFICADO&nbsp; &nbsp; &nbsp; &nbsp; Aviso de privacidad para el apoyo escolar a los empleados VER VER Aviso de privacidad para el apoyo de gastos funerarios VER VER Aviso de privacidad para el apoyo de lentes a los empleados VER VER Aviso de privacidad para el reloj checador VER VER &#8230; <a title=\"AVISOS DE PRIVACIDAD\" class=\"read-more\" href=\"https:\/\/dge.qroo.gob.mx\/index.php\/avisos-de-privacidad\/\" aria-label=\"Leer m\u00e1s sobre AVISOS DE PRIVACIDAD\">Leer m\u00e1s<\/a><\/p>\n","protected":false},"author":4,"featured_media":0,"parent":0,"menu_order":0,"comment_status":"closed","ping_status":"closed","template":"","meta":{"footnotes":""},"class_list":["post-36024","page","type-page","status-publish"],"yoast_head":"<!-- This site is optimized with the Yoast SEO plugin v27.4 - https:\/\/yoast.com\/product\/yoast-seo-wordpress\/ -->\n<title>AVISOS DE PRIVACIDAD - Despacho de la Gubernatura de Quintana Roo<\/title>\n<meta name=\"robots\" content=\"index, follow, max-snippet:-1, max-image-preview:large, max-video-preview:-1\" \/>\n<link rel=\"canonical\" href=\"https:\/\/dge.qroo.gob.mx\/index.php\/avisos-de-privacidad\/\" \/>\n<meta property=\"og:locale\" content=\"es_MX\" \/>\n<meta property=\"og:type\" content=\"article\" \/>\n<meta property=\"og:title\" content=\"AVISOS DE PRIVACIDAD - Despacho de la Gubernatura de Quintana Roo\" \/>\n<meta property=\"og:description\" content=\"AVISOS DE PRIVACIDAD INTEGRAL&nbsp; &nbsp; &nbsp; SIMPLIFICADO&nbsp; &nbsp; &nbsp; &nbsp; Aviso de privacidad para el apoyo escolar a los empleados VER VER Aviso de privacidad para el apoyo de gastos funerarios VER VER Aviso de privacidad para el apoyo de lentes a los empleados VER VER Aviso de privacidad para el reloj checador VER VER ... Leer m\u00e1s\" \/>\n<meta property=\"og:url\" content=\"https:\/\/dge.qroo.gob.mx\/index.php\/avisos-de-privacidad\/\" \/>\n<meta property=\"og:site_name\" content=\"Despacho de la Gubernatura de Quintana Roo\" \/>\n<meta property=\"article:modified_time\" content=\"2026-01-08T21:21:42+00:00\" \/>\n<meta name=\"twitter:card\" content=\"summary_large_image\" \/>\n<meta name=\"twitter:label1\" content=\"Tiempo de lectura\" \/>\n\t<meta name=\"twitter:data1\" content=\"2 minutos\" \/>\n<script type=\"application\/ld+json\" class=\"yoast-schema-graph\">{\"@context\":\"https:\\\/\\\/schema.org\",\"@graph\":[{\"@type\":\"WebPage\",\"@id\":\"https:\\\/\\\/dge.qroo.gob.mx\\\/index.php\\\/avisos-de-privacidad\\\/\",\"url\":\"https:\\\/\\\/dge.qroo.gob.mx\\\/index.php\\\/avisos-de-privacidad\\\/\",\"name\":\"AVISOS DE PRIVACIDAD - Despacho de la Gubernatura de Quintana Roo\",\"isPartOf\":{\"@id\":\"https:\\\/\\\/dge.qroo.gob.mx\\\/#website\"},\"datePublished\":\"2024-08-19T21:45:23+00:00\",\"dateModified\":\"2026-01-08T21:21:42+00:00\",\"breadcrumb\":{\"@id\":\"https:\\\/\\\/dge.qroo.gob.mx\\\/index.php\\\/avisos-de-privacidad\\\/#breadcrumb\"},\"inLanguage\":\"es\",\"potentialAction\":[{\"@type\":\"ReadAction\",\"target\":[\"https:\\\/\\\/dge.qroo.gob.mx\\\/index.php\\\/avisos-de-privacidad\\\/\"]}]},{\"@type\":\"BreadcrumbList\",\"@id\":\"https:\\\/\\\/dge.qroo.gob.mx\\\/index.php\\\/avisos-de-privacidad\\\/#breadcrumb\",\"itemListElement\":[{\"@type\":\"ListItem\",\"position\":1,\"name\":\"Inicio\",\"item\":\"https:\\\/\\\/dge.qroo.gob.mx\\\/\"},{\"@type\":\"ListItem\",\"position\":2,\"name\":\"AVISOS DE PRIVACIDAD\"}]},{\"@type\":\"WebSite\",\"@id\":\"https:\\\/\\\/dge.qroo.gob.mx\\\/#website\",\"url\":\"https:\\\/\\\/dge.qroo.gob.mx\\\/\",\"name\":\"Despacho de la Gubernatura de Quintana Roo\",\"description\":\"\",\"publisher\":{\"@id\":\"https:\\\/\\\/dge.qroo.gob.mx\\\/#organization\"},\"potentialAction\":[{\"@type\":\"SearchAction\",\"target\":{\"@type\":\"EntryPoint\",\"urlTemplate\":\"https:\\\/\\\/dge.qroo.gob.mx\\\/?s={search_term_string}\"},\"query-input\":{\"@type\":\"PropertyValueSpecification\",\"valueRequired\":true,\"valueName\":\"search_term_string\"}}],\"inLanguage\":\"es\"},{\"@type\":\"Organization\",\"@id\":\"https:\\\/\\\/dge.qroo.gob.mx\\\/#organization\",\"name\":\"Despacho de la Gubernatura de Quintana Roo\",\"url\":\"https:\\\/\\\/dge.qroo.gob.mx\\\/\",\"logo\":{\"@type\":\"ImageObject\",\"inLanguage\":\"es\",\"@id\":\"https:\\\/\\\/dge.qroo.gob.mx\\\/#\\\/schema\\\/logo\\\/image\\\/\",\"url\":\"https:\\\/\\\/dge.qroo.gob.mx\\\/wp-content\\\/uploads\\\/2026\\\/01\\\/DGROO-DESPACHO-DE-LA-GUBERNATURA-scaled.jpg\",\"contentUrl\":\"https:\\\/\\\/dge.qroo.gob.mx\\\/wp-content\\\/uploads\\\/2026\\\/01\\\/DGROO-DESPACHO-DE-LA-GUBERNATURA-scaled.jpg\",\"width\":2560,\"height\":619,\"caption\":\"Despacho de la Gubernatura de Quintana Roo\"},\"image\":{\"@id\":\"https:\\\/\\\/dge.qroo.gob.mx\\\/#\\\/schema\\\/logo\\\/image\\\/\"}}]}<\/script>\n<!-- \/ Yoast SEO plugin. -->","yoast_head_json":{"title":"AVISOS DE PRIVACIDAD - Despacho de la Gubernatura de Quintana Roo","robots":{"index":"index","follow":"follow","max-snippet":"max-snippet:-1","max-image-preview":"max-image-preview:large","max-video-preview":"max-video-preview:-1"},"canonical":"https:\/\/dge.qroo.gob.mx\/index.php\/avisos-de-privacidad\/","og_locale":"es_MX","og_type":"article","og_title":"AVISOS DE PRIVACIDAD - Despacho de la Gubernatura de Quintana Roo","og_description":"AVISOS DE PRIVACIDAD INTEGRAL&nbsp; &nbsp; &nbsp; SIMPLIFICADO&nbsp; &nbsp; &nbsp; &nbsp; Aviso de privacidad para el apoyo escolar a los empleados VER VER Aviso de privacidad para el apoyo de gastos funerarios VER VER Aviso de privacidad para el apoyo de lentes a los empleados VER VER Aviso de privacidad para el reloj checador VER VER ... Leer m\u00e1s","og_url":"https:\/\/dge.qroo.gob.mx\/index.php\/avisos-de-privacidad\/","og_site_name":"Despacho de la Gubernatura de Quintana Roo","article_modified_time":"2026-01-08T21:21:42+00:00","twitter_card":"summary_large_image","twitter_misc":{"Tiempo de lectura":"2 minutos"},"schema":{"@context":"https:\/\/schema.org","@graph":[{"@type":"WebPage","@id":"https:\/\/dge.qroo.gob.mx\/index.php\/avisos-de-privacidad\/","url":"https:\/\/dge.qroo.gob.mx\/index.php\/avisos-de-privacidad\/","name":"AVISOS DE PRIVACIDAD - Despacho de la Gubernatura de Quintana Roo","isPartOf":{"@id":"https:\/\/dge.qroo.gob.mx\/#website"},"datePublished":"2024-08-19T21:45:23+00:00","dateModified":"2026-01-08T21:21:42+00:00","breadcrumb":{"@id":"https:\/\/dge.qroo.gob.mx\/index.php\/avisos-de-privacidad\/#breadcrumb"},"inLanguage":"es","potentialAction":[{"@type":"ReadAction","target":["https:\/\/dge.qroo.gob.mx\/index.php\/avisos-de-privacidad\/"]}]},{"@type":"BreadcrumbList","@id":"https:\/\/dge.qroo.gob.mx\/index.php\/avisos-de-privacidad\/#breadcrumb","itemListElement":[{"@type":"ListItem","position":1,"name":"Inicio","item":"https:\/\/dge.qroo.gob.mx\/"},{"@type":"ListItem","position":2,"name":"AVISOS DE PRIVACIDAD"}]},{"@type":"WebSite","@id":"https:\/\/dge.qroo.gob.mx\/#website","url":"https:\/\/dge.qroo.gob.mx\/","name":"Despacho de la Gubernatura de Quintana Roo","description":"","publisher":{"@id":"https:\/\/dge.qroo.gob.mx\/#organization"},"potentialAction":[{"@type":"SearchAction","target":{"@type":"EntryPoint","urlTemplate":"https:\/\/dge.qroo.gob.mx\/?s={search_term_string}"},"query-input":{"@type":"PropertyValueSpecification","valueRequired":true,"valueName":"search_term_string"}}],"inLanguage":"es"},{"@type":"Organization","@id":"https:\/\/dge.qroo.gob.mx\/#organization","name":"Despacho de la Gubernatura de Quintana Roo","url":"https:\/\/dge.qroo.gob.mx\/","logo":{"@type":"ImageObject","inLanguage":"es","@id":"https:\/\/dge.qroo.gob.mx\/#\/schema\/logo\/image\/","url":"https:\/\/dge.qroo.gob.mx\/wp-content\/uploads\/2026\/01\/DGROO-DESPACHO-DE-LA-GUBERNATURA-scaled.jpg","contentUrl":"https:\/\/dge.qroo.gob.mx\/wp-content\/uploads\/2026\/01\/DGROO-DESPACHO-DE-LA-GUBERNATURA-scaled.jpg","width":2560,"height":619,"caption":"Despacho de la Gubernatura de Quintana Roo"},"image":{"@id":"https:\/\/dge.qroo.gob.mx\/#\/schema\/logo\/image\/"}}]}},"_links":{"self":[{"href":"https:\/\/dge.qroo.gob.mx\/index.php\/wp-json\/wp\/v2\/pages\/36024","targetHints":{"allow":["GET"]}}],"collection":[{"href":"https:\/\/dge.qroo.gob.mx\/index.php\/wp-json\/wp\/v2\/pages"}],"about":[{"href":"https:\/\/dge.qroo.gob.mx\/index.php\/wp-json\/wp\/v2\/types\/page"}],"author":[{"embeddable":true,"href":"https:\/\/dge.qroo.gob.mx\/index.php\/wp-json\/wp\/v2\/users\/4"}],"replies":[{"embeddable":true,"href":"https:\/\/dge.qroo.gob.mx\/index.php\/wp-json\/wp\/v2\/comments?post=36024"}],"version-history":[{"count":48,"href":"https:\/\/dge.qroo.gob.mx\/index.php\/wp-json\/wp\/v2\/pages\/36024\/revisions"}],"predecessor-version":[{"id":38393,"href":"https:\/\/dge.qroo.gob.mx\/index.php\/wp-json\/wp\/v2\/pages\/36024\/revisions\/38393"}],"wp:attachment":[{"href":"https:\/\/dge.qroo.gob.mx\/index.php\/wp-json\/wp\/v2\/media?parent=36024"}],"curies":[{"name":"wp","href":"https:\/\/api.w.org\/{rel}","templated":true}]}}